{"id":7667,"date":"2021-12-09T18:45:47","date_gmt":"2021-12-09T17:45:47","guid":{"rendered":"https:\/\/semmelweis.hu\/bioinformatika\/?page_id=7667"},"modified":"2023-05-05T14:43:17","modified_gmt":"2023-05-05T12:43:17","slug":"diagnosztikai-eszkozok-fejlesztese-betegektol-szarmazo-meresek-adatainak-felhasznalasaval","status":"publish","type":"page","link":"https:\/\/semmelweis.hu\/bioinformatika\/kutatas\/phd\/diagnosztikai-eszkozok-fejlesztese-betegektol-szarmazo-meresek-adatainak-felhasznalasaval\/","title":{"rendered":"Diagnosztikai eszk\u00f6z\u00f6k fejleszt\u00e9se"},"content":{"rendered":"<p style=\"text-align: center\"><strong>Diagnosztikai eszk\u00f6z\u00f6k fejleszt\u00e9se betegekt\u0151l sz\u00e1rmaz\u00f3 m\u00e9r\u00e9sek adatainak felhaszn\u00e1l\u00e1s\u00e1val<\/strong><\/p>\n<p>A k\u00fcl\u00f6nf\u00e9le tesztek, klinikai vizsg\u00e1latok sor\u00e1n hatalmas, ak\u00e1r t\u00f6bb sz\u00e1z param\u00e9tert tartalmaz\u00f3 heterog\u00e9n adathalmaz keletkezik minden p\u00e1ciensr\u0151l, melyekb\u0151l k\u00f6vetkeztetni lehet a klinikai kimenetre \u00e9s a betegek t\u00fal\u00e9l\u00e9s\u00e9re. Ezen adatok \u00e9rtelmez\u00e9se azonban m\u00e9ret\u00fckb\u0151l kifoly\u00f3lag nem rutinfeladat. A megfelel\u0151 bioinformatikai eszk\u00f6z\u00f6k azonban lehet\u0151v\u00e9 teszik ezen adatok diagnosztikai illetve prognosztikai c\u00e9l\u00fa kiakn\u00e1z\u00e1s\u00e1t. A kutat\u00e1s sor\u00e1n els\u0151sorban az onkol\u00f3gia ter\u00fclet\u00e9n v\u00e9gz\u00fcnk mesters\u00e9ges intelligencia alap\u00fa vizsg\u00e1latokat betegekb\u0151l sz\u00e1rmaz\u00f3 m\u00e9r\u00e9sek adatira t\u00e1maszkodva.<\/p>\n<p>A t\u00e9ma els\u0151sorban a bioinformatika \u00e9s a klinikai kutat\u00e1s ir\u00e1nt \u00e9rdekl\u0151d\u0151 hallgat\u00f3k sz\u00e1m\u00e1ra lehet \u00e9rdekes.\u00a0<\/p>\n<p>T\u00e9mavezet\u0151:\u00a0<a href=\"https:\/\/semmelweis.hu\/telefonkonyv\/?emp_id=16294\">Dr. Menyhart Ot\u00edlia\u00a0<\/a><\/p>\n","protected":false},"excerpt":{"rendered":"<p>Diagnosztikai eszk\u00f6z\u00f6k fejleszt\u00e9se betegekt\u0151l sz\u00e1rmaz\u00f3 m\u00e9r\u00e9sek adatainak felhaszn\u00e1l\u00e1s\u00e1val A k\u00fcl\u00f6nf\u00e9le tesztek, klinikai vizsg\u00e1latok sor\u00e1n hatalmas, ak\u00e1r t\u00f6bb sz\u00e1z param\u00e9tert tartalmaz\u00f3 heterog\u00e9n adathalmaz keletkezik minden p\u00e1ciensr\u0151l, melyekb\u0151l k\u00f6vetkeztetni lehet a klinikai kimenetre \u00e9s a betegek t\u00fal\u00e9l\u00e9s\u00e9re. Ezen adatok \u00e9rtelmez\u00e9se azonban m\u00e9ret\u00fckb\u0151l kifoly\u00f3lag nem rutinfeladat. A megfelel\u0151 bioinformatikai eszk\u00f6z\u00f6k azonban lehet\u0151v\u00e9 teszik ezen adatok diagnosztikai illetve prognosztikai &hellip;<\/p>\n","protected":false},"author":101779,"featured_media":0,"parent":6972,"menu_order":3,"comment_status":"closed","ping_status":"closed","template":"","meta":{"_acf_changed":false,"footnotes":""},"categories":[],"tags":[],"class_list":["post-7667","page","type-page","status-publish","hentry"],"acf":[],"_links":{"self":[{"href":"https:\/\/semmelweis.hu\/bioinformatika\/wp-json\/wp\/v2\/pages\/7667","targetHints":{"allow":["GET"]}}],"collection":[{"href":"https:\/\/semmelweis.hu\/bioinformatika\/wp-json\/wp\/v2\/pages"}],"about":[{"href":"https:\/\/semmelweis.hu\/bioinformatika\/wp-json\/wp\/v2\/types\/page"}],"author":[{"embeddable":true,"href":"https:\/\/semmelweis.hu\/bioinformatika\/wp-json\/wp\/v2\/users\/101779"}],"replies":[{"embeddable":true,"href":"https:\/\/semmelweis.hu\/bioinformatika\/wp-json\/wp\/v2\/comments?post=7667"}],"version-history":[{"count":4,"href":"https:\/\/semmelweis.hu\/bioinformatika\/wp-json\/wp\/v2\/pages\/7667\/revisions"}],"predecessor-version":[{"id":7740,"href":"https:\/\/semmelweis.hu\/bioinformatika\/wp-json\/wp\/v2\/pages\/7667\/revisions\/7740"}],"up":[{"embeddable":true,"href":"https:\/\/semmelweis.hu\/bioinformatika\/wp-json\/wp\/v2\/pages\/6972"}],"wp:attachment":[{"href":"https:\/\/semmelweis.hu\/bioinformatika\/wp-json\/wp\/v2\/media?parent=7667"}],"wp:term":[{"taxonomy":"category","embeddable":true,"href":"https:\/\/semmelweis.hu\/bioinformatika\/wp-json\/wp\/v2\/categories?post=7667"},{"taxonomy":"post_tag","embeddable":true,"href":"https:\/\/semmelweis.hu\/bioinformatika\/wp-json\/wp\/v2\/tags?post=7667"}],"curies":[{"name":"wp","href":"https:\/\/api.w.org\/{rel}","templated":true}]}}