{"id":7666,"date":"2021-12-09T18:45:47","date_gmt":"2021-12-09T17:45:47","guid":{"rendered":"https:\/\/semmelweis.hu\/bioinformatika\/?page_id=7666"},"modified":"2023-05-05T14:42:58","modified_gmt":"2023-05-05T12:42:58","slug":"ngs-kiertekeles-betegdiagnosztikahoz","status":"publish","type":"page","link":"https:\/\/semmelweis.hu\/bioinformatika\/kutatas\/phd\/ngs-kiertekeles-betegdiagnosztikahoz\/","title":{"rendered":"NGS ki\u00e9rt\u00e9kel\u00e9s betegdiagnosztik\u00e1hoz"},"content":{"rendered":"<div>\n<div id=\"ydpcdfffb7ayiv1251987003ydp6f34f709yiv2568600755\">\n<div class=\"ydpcdfffb7ayiv1251987003ydp6f34f709yiv2568600755ydp54b15558yahoo-style-wrap\">\n<div id=\"ydpcdfffb7ayiv1251987003ydp6f34f709yiv2568600755ydp54b15558yiv3760225928\">\n<div class=\"ydpcdfffb7ayiv1251987003ydp6f34f709yiv2568600755ydp54b15558yiv3760225928ydp4d653eb7yahoo-style-wrap\">\n<div dir=\"ltr\">\n<div dir=\"ltr\">\n<div>\n<p style=\"text-align: center\"><b>NGS ki\u00e9rt\u00e9kel\u00e9s betegdiagnosztik\u00e1hoz<\/b><\/p>\n<p>\u00a0A k\u00f6vetkez\u0151 gener\u00e1ci\u00f3s szekven\u00e1l\u00e1s (NGS) lehet\u0151v\u00e9 teszi az \u00f6sszes g\u00e9n egyidej\u0171 vizsg\u00e1lat\u00e1t nukleinsav-szinten. Azonban a m\u00f3dszerek rendelkez\u00e9sre \u00e1ll\u00e1sa nem jelenti azt, hogy egy NGS m\u00e9r\u00e9s ut\u00e1n azonnal meg is tudjuk mondani a diagn\u00f3zist. Jelenleg nincsenek elfogadott protokollok, amelyek az adatok rutinszer\u0171 ki\u00e9rt\u00e9kel\u00e9s\u00e9t lehet\u0151 tenn\u00e9k. A kutat\u00e1s sor\u00e1n onkol\u00f3giai (ter\u00e1pi\u00e1s biomarkerek) \u00e9s genetikai feladatokhoz (\u00f6r\u00f6kl\u0151d\u0151 betegs\u00e9gek, prenat\u00e1lis diagnosztika) fejleszt\u00fcnk diagnosztikai alkalmaz\u00e1sokat. A kutat\u00e1s tartalmazza az NGS adatok feldolgoz\u00e1s\u00e1t, ki\u00e9rt\u00e9kel\u00e9s\u00e9t, interpret\u00e1l\u00e1s\u00e1t, valamint \u00faj algoritmusok kipr\u00f3b\u00e1l\u00e1s\u00e1t.<\/p>\n<\/div>\n<div>\u00a0<\/div>\n<div>A t\u00e9ma els\u0151sorban a bioinformatika, programoz\u00e1s, \u00e9s klinikai kutat\u00e1s ir\u00e1nt \u00e9rdekl\u0151d\u0151 hallgat\u00f3k sz\u00e1m\u00e1ra optim\u00e1lis.<\/div>\n<div>\u00a0<\/div>\n<\/div>\n<\/div>\n<\/div>\n<\/div>\n<\/div>\n<\/div>\n<\/div>\n<div>T\u00e9mavezet\u0151:\u00a0<a href=\"https:\/\/semmelweis.hu\/telefonkonyv\/?emp_id=16274\">Prof. Dr. Gy\u0151rffy Bal\u00e1zs<\/a><\/div>\n","protected":false},"excerpt":{"rendered":"<p>NGS ki\u00e9rt\u00e9kel\u00e9s betegdiagnosztik\u00e1hoz \u00a0A k\u00f6vetkez\u0151 gener\u00e1ci\u00f3s szekven\u00e1l\u00e1s (NGS) lehet\u0151v\u00e9 teszi az \u00f6sszes g\u00e9n egyidej\u0171 vizsg\u00e1lat\u00e1t nukleinsav-szinten. Azonban a m\u00f3dszerek rendelkez\u00e9sre \u00e1ll\u00e1sa nem jelenti azt, hogy egy NGS m\u00e9r\u00e9s ut\u00e1n azonnal meg is tudjuk mondani a diagn\u00f3zist. Jelenleg nincsenek elfogadott protokollok, amelyek az adatok rutinszer\u0171 ki\u00e9rt\u00e9kel\u00e9s\u00e9t lehet\u0151 tenn\u00e9k. A kutat\u00e1s sor\u00e1n onkol\u00f3giai (ter\u00e1pi\u00e1s biomarkerek) \u00e9s genetikai &hellip;<\/p>\n","protected":false},"author":101779,"featured_media":0,"parent":6972,"menu_order":2,"comment_status":"closed","ping_status":"closed","template":"","meta":{"_acf_changed":false,"footnotes":""},"categories":[],"tags":[],"class_list":["post-7666","page","type-page","status-publish","hentry"],"acf":[],"_links":{"self":[{"href":"https:\/\/semmelweis.hu\/bioinformatika\/wp-json\/wp\/v2\/pages\/7666","targetHints":{"allow":["GET"]}}],"collection":[{"href":"https:\/\/semmelweis.hu\/bioinformatika\/wp-json\/wp\/v2\/pages"}],"about":[{"href":"https:\/\/semmelweis.hu\/bioinformatika\/wp-json\/wp\/v2\/types\/page"}],"author":[{"embeddable":true,"href":"https:\/\/semmelweis.hu\/bioinformatika\/wp-json\/wp\/v2\/users\/101779"}],"replies":[{"embeddable":true,"href":"https:\/\/semmelweis.hu\/bioinformatika\/wp-json\/wp\/v2\/comments?post=7666"}],"version-history":[{"count":3,"href":"https:\/\/semmelweis.hu\/bioinformatika\/wp-json\/wp\/v2\/pages\/7666\/revisions"}],"predecessor-version":[{"id":7697,"href":"https:\/\/semmelweis.hu\/bioinformatika\/wp-json\/wp\/v2\/pages\/7666\/revisions\/7697"}],"up":[{"embeddable":true,"href":"https:\/\/semmelweis.hu\/bioinformatika\/wp-json\/wp\/v2\/pages\/6972"}],"wp:attachment":[{"href":"https:\/\/semmelweis.hu\/bioinformatika\/wp-json\/wp\/v2\/media?parent=7666"}],"wp:term":[{"taxonomy":"category","embeddable":true,"href":"https:\/\/semmelweis.hu\/bioinformatika\/wp-json\/wp\/v2\/categories?post=7666"},{"taxonomy":"post_tag","embeddable":true,"href":"https:\/\/semmelweis.hu\/bioinformatika\/wp-json\/wp\/v2\/tags?post=7666"}],"curies":[{"name":"wp","href":"https:\/\/api.w.org\/{rel}","templated":true}]}}