{"id":7638,"date":"2021-12-07T15:16:03","date_gmt":"2021-12-07T14:16:03","guid":{"rendered":"https:\/\/semmelweis.hu\/bioinformatika\/?page_id=7638"},"modified":"2025-01-06T15:30:27","modified_gmt":"2025-01-06T14:30:27","slug":"folyekony-nitrogenes-tarolo","status":"publish","type":"page","link":"https:\/\/semmelweis.hu\/bioinformatika\/folyekony-nitrogenes-tarolo\/","title":{"rendered":"Foly\u00e9kony nitrog\u00e9n t\u00e1rol\u00f3"},"content":{"rendered":"<p style=\"text-align: left\"><b><img loading=\"lazy\" decoding=\"async\" class=\"size-medium wp-image-8235 alignright\" src=\"https:\/\/semmelweis.hu\/bioinformatika\/files\/2022\/05\/IMG_4630.HEIC_-400x283.jpg\" alt=\"\" width=\"400\" height=\"283\" \/>Foly\u00e9kony nitrog\u00e9n t\u00e1rol\u00f3<\/b><\/p>\n<p style=\"text-align: left\">Az Antech CryoMaster 4800 egy 140 literes g\u0151zf\u00e1zis\u00fa foly\u00e9kony nitrog\u00e9n t\u00e1rol\u00f3. 6 rack-et tartalmaz, egy rack-en bel\u00fcl 8 szint van, amib\u0151l azonban az als\u00f3 szintek nem haszn\u00e1lhat\u00f3ak, hiszen ezzel \u00e9rintkezik a foly\u00e9kony nitrog\u00e9n. \u00cdgy a v\u00e9gleges t\u00e1rol\u00e1si kapacit\u00e1sa 4200 db 2 ml-es kriocs\u0151. A mint\u00e1k t\u00e1rol\u00e1sa g\u0151zben \u00e9s nem folyad\u00e9kban t\u00f6rt\u00e9nik. \u00dcres t\u00f6mege 48.9 kg, napi p\u00e1rolg\u00e1si vesztes\u00e9ge 0.96 liter, a t\u00e1rol\u00f3 teljes magass\u00e1ga 96 cm. A t\u00e1rol\u00f3 fel van szerelve Antech Cryomonitor 1000 folyad\u00e9kszint \u00e9s h\u0151m\u00e9rs\u00e9klet monitoroz\u00f3val. Ez a kontroller elektronika a t\u00e1rol\u00f3n bel\u00fcli h\u0151m\u00e9rs\u00e9kletet \u00e9s nitrog\u00e9n folyad\u00e9kszintj\u00e9t jelzi folyamatosan. Jelen pillanatban egy ilyen t\u00e1rol\u00f3 \u00e1ll rendelkez\u00e9s\u00fcnkre, a m\u00e1sodik beszerz\u00e9se folyamatban van.<\/p>\n<p style=\"text-align: left\">A Chart YDS-10L \u00e9s 20L foly\u00e9kony nitrog\u00e9n t\u00e1rol\u00f3 tart\u00e1lyok 10,- valamint 20 literes kiad\u00e1sokban. El\u0151bbi 6.2 kg, ut\u00f3bbi 11.2 kg \u00fcres \u00e1llapotban, statikus p\u00e1rolg\u00e1si vesztes\u00e9g\u00fck 0.1 liter naponta, \u00edgy ezek a t\u00e1rol\u00f3k a nitrog\u00e9n hosszabb t\u00e1v\u00fa t\u00e1rol\u00e1s\u00e1ra, \u00e9s a biol\u00f3giai mint\u00e1t is tartalmaz\u00f3 nitrog\u00e9n t\u00e1rol\u00f3k ut\u00e1nt\u00f6lt\u00e9s\u00e9re alkalmasak.<\/p>\n<p style=\"text-align: left\">Az Chart YDH-3 egy egy kaniszteres speci\u00e1lis mintasz\u00e1ll\u00edt\u00f3 tart\u00e1ly, amely tartalmaz egy abszorbens bet\u00e9tet, ami a foly\u00e9kony nitrog\u00e9nt megk\u00f6ti. Alkalmas a mint\u00e1k biztons\u00e1gos sz\u00e1ll\u00edt\u00e1s\u00e1ra, hiszen a tart\u00e1lyb\u00f3l nem tud nitrog\u00e9n ki\u00f6mleni a sz\u00e1ll\u00edt\u00e1s k\u00f6zben. A h\u0171t\u00e9st a bet\u00e9tb\u0151l kip\u00e1rolg\u00f3 h\u0151 biztos\u00edtja.<\/p>\n<div>\n<p>Felel\u0151s: <a href=\"https:\/\/semmelweis.hu\/telefonkonyv\/?act=mt&amp;inst_id=449&amp;emp_id=17155\">Kov\u00e1cs Szonja<\/a><\/p>\n<\/div>\n<p>&nbsp;<\/p>\n<p><img loading=\"lazy\" decoding=\"async\" class=\"size-medium wp-image-7650 alignleft\" src=\"https:\/\/semmelweis.hu\/bioinformatika\/files\/2021\/12\/IMG-3261-400x300.jpg\" alt=\"\" width=\"400\" height=\"300\" srcset=\"https:\/\/semmelweis.hu\/bioinformatika\/files\/2021\/12\/IMG-3261-400x300.jpg 400w, https:\/\/semmelweis.hu\/bioinformatika\/files\/2021\/12\/IMG-3261-1024x768.jpg 1024w, https:\/\/semmelweis.hu\/bioinformatika\/files\/2021\/12\/IMG-3261-768x576.jpg 768w, https:\/\/semmelweis.hu\/bioinformatika\/files\/2021\/12\/IMG-3261-1536x1152.jpg 1536w, https:\/\/semmelweis.hu\/bioinformatika\/files\/2021\/12\/IMG-3261-2048x1536.jpg 2048w, https:\/\/semmelweis.hu\/bioinformatika\/files\/2021\/12\/IMG-3261-753x565.jpg 753w\" sizes=\"auto, (max-width: 400px) 100vw, 400px\" \/> <img loading=\"lazy\" decoding=\"async\" class=\"size-medium wp-image-7651 alignright\" src=\"https:\/\/semmelweis.hu\/bioinformatika\/files\/2021\/12\/IMG-3278-400x300.jpg\" alt=\"\" width=\"400\" height=\"300\" srcset=\"https:\/\/semmelweis.hu\/bioinformatika\/files\/2021\/12\/IMG-3278-400x300.jpg 400w, https:\/\/semmelweis.hu\/bioinformatika\/files\/2021\/12\/IMG-3278-1024x768.jpg 1024w, https:\/\/semmelweis.hu\/bioinformatika\/files\/2021\/12\/IMG-3278-768x576.jpg 768w, https:\/\/semmelweis.hu\/bioinformatika\/files\/2021\/12\/IMG-3278-1536x1152.jpg 1536w, https:\/\/semmelweis.hu\/bioinformatika\/files\/2021\/12\/IMG-3278-2048x1536.jpg 2048w, https:\/\/semmelweis.hu\/bioinformatika\/files\/2021\/12\/IMG-3278-753x565.jpg 753w\" sizes=\"auto, (max-width: 400px) 100vw, 400px\" \/><\/p>\n<figure id=\"attachment_7651\" aria-describedby=\"caption-attachment-7651\" style=\"width: 647px\" class=\"wp-caption aligncenter\"><img loading=\"lazy\" decoding=\"async\" class=\"wp-image-7651\" src=\"https:\/\/semmelweis.hu\/bioinformatika\/files\/2022\/02\/Biobank_csapat.jpg\" alt=\"\" width=\"647\" height=\"429\" \/><figcaption id=\"caption-attachment-7651\" class=\"wp-caption-text\">Biobank_csoport<\/figcaption><\/figure>\n","protected":false},"excerpt":{"rendered":"<p>Foly\u00e9kony nitrog\u00e9n t\u00e1rol\u00f3 Az Antech CryoMaster 4800 egy 140 literes g\u0151zf\u00e1zis\u00fa foly\u00e9kony nitrog\u00e9n t\u00e1rol\u00f3. 6 rack-et tartalmaz, egy rack-en bel\u00fcl 8 szint van, amib\u0151l azonban az als\u00f3 szintek nem haszn\u00e1lhat\u00f3ak, hiszen ezzel \u00e9rintkezik a foly\u00e9kony nitrog\u00e9n. \u00cdgy a v\u00e9gleges t\u00e1rol\u00e1si kapacit\u00e1sa 4200 db 2 ml-es kriocs\u0151. A mint\u00e1k t\u00e1rol\u00e1sa g\u0151zben \u00e9s nem folyad\u00e9kban t\u00f6rt\u00e9nik. \u00dcres &hellip;<\/p>\n","protected":false},"author":101779,"featured_media":0,"parent":0,"menu_order":0,"comment_status":"closed","ping_status":"closed","template":"","meta":{"_acf_changed":false,"footnotes":""},"categories":[],"tags":[],"class_list":["post-7638","page","type-page","status-publish","hentry"],"acf":[],"_links":{"self":[{"href":"https:\/\/semmelweis.hu\/bioinformatika\/wp-json\/wp\/v2\/pages\/7638","targetHints":{"allow":["GET"]}}],"collection":[{"href":"https:\/\/semmelweis.hu\/bioinformatika\/wp-json\/wp\/v2\/pages"}],"about":[{"href":"https:\/\/semmelweis.hu\/bioinformatika\/wp-json\/wp\/v2\/types\/page"}],"author":[{"embeddable":true,"href":"https:\/\/semmelweis.hu\/bioinformatika\/wp-json\/wp\/v2\/users\/101779"}],"replies":[{"embeddable":true,"href":"https:\/\/semmelweis.hu\/bioinformatika\/wp-json\/wp\/v2\/comments?post=7638"}],"version-history":[{"count":12,"href":"https:\/\/semmelweis.hu\/bioinformatika\/wp-json\/wp\/v2\/pages\/7638\/revisions"}],"predecessor-version":[{"id":10754,"href":"https:\/\/semmelweis.hu\/bioinformatika\/wp-json\/wp\/v2\/pages\/7638\/revisions\/10754"}],"wp:attachment":[{"href":"https:\/\/semmelweis.hu\/bioinformatika\/wp-json\/wp\/v2\/media?parent=7638"}],"wp:term":[{"taxonomy":"category","embeddable":true,"href":"https:\/\/semmelweis.hu\/bioinformatika\/wp-json\/wp\/v2\/categories?post=7638"},{"taxonomy":"post_tag","embeddable":true,"href":"https:\/\/semmelweis.hu\/bioinformatika\/wp-json\/wp\/v2\/tags?post=7638"}],"curies":[{"name":"wp","href":"https:\/\/api.w.org\/{rel}","templated":true}]}}