{"id":7630,"date":"2021-12-07T14:37:59","date_gmt":"2021-12-07T13:37:59","guid":{"rendered":"https:\/\/semmelweis.hu\/bioinformatika\/?page_id=7630"},"modified":"2024-04-03T14:10:45","modified_gmt":"2024-04-03T12:10:45","slug":"galaxy-3","status":"publish","type":"page","link":"https:\/\/semmelweis.hu\/bioinformatika\/galaxy-3\/","title":{"rendered":"GALAXY server"},"content":{"rendered":"<p><strong>Semmelweis GALAXY platform<\/strong><\/p>\n<p>A Galaxy Projekt egy elemz\u0151 rendszer, amely jellemz\u0151en bioinformatikai adatok komplex kezel\u00e9s\u00e9t biztos\u00edtja grafikus felhaszn\u00e1l\u00f3i fel\u00fcleten (graphical user interface, GUI). A GUI seg\u00edts\u00e9g\u00e9vel a felhaszn\u00e1l\u00f3 felt\u00f6ltheti saj\u00e1t adatait, de el\u00e9rheti m\u00e1s felhaszn\u00e1l\u00f3k, vagy adatt\u00e1rh\u00e1zak megosztott adatait is. A Galaxy szervereken tal\u00e1lhat\u00f3 eszk\u00f6zt\u00e1r biztos\u00edtja a feladatok megold\u00e1s\u00e1ra haszn\u00e1lhat\u00f3 szoftvercsomagok leg\u00fajabb v\u00e1ltozatainak gyors el\u00e9r\u00e9s\u00e9t, azok param\u00e9terez\u00e9s\u00e9t. A Semmelweis Egyetemen a tansz\u00e9k\u00fcnk \u00e1ltal m\u0171k\u00f6dtetett Galaxy elemz\u0151 rendszer 2020-ban ker\u00fclt be\u00e1ll\u00edt\u00e1sra \u00e9s regisztr\u00e1ci\u00f3t k\u00f6vet\u0151en szabadon hozz\u00e1f\u00e9rhet\u0151 a\u00a0<a href=\"http:\/\/galaxy.semmelweis.hu\/\" target=\"_blank\" rel=\"noopener\">galaxy.semmelweis.hu<\/a>\u00a0c\u00edmen.<\/p>\n<div>\n<p><img loading=\"lazy\" decoding=\"async\" class=\"alignnone  wp-image-9085\" src=\"https:\/\/semmelweis.hu\/bioinformatika\/files\/2023\/04\/Kepernyokep-Galaxy-2023-04-13-072754-400x86.png\" alt=\"\" width=\"996\" height=\"214\" srcset=\"https:\/\/semmelweis.hu\/bioinformatika\/files\/2023\/04\/Kepernyokep-Galaxy-2023-04-13-072754-400x86.png 400w, https:\/\/semmelweis.hu\/bioinformatika\/files\/2023\/04\/Kepernyokep-Galaxy-2023-04-13-072754-1024x221.png 1024w, https:\/\/semmelweis.hu\/bioinformatika\/files\/2023\/04\/Kepernyokep-Galaxy-2023-04-13-072754-768x166.png 768w, https:\/\/semmelweis.hu\/bioinformatika\/files\/2023\/04\/Kepernyokep-Galaxy-2023-04-13-072754-1536x331.png 1536w, https:\/\/semmelweis.hu\/bioinformatika\/files\/2023\/04\/Kepernyokep-Galaxy-2023-04-13-072754-2048x442.png 2048w, https:\/\/semmelweis.hu\/bioinformatika\/files\/2023\/04\/Kepernyokep-Galaxy-2023-04-13-072754-753x162.png 753w\" sizes=\"auto, (max-width: 996px) 100vw, 996px\" \/><\/p>\n<p>Felel\u0151s: <a href=\"https:\/\/semmelweis.hu\/telefonkonyv\/?emp_id=16288\">Dr. Fekete J\u00e1nos<\/a><\/p>\n<p><img loading=\"lazy\" decoding=\"async\" class=\"alignnone size-full wp-image-9080\" src=\"https:\/\/semmelweis.hu\/bioinformatika\/files\/2023\/04\/Fekete-Janos_279_341.jpg\" alt=\"\" width=\"279\" height=\"341\" \/><\/p>\n<p>&nbsp;<\/p>\n<\/div>\n","protected":false},"excerpt":{"rendered":"<p>Semmelweis GALAXY platform A Galaxy Projekt egy elemz\u0151 rendszer, amely jellemz\u0151en bioinformatikai adatok komplex kezel\u00e9s\u00e9t biztos\u00edtja grafikus felhaszn\u00e1l\u00f3i fel\u00fcleten (graphical user interface, GUI). A GUI seg\u00edts\u00e9g\u00e9vel a felhaszn\u00e1l\u00f3 felt\u00f6ltheti saj\u00e1t adatait, de el\u00e9rheti m\u00e1s felhaszn\u00e1l\u00f3k, vagy adatt\u00e1rh\u00e1zak megosztott adatait is. A Galaxy szervereken tal\u00e1lhat\u00f3 eszk\u00f6zt\u00e1r biztos\u00edtja a feladatok megold\u00e1s\u00e1ra haszn\u00e1lhat\u00f3 szoftvercsomagok leg\u00fajabb v\u00e1ltozatainak gyors el\u00e9r\u00e9s\u00e9t, &hellip;<\/p>\n","protected":false},"author":101779,"featured_media":0,"parent":0,"menu_order":0,"comment_status":"closed","ping_status":"closed","template":"","meta":{"_acf_changed":false,"footnotes":""},"categories":[],"tags":[],"class_list":["post-7630","page","type-page","status-publish","hentry"],"acf":[],"_links":{"self":[{"href":"https:\/\/semmelweis.hu\/bioinformatika\/wp-json\/wp\/v2\/pages\/7630","targetHints":{"allow":["GET"]}}],"collection":[{"href":"https:\/\/semmelweis.hu\/bioinformatika\/wp-json\/wp\/v2\/pages"}],"about":[{"href":"https:\/\/semmelweis.hu\/bioinformatika\/wp-json\/wp\/v2\/types\/page"}],"author":[{"embeddable":true,"href":"https:\/\/semmelweis.hu\/bioinformatika\/wp-json\/wp\/v2\/users\/101779"}],"replies":[{"embeddable":true,"href":"https:\/\/semmelweis.hu\/bioinformatika\/wp-json\/wp\/v2\/comments?post=7630"}],"version-history":[{"count":10,"href":"https:\/\/semmelweis.hu\/bioinformatika\/wp-json\/wp\/v2\/pages\/7630\/revisions"}],"predecessor-version":[{"id":9366,"href":"https:\/\/semmelweis.hu\/bioinformatika\/wp-json\/wp\/v2\/pages\/7630\/revisions\/9366"}],"wp:attachment":[{"href":"https:\/\/semmelweis.hu\/bioinformatika\/wp-json\/wp\/v2\/media?parent=7630"}],"wp:term":[{"taxonomy":"category","embeddable":true,"href":"https:\/\/semmelweis.hu\/bioinformatika\/wp-json\/wp\/v2\/categories?post=7630"},{"taxonomy":"post_tag","embeddable":true,"href":"https:\/\/semmelweis.hu\/bioinformatika\/wp-json\/wp\/v2\/tags?post=7630"}],"curies":[{"name":"wp","href":"https:\/\/api.w.org\/{rel}","templated":true}]}}