{"id":7611,"date":"2021-11-25T13:26:37","date_gmt":"2021-11-25T12:26:37","guid":{"rendered":"https:\/\/semmelweis.hu\/bioinformatika\/?page_id=7611"},"modified":"2024-04-03T14:14:37","modified_gmt":"2024-04-03T12:14:37","slug":"core-facility","status":"publish","type":"page","link":"https:\/\/semmelweis.hu\/bioinformatika\/kutatas\/core-facility\/","title":{"rendered":"Core facility"},"content":{"rendered":"<figure id=\"attachment_6539\" aria-describedby=\"caption-attachment-6539\" style=\"width: 259px\" class=\"wp-caption alignleft\"><img loading=\"lazy\" decoding=\"async\" class=\"size-full wp-image-6539\" src=\"https:\/\/semmelweis.hu\/bioinformatika\/files\/2020\/01\/gyongyi.jpg\" alt=\"\" width=\"259\" height=\"371\" \/><figcaption id=\"caption-attachment-6539\" class=\"wp-caption-text\">tudom\u00e1nyos munkat\u00e1rs, E-mail c\u00edm: munkacsy.gyongyi@med.semmelweis-univ.hu<\/figcaption><\/figure>\n<p style=\"text-align: justify\"><b>Core Facility felel\u0151s: Dr. Munk\u00e1csy Gy\u00f6ngyi<\/b><\/p>\n<p style=\"text-align: justify\">Laborat\u00f3riumunkban t\u00f6rt\u00e9n\u0151 onkol\u00f3giai alapkutat\u00e1sok sor\u00e1n gy\u00f3gyszer-rezisztenci\u00e1val \u00f6sszef\u00fcgg\u0151 genetikai markereket keres\u00fcnk. Ehhez\u00a0<em>in vitro<\/em>\u00a0\u00e9s\u00a0<em>in vivo<\/em>\u00a0m\u00f3dszereket \u00f6tv\u00f6z\u00fcnk\u00a0<em>in silico<\/em>\u00a0lehet\u0151s\u00e9gekkel annak \u00e9rdek\u00e9ben, hogy az egy\u00e9nre szabott ter\u00e1pia kiv\u00e1laszt\u00e1s\u00e1t seg\u00edt\u0151 \u00faj biomarkerek szerepe t\u00f6bbf\u00e9le m\u00f3don is al\u00e1t\u00e1maszt\u00e1st nyerjen.<\/p>\n<p style=\"text-align: justify\">A laborat\u00f3riumi rendszer\u00fcnk f\u0151bb elemei: Illumina NextSeq 500 \u00fajgener\u00e1ci\u00f3s szekven\u00e1tor, a nukleinsavak min\u0151s\u00e9gi \u00e9s mennyis\u00e9gi anal\u00edzis\u00e9t v\u00e9gz\u0151 Agilent Fragment Analyzer kapill\u00e1ris elektrofor\u00e9zis rendszer; a szekven\u00e1l\u00e1s eredm\u00e9ny\u00e9nek anal\u00edzis\u00e9t v\u00e9gz\u0151 Galaxy platform, zebrad\u00e1ni\u00f3 halas akv\u00e1riumrendszer, Drummond Nanoject II mikromanipul\u00e1tor; val\u00f3s idej\u0171 PCR kivitelez\u00e9s\u00e9re alkalmas Rotor-Gene Q PCR k\u00e9sz\u00fcl\u00e9k, PCR k\u00e9sz\u00fcl\u00e9kek, sejtteny\u00e9szt\u0151 laborat\u00f3rium.<\/p>\n","protected":false},"excerpt":{"rendered":"<p>Core Facility felel\u0151s: Dr. Munk\u00e1csy Gy\u00f6ngyi Laborat\u00f3riumunkban t\u00f6rt\u00e9n\u0151 onkol\u00f3giai alapkutat\u00e1sok sor\u00e1n gy\u00f3gyszer-rezisztenci\u00e1val \u00f6sszef\u00fcgg\u0151 genetikai markereket keres\u00fcnk. Ehhez\u00a0in vitro\u00a0\u00e9s\u00a0in vivo\u00a0m\u00f3dszereket \u00f6tv\u00f6z\u00fcnk\u00a0in silico\u00a0lehet\u0151s\u00e9gekkel annak \u00e9rdek\u00e9ben, hogy az egy\u00e9nre szabott ter\u00e1pia kiv\u00e1laszt\u00e1s\u00e1t seg\u00edt\u0151 \u00faj biomarkerek szerepe t\u00f6bbf\u00e9le m\u00f3don is al\u00e1t\u00e1maszt\u00e1st nyerjen. A laborat\u00f3riumi rendszer\u00fcnk f\u0151bb elemei: Illumina NextSeq 500 \u00fajgener\u00e1ci\u00f3s szekven\u00e1tor, a nukleinsavak min\u0151s\u00e9gi \u00e9s mennyis\u00e9gi anal\u00edzis\u00e9t v\u00e9gz\u0151 &hellip;<\/p>\n","protected":false},"author":101779,"featured_media":0,"parent":6505,"menu_order":1,"comment_status":"closed","ping_status":"closed","template":"","meta":{"_acf_changed":false,"footnotes":""},"categories":[],"tags":[],"class_list":["post-7611","page","type-page","status-publish","hentry"],"acf":[],"_links":{"self":[{"href":"https:\/\/semmelweis.hu\/bioinformatika\/wp-json\/wp\/v2\/pages\/7611","targetHints":{"allow":["GET"]}}],"collection":[{"href":"https:\/\/semmelweis.hu\/bioinformatika\/wp-json\/wp\/v2\/pages"}],"about":[{"href":"https:\/\/semmelweis.hu\/bioinformatika\/wp-json\/wp\/v2\/types\/page"}],"author":[{"embeddable":true,"href":"https:\/\/semmelweis.hu\/bioinformatika\/wp-json\/wp\/v2\/users\/101779"}],"replies":[{"embeddable":true,"href":"https:\/\/semmelweis.hu\/bioinformatika\/wp-json\/wp\/v2\/comments?post=7611"}],"version-history":[{"count":10,"href":"https:\/\/semmelweis.hu\/bioinformatika\/wp-json\/wp\/v2\/pages\/7611\/revisions"}],"predecessor-version":[{"id":8326,"href":"https:\/\/semmelweis.hu\/bioinformatika\/wp-json\/wp\/v2\/pages\/7611\/revisions\/8326"}],"up":[{"embeddable":true,"href":"https:\/\/semmelweis.hu\/bioinformatika\/wp-json\/wp\/v2\/pages\/6505"}],"wp:attachment":[{"href":"https:\/\/semmelweis.hu\/bioinformatika\/wp-json\/wp\/v2\/media?parent=7611"}],"wp:term":[{"taxonomy":"category","embeddable":true,"href":"https:\/\/semmelweis.hu\/bioinformatika\/wp-json\/wp\/v2\/categories?post=7611"},{"taxonomy":"post_tag","embeddable":true,"href":"https:\/\/semmelweis.hu\/bioinformatika\/wp-json\/wp\/v2\/tags?post=7611"}],"curies":[{"name":"wp","href":"https:\/\/api.w.org\/{rel}","templated":true}]}}