{"id":7509,"date":"2021-07-20T14:13:22","date_gmt":"2021-07-20T12:13:22","guid":{"rendered":"https:\/\/semmelweis.hu\/bioinformatika\/?page_id=7509"},"modified":"2021-07-20T14:13:22","modified_gmt":"2021-07-20T12:13:22","slug":"klinikai-kimenet-es-diagnozis-modellezese-sokdimenzios-adatokon","status":"publish","type":"page","link":"https:\/\/semmelweis.hu\/bioinformatika\/kutatas\/uj-kutatasi-temak\/tdk-temak\/klinikai-kimenet-es-diagnozis-modellezese-sokdimenzios-adatokon\/","title":{"rendered":"Klinikai kimenet \u00e9s diagn\u00f3zis modellez\u00e9se sokdimenzi\u00f3s adatokon"},"content":{"rendered":"<p><b>T\u00e9ma c\u00edme:<\/b><span style=\"font-weight: 400\"> Klinikai kimenet \u00e9s diagn\u00f3zis modellez\u00e9se sokdimenzi\u00f3s adatokon<\/span><\/p>\n<p><b>T\u00e9mavezet\u0151:<\/b><span style=\"font-weight: 400\"> Dr. Menyh\u00e1rt Ot\u00edlia<\/span><\/p>\n<p><b>Le\u00edr\u00e1s:<\/b><span style=\"font-weight: 400\"> A klinikai vizsg\u00e1latok sor\u00e1n gy\u0171jt\u00f6tt hatalmas adatmennyis\u00e9gb\u0151l a megfelel\u0151 eszk\u00f6z\u00f6kkel diagn\u00f3zist valamint el\u0151rejelz\u00e9st el\u0151seg\u00edt\u0151 inform\u00e1ci\u00f3 nyerhet\u0151 ki.\u00a0 A TDK munka keret\u00e9ben a g\u00e9pi tanul\u00e1s eszk\u00f6zeivel a klinikai kimenet el\u0151rejelz\u00e9s\u00e9re alkalmas predikt\u00edv modellek kidolgoz\u00e1s\u00e1ra f\u00f3kusz\u00e1lunk sokdimenzi\u00f3s adatokb\u00f3l kiindulva. El\u0151ny a bioinformatikai \u00e9rdekl\u0151d\u00e9s, R vagy Galaxy ismerete.<\/span><\/p>\n<p><b>T\u00e9ma jellege:<\/b><span style=\"font-weight: 400\"> bioinformatika<\/span><\/p>\n<p><b>Kapcsolat:<\/b> <a href=\"mailto:menyhart.otilia@med.semmelweis-univ.hu\"><span style=\"font-weight: 400\">menyhart.otilia@med.semmelweis-univ.hu<\/span><\/a><\/p>\n","protected":false},"excerpt":{"rendered":"<p>T\u00e9ma c\u00edme: Klinikai kimenet \u00e9s diagn\u00f3zis modellez\u00e9se sokdimenzi\u00f3s adatokon T\u00e9mavezet\u0151: Dr. Menyh\u00e1rt Ot\u00edlia Le\u00edr\u00e1s: A klinikai vizsg\u00e1latok sor\u00e1n gy\u0171jt\u00f6tt hatalmas adatmennyis\u00e9gb\u0151l a megfelel\u0151 eszk\u00f6z\u00f6kkel diagn\u00f3zist valamint el\u0151rejelz\u00e9st el\u0151seg\u00edt\u0151 inform\u00e1ci\u00f3 nyerhet\u0151 ki.\u00a0 A TDK munka keret\u00e9ben a g\u00e9pi tanul\u00e1s eszk\u00f6zeivel a klinikai kimenet el\u0151rejelz\u00e9s\u00e9re alkalmas predikt\u00edv modellek kidolgoz\u00e1s\u00e1ra f\u00f3kusz\u00e1lunk sokdimenzi\u00f3s adatokb\u00f3l kiindulva. El\u0151ny a bioinformatikai \u00e9rdekl\u0151d\u00e9s, &hellip;<\/p>\n","protected":false},"author":101779,"featured_media":0,"parent":6989,"menu_order":0,"comment_status":"closed","ping_status":"closed","template":"","meta":{"_acf_changed":false,"footnotes":""},"categories":[],"tags":[],"class_list":["post-7509","page","type-page","status-publish","hentry"],"acf":[],"_links":{"self":[{"href":"https:\/\/semmelweis.hu\/bioinformatika\/wp-json\/wp\/v2\/pages\/7509","targetHints":{"allow":["GET"]}}],"collection":[{"href":"https:\/\/semmelweis.hu\/bioinformatika\/wp-json\/wp\/v2\/pages"}],"about":[{"href":"https:\/\/semmelweis.hu\/bioinformatika\/wp-json\/wp\/v2\/types\/page"}],"author":[{"embeddable":true,"href":"https:\/\/semmelweis.hu\/bioinformatika\/wp-json\/wp\/v2\/users\/101779"}],"replies":[{"embeddable":true,"href":"https:\/\/semmelweis.hu\/bioinformatika\/wp-json\/wp\/v2\/comments?post=7509"}],"version-history":[{"count":1,"href":"https:\/\/semmelweis.hu\/bioinformatika\/wp-json\/wp\/v2\/pages\/7509\/revisions"}],"predecessor-version":[{"id":7510,"href":"https:\/\/semmelweis.hu\/bioinformatika\/wp-json\/wp\/v2\/pages\/7509\/revisions\/7510"}],"up":[{"embeddable":true,"href":"https:\/\/semmelweis.hu\/bioinformatika\/wp-json\/wp\/v2\/pages\/6989"}],"wp:attachment":[{"href":"https:\/\/semmelweis.hu\/bioinformatika\/wp-json\/wp\/v2\/media?parent=7509"}],"wp:term":[{"taxonomy":"category","embeddable":true,"href":"https:\/\/semmelweis.hu\/bioinformatika\/wp-json\/wp\/v2\/categories?post=7509"},{"taxonomy":"post_tag","embeddable":true,"href":"https:\/\/semmelweis.hu\/bioinformatika\/wp-json\/wp\/v2\/tags?post=7509"}],"curies":[{"name":"wp","href":"https:\/\/api.w.org\/{rel}","templated":true}]}}