{"id":7507,"date":"2021-07-20T14:12:31","date_gmt":"2021-07-20T12:12:31","guid":{"rendered":"https:\/\/semmelweis.hu\/bioinformatika\/?page_id=7507"},"modified":"2021-07-20T14:12:31","modified_gmt":"2021-07-20T12:12:31","slug":"kemoterapias-szerekkel-szembeni-rezisztenciamarkerek-vizsgalata-emlorakos-sejtvonalakon","status":"publish","type":"page","link":"https:\/\/semmelweis.hu\/bioinformatika\/kutatas\/uj-kutatasi-temak\/tdk-temak\/kemoterapias-szerekkel-szembeni-rezisztenciamarkerek-vizsgalata-emlorakos-sejtvonalakon\/","title":{"rendered":"Kemoter\u00e1pi\u00e1s szerekkel szembeni rezisztenciamarkerek vizsg\u00e1lata eml\u0151r\u00e1kos sejtvonalakon"},"content":{"rendered":"<p><b>T\u00e9ma c\u00edme:<\/b><span style=\"font-weight: 400\"> Kemoter\u00e1pi\u00e1s szerekkel szembeni rezisztenciamarkerek vizsg\u00e1lata eml\u0151r\u00e1kos sejtvonalakon<\/span><\/p>\n<p><b>T\u00e9mavezet\u0151:<\/b><span style=\"font-weight: 400\"> Dr. Munk\u00e1csy Gy\u00f6ngyi, Kov\u00e1cs Szonja Anna<\/span><\/p>\n<p><b>Le\u00edr\u00e1s:<\/b><span style=\"font-weight: 400\"> A rosszindulat\u00fa daganatok kezel\u00e9s\u00e9hez haszn\u00e1lt ter\u00e1pi\u00e1s szerekkel szembeni rezisztencia markerei bioinformatikai adatb\u00e1zisokb\u00f3l kinyerhet\u0151k. A kiv\u00e1lasztott markereket sejtkult\u00far\u00e1s modellen igazoljuk, mik\u00f6zben a hallgat\u00f3 elsaj\u00e1t\u00edtja az alapkutat\u00e1sokhoz n\u00e9lk\u00fcl\u00f6zhetetlen laborat\u00f3riumi m\u00f3dszereket.<\/span><\/p>\n<p><b>T\u00e9ma jellege:<\/b><span style=\"font-weight: 400\"> labormunka\u00a0<\/span><\/p>\n<p><b>Kapcsolat:<\/b> <a href=\"mailto:munkacsy.gyongyi@med.semmelweis-univ.hu\"><span style=\"font-weight: 400\">munkacsy.gyongyi@med.semmelweis-univ.hu<\/span><\/a><span style=\"font-weight: 400\">;<\/span><span style=\"font-weight: 400\">\u00a0<\/span><a href=\"mailto:kovacs.szonja@phd.semmelweis.hu\"><span style=\"font-weight: 400\">kovacs.szonja@phd.semmelweis.hu<\/span><\/a><\/p>\n","protected":false},"excerpt":{"rendered":"<p>T\u00e9ma c\u00edme: Kemoter\u00e1pi\u00e1s szerekkel szembeni rezisztenciamarkerek vizsg\u00e1lata eml\u0151r\u00e1kos sejtvonalakon<br \/>\nT\u00e9mavezet\u0151: Dr. Munk\u00e1csy Gy\u00f6ngyi, Kov\u00e1cs Szonja Anna<br \/>\nLe\u00edr\u00e1s: A rosszindulat\u00fa daganatok kezel\u00e9s\u00e9hez haszn\u00e1lt ter\u00e1pi\u00e1s szerekkel szembeni rezisztencia markerei bioinformatikai adatb\u00e1zisokb\u00f3l kinyerhet\u0151k. A kiv\u00e1lasztott markereket sejtkult\u00far\u00e1s modellen igazoljuk, mik\u00f6zben a hallgat\u00f3 elsaj\u00e1t\u00edtja az alapkutat\u00e1sokhoz n\u00e9lk\u00fcl\u00f6zhetetlen laborat\u00f3riumi m\u00f3dszereket.<br \/>\nT\u00e9ma jellege: labormunka\u00a0<br \/>\nKapcsolat: <a href=\"mailto:munkacsy.gyongyi@med.semmelweis-univ.hu\">munkacsy.gyongyi@med.semmelweis-univ.hu<\/a>;\u00a0<a href=\"mailto:kovacs.szonja@phd.semmelweis.hu\">kovacs.szonja@phd.semmelweis.hu<\/a><\/p>\n","protected":false},"author":101779,"featured_media":0,"parent":6989,"menu_order":0,"comment_status":"closed","ping_status":"closed","template":"","meta":{"_acf_changed":false,"footnotes":""},"categories":[],"tags":[],"class_list":["post-7507","page","type-page","status-publish","hentry"],"acf":[],"_links":{"self":[{"href":"https:\/\/semmelweis.hu\/bioinformatika\/wp-json\/wp\/v2\/pages\/7507","targetHints":{"allow":["GET"]}}],"collection":[{"href":"https:\/\/semmelweis.hu\/bioinformatika\/wp-json\/wp\/v2\/pages"}],"about":[{"href":"https:\/\/semmelweis.hu\/bioinformatika\/wp-json\/wp\/v2\/types\/page"}],"author":[{"embeddable":true,"href":"https:\/\/semmelweis.hu\/bioinformatika\/wp-json\/wp\/v2\/users\/101779"}],"replies":[{"embeddable":true,"href":"https:\/\/semmelweis.hu\/bioinformatika\/wp-json\/wp\/v2\/comments?post=7507"}],"version-history":[{"count":1,"href":"https:\/\/semmelweis.hu\/bioinformatika\/wp-json\/wp\/v2\/pages\/7507\/revisions"}],"predecessor-version":[{"id":7508,"href":"https:\/\/semmelweis.hu\/bioinformatika\/wp-json\/wp\/v2\/pages\/7507\/revisions\/7508"}],"up":[{"embeddable":true,"href":"https:\/\/semmelweis.hu\/bioinformatika\/wp-json\/wp\/v2\/pages\/6989"}],"wp:attachment":[{"href":"https:\/\/semmelweis.hu\/bioinformatika\/wp-json\/wp\/v2\/media?parent=7507"}],"wp:term":[{"taxonomy":"category","embeddable":true,"href":"https:\/\/semmelweis.hu\/bioinformatika\/wp-json\/wp\/v2\/categories?post=7507"},{"taxonomy":"post_tag","embeddable":true,"href":"https:\/\/semmelweis.hu\/bioinformatika\/wp-json\/wp\/v2\/tags?post=7507"}],"curies":[{"name":"wp","href":"https:\/\/api.w.org\/{rel}","templated":true}]}}