{"id":7411,"date":"2021-04-01T11:01:45","date_gmt":"2021-04-01T09:01:45","guid":{"rendered":"https:\/\/semmelweis.hu\/bioinformatika\/?page_id=7411"},"modified":"2024-04-03T14:21:35","modified_gmt":"2024-04-03T12:21:35","slug":"in-vitro-labor","status":"publish","type":"page","link":"https:\/\/semmelweis.hu\/bioinformatika\/in-vitro-labor\/","title":{"rendered":"In Vitro labor"},"content":{"rendered":"<div dir=\"ltr\">\n<div dir=\"ltr\">\n<div>\n<div dir=\"ltr\"><i>In vitro<\/i> labolatat\u00f3riumunkban sejtvonal modellekkel dolgozunk. A t\u00f6bbek k\u00f6z\u00f6tt Rotor-Gene Q \u00e9s Muse Cell Analyzer<\/div>\n<div dir=\"ltr\">eszk\u00f6z\u00f6kkel felszerelt laborban lehet\u0151s\u00e9g van a sejtek t\u00fal\u00e9l\u00e9s\u00e9nek, prolifer\u00e1ci\u00f3j\u00e1nak vizsg\u00e1lat\u00e1ra, immunjel\u00f6l\u00e9sre, valamint kvantitat\u00edv PCR seg\u00edts\u00e9g\u00e9vel a g\u00e9nexpresszi\u00f3 tanulm\u00e1nyoz\u00e1s\u00e1ra.<\/div>\n<div dir=\"ltr\">\u00a0<\/div>\n<div dir=\"ltr\"><img loading=\"lazy\" decoding=\"async\" class=\"alignnone size-full wp-image-7412\" src=\"https:\/\/semmelweis.hu\/bioinformatika\/files\/2021\/04\/IMG-6370-scaled.jpg\" alt=\"\" width=\"2560\" height=\"1920\" srcset=\"https:\/\/semmelweis.hu\/bioinformatika\/files\/2021\/04\/IMG-6370-scaled.jpg 2560w, https:\/\/semmelweis.hu\/bioinformatika\/files\/2021\/04\/IMG-6370-400x300.jpg 400w, https:\/\/semmelweis.hu\/bioinformatika\/files\/2021\/04\/IMG-6370-1024x768.jpg 1024w, https:\/\/semmelweis.hu\/bioinformatika\/files\/2021\/04\/IMG-6370-768x576.jpg 768w, https:\/\/semmelweis.hu\/bioinformatika\/files\/2021\/04\/IMG-6370-1536x1152.jpg 1536w, https:\/\/semmelweis.hu\/bioinformatika\/files\/2021\/04\/IMG-6370-2048x1536.jpg 2048w, https:\/\/semmelweis.hu\/bioinformatika\/files\/2021\/04\/IMG-6370-753x565.jpg 753w\" sizes=\"auto, (max-width: 2560px) 100vw, 2560px\" \/><\/div>\n<div dir=\"ltr\">\u00a0<\/div>\n<div dir=\"ltr\"><img loading=\"lazy\" decoding=\"async\" class=\"alignnone size-full wp-image-7413\" src=\"https:\/\/semmelweis.hu\/bioinformatika\/files\/2021\/04\/IMG-6380-scaled.jpg\" alt=\"\" width=\"2560\" height=\"1920\" srcset=\"https:\/\/semmelweis.hu\/bioinformatika\/files\/2021\/04\/IMG-6380-scaled.jpg 2560w, https:\/\/semmelweis.hu\/bioinformatika\/files\/2021\/04\/IMG-6380-400x300.jpg 400w, https:\/\/semmelweis.hu\/bioinformatika\/files\/2021\/04\/IMG-6380-1024x768.jpg 1024w, https:\/\/semmelweis.hu\/bioinformatika\/files\/2021\/04\/IMG-6380-768x576.jpg 768w, https:\/\/semmelweis.hu\/bioinformatika\/files\/2021\/04\/IMG-6380-1536x1152.jpg 1536w, https:\/\/semmelweis.hu\/bioinformatika\/files\/2021\/04\/IMG-6380-2048x1536.jpg 2048w, https:\/\/semmelweis.hu\/bioinformatika\/files\/2021\/04\/IMG-6380-753x565.jpg 753w\" sizes=\"auto, (max-width: 2560px) 100vw, 2560px\" \/><\/div>\n<\/div>\n<\/div>\n<\/div>\n","protected":false},"excerpt":{"rendered":"<p>In vitro labolatat\u00f3riumunkban sejtvonal modellekkel dolgozunk. A t\u00f6bbek k\u00f6z\u00f6tt Rotor-Gene Q \u00e9s Muse Cell Analyzer<br \/>\neszk\u00f6z\u00f6kkel felszerelt laborban lehet\u0151s\u00e9g van a sejtek t\u00fal\u00e9l\u00e9s\u00e9nek, prolifer\u00e1ci\u00f3j\u00e1nak vizsg\u00e1lat\u00e1ra, immunjel\u00f6l\u00e9sre, valamint kvantitat\u00edv PCR seg\u00edts\u00e9g\u00e9vel a g\u00e9nexpresszi\u00f3 tanulm\u00e1nyoz\u00e1s\u00e1ra.<br \/>\n\u00a0<\/p>\n<p>\u00a0<\/p>\n","protected":false},"author":101779,"featured_media":0,"parent":0,"menu_order":0,"comment_status":"closed","ping_status":"closed","template":"","meta":{"_acf_changed":false,"footnotes":""},"categories":[],"tags":[],"class_list":["post-7411","page","type-page","status-publish","hentry"],"acf":[],"_links":{"self":[{"href":"https:\/\/semmelweis.hu\/bioinformatika\/wp-json\/wp\/v2\/pages\/7411","targetHints":{"allow":["GET"]}}],"collection":[{"href":"https:\/\/semmelweis.hu\/bioinformatika\/wp-json\/wp\/v2\/pages"}],"about":[{"href":"https:\/\/semmelweis.hu\/bioinformatika\/wp-json\/wp\/v2\/types\/page"}],"author":[{"embeddable":true,"href":"https:\/\/semmelweis.hu\/bioinformatika\/wp-json\/wp\/v2\/users\/101779"}],"replies":[{"embeddable":true,"href":"https:\/\/semmelweis.hu\/bioinformatika\/wp-json\/wp\/v2\/comments?post=7411"}],"version-history":[{"count":3,"href":"https:\/\/semmelweis.hu\/bioinformatika\/wp-json\/wp\/v2\/pages\/7411\/revisions"}],"predecessor-version":[{"id":7416,"href":"https:\/\/semmelweis.hu\/bioinformatika\/wp-json\/wp\/v2\/pages\/7411\/revisions\/7416"}],"wp:attachment":[{"href":"https:\/\/semmelweis.hu\/bioinformatika\/wp-json\/wp\/v2\/media?parent=7411"}],"wp:term":[{"taxonomy":"category","embeddable":true,"href":"https:\/\/semmelweis.hu\/bioinformatika\/wp-json\/wp\/v2\/categories?post=7411"},{"taxonomy":"post_tag","embeddable":true,"href":"https:\/\/semmelweis.hu\/bioinformatika\/wp-json\/wp\/v2\/tags?post=7411"}],"curies":[{"name":"wp","href":"https:\/\/api.w.org\/{rel}","templated":true}]}}