{"id":7356,"date":"2021-02-15T11:46:55","date_gmt":"2021-02-15T10:46:55","guid":{"rendered":"https:\/\/semmelweis.hu\/bioinformatika\/?page_id=7356"},"modified":"2022-02-11T11:30:37","modified_gmt":"2022-02-11T10:30:37","slug":"tulelesi-modellek-optimalizacioja","status":"publish","type":"page","link":"https:\/\/semmelweis.hu\/bioinformatika\/kutatas\/uj-kutatasi-temak\/tdk-temak\/tulelesi-modellek-optimalizacioja\/","title":{"rendered":"Hordhat\u00f3 bioszenzorok szerepe gyakori betegs\u00e9gek \u00e1llapotk\u00f6vet\u00e9s\u00e9ben"},"content":{"rendered":"<p><b>T\u00e9ma c\u00edme:<\/b><span style=\"font-weight: 400\"> Hordhat\u00f3 bioszenzorok szerepe gyakori betegs\u00e9gek \u00e1llapotk\u00f6vet\u00e9s\u00e9ben<\/span><\/p>\n<p><b>T\u00e9mavezet\u0151:<\/b><span style=\"font-weight: 400\"> Dr. Menyh\u00e1rt Ot\u00edlia<\/span><\/p>\n<p><b>Le\u00edr\u00e1s:<\/b><span style=\"font-weight: 400\"> Kereskedelmi forgalomban kaphat\u00f3 kar\u00f3r\u00e1kba \u00e9p\u00edtett, a fotopletizmogr\u00e1fia elv\u00e9n m\u0171k\u00f6d\u0151 bioszenzorok regisztr\u00e1tumainak korrel\u00e1ci\u00f3j\u00e1t vizsg\u00e1ljuk az adott param\u00e9ter vizsg\u00e1lat\u00e1ra valid\u00e1lt, standardnak min\u0151s\u00fcl\u0151 diagnosztikai vizsg\u00e1latok eredm\u00e9ny\u00e9vel. A nyert adatokat a hordhat\u00f3 bioszenzorokon alapul\u00f3 alkalmaz\u00e1sok sz\u00edv-\u00e9rrendszeri \u00e9s anyagcserebetegs\u00e9gek korai diagnosztik\u00e1j\u00e1ban bet\u00f6lt\u00f6tt szerep\u00e9nek vizsg\u00e1lat\u00e1ra, pontoss\u00e1guk objekt\u00edv meghat\u00e1roz\u00e1s\u00e1ra \u00e9s n\u00f6vel\u00e9s\u00e9re ir\u00e1nyul\u00f3 kutat\u00e1sban haszn\u00e1ljuk fel.<\/span><\/p>\n<p><b>T\u00e9ma jellege:<\/b><span style=\"font-weight: 400\"> Kapcsolattart\u00e1s a vizsg\u00e1latban r\u00e9sztvev\u0151 betegekkel, partner klinikai ambulanci\u00e1kon mintagy\u0171jt\u00e9s, adatgy\u0171jt\u00e9s elektronikus eg\u00e9szs\u00e9g\u00fcgyi dokument\u00e1ci\u00f3b\u00f3l.<\/span><\/p>\n<p><b>Kapcsolat:<\/b>\u00a0<span style=\"font-weight: 400\">\u00a0<\/span><a href=\"mailto:menyhart.otilia@med.semmelweis-univ.hu\"><span style=\"font-weight: 400\">menyhart.otilia@med.semmelweis-univ.hu<\/span><\/a><\/p><\/p>\n","protected":false},"excerpt":{"rendered":"<p>T\u00e9ma c\u00edme: Hordhat\u00f3 bioszenzorok szerepe gyakori betegs\u00e9gek \u00e1llapotk\u00f6vet\u00e9s\u00e9ben T\u00e9mavezet\u0151: Dr. Menyh\u00e1rt Ot\u00edlia Le\u00edr\u00e1s: Kereskedelmi forgalomban kaphat\u00f3 kar\u00f3r\u00e1kba \u00e9p\u00edtett, a fotopletizmogr\u00e1fia elv\u00e9n m\u0171k\u00f6d\u0151 bioszenzorok regisztr\u00e1tumainak korrel\u00e1ci\u00f3j\u00e1t vizsg\u00e1ljuk az adott param\u00e9ter vizsg\u00e1lat\u00e1ra valid\u00e1lt, standardnak min\u0151s\u00fcl\u0151 diagnosztikai vizsg\u00e1latok eredm\u00e9ny\u00e9vel. A nyert adatokat a hordhat\u00f3 bioszenzorokon alapul\u00f3 alkalmaz\u00e1sok sz\u00edv-\u00e9rrendszeri \u00e9s anyagcserebetegs\u00e9gek korai diagnosztik\u00e1j\u00e1ban bet\u00f6lt\u00f6tt szerep\u00e9nek vizsg\u00e1lat\u00e1ra, pontoss\u00e1guk objekt\u00edv meghat\u00e1roz\u00e1s\u00e1ra &hellip;<\/p>\n","protected":false},"author":101779,"featured_media":0,"parent":6989,"menu_order":0,"comment_status":"closed","ping_status":"closed","template":"","meta":{"_acf_changed":false,"footnotes":""},"categories":[],"tags":[],"class_list":["post-7356","page","type-page","status-publish","hentry"],"acf":[],"_links":{"self":[{"href":"https:\/\/semmelweis.hu\/bioinformatika\/wp-json\/wp\/v2\/pages\/7356","targetHints":{"allow":["GET"]}}],"collection":[{"href":"https:\/\/semmelweis.hu\/bioinformatika\/wp-json\/wp\/v2\/pages"}],"about":[{"href":"https:\/\/semmelweis.hu\/bioinformatika\/wp-json\/wp\/v2\/types\/page"}],"author":[{"embeddable":true,"href":"https:\/\/semmelweis.hu\/bioinformatika\/wp-json\/wp\/v2\/users\/101779"}],"replies":[{"embeddable":true,"href":"https:\/\/semmelweis.hu\/bioinformatika\/wp-json\/wp\/v2\/comments?post=7356"}],"version-history":[{"count":9,"href":"https:\/\/semmelweis.hu\/bioinformatika\/wp-json\/wp\/v2\/pages\/7356\/revisions"}],"predecessor-version":[{"id":7968,"href":"https:\/\/semmelweis.hu\/bioinformatika\/wp-json\/wp\/v2\/pages\/7356\/revisions\/7968"}],"up":[{"embeddable":true,"href":"https:\/\/semmelweis.hu\/bioinformatika\/wp-json\/wp\/v2\/pages\/6989"}],"wp:attachment":[{"href":"https:\/\/semmelweis.hu\/bioinformatika\/wp-json\/wp\/v2\/media?parent=7356"}],"wp:term":[{"taxonomy":"category","embeddable":true,"href":"https:\/\/semmelweis.hu\/bioinformatika\/wp-json\/wp\/v2\/categories?post=7356"},{"taxonomy":"post_tag","embeddable":true,"href":"https:\/\/semmelweis.hu\/bioinformatika\/wp-json\/wp\/v2\/tags?post=7356"}],"curies":[{"name":"wp","href":"https:\/\/api.w.org\/{rel}","templated":true}]}}