{"id":7025,"date":"2020-05-13T17:06:18","date_gmt":"2020-05-13T15:06:18","guid":{"rendered":"https:\/\/semmelweis.hu\/bioinformatika\/?page_id=7025"},"modified":"2025-01-28T15:45:07","modified_gmt":"2025-01-28T14:45:07","slug":"a-tantargy-ismertetese-3","status":"publish","type":"page","link":"https:\/\/semmelweis.hu\/bioinformatika\/oktatas\/alkalmazott-onkologia-bioinformatika-targy\/a-tantargy-ismertetese-3\/","title":{"rendered":"A tant\u00e1rgy ismertet\u00e9se"},"content":{"rendered":"<p style=\"text-align: center\"><span style=\"font-size: 18pt\"><strong>A kurzus adatai<\/strong><\/span><\/p>\n<p><strong>Kurzus c\u00edme:<\/strong> Alkalmazott bioinformatika az onkol\u00f3gi\u00e1ban<br \/>\n<strong>Program:<\/strong> Pathol\u00f3gia Doktori Iskola<br \/>\n<strong>Oktat\u00f3:<\/strong> Prof. Dr. Gy\u0151rffy Bal\u00e1zs<br \/>\n<strong>Szemeszter:<\/strong> II. f\u00e9l\u00e9v<br \/>\n<strong>Kurzus helye:<\/strong> 1094, Budapest, T\u0171zolt\u00f3 u. 7-9., II. Gyerekklinika k\u00f6nyvt\u00e1r<br \/>\n<strong>Els\u0151 \u00f3ra napja \u00e9s ideje:<\/strong> l\u00e1sd doktori iskola honlapja<br \/>\n<strong>Minim\u00e1lis l\u00e9tsz\u00e1m:<\/strong> 1<br \/>\n<strong>Maxim\u00e1lis l\u00e9tsz\u00e1m:<\/strong> 7<br \/>\n<strong>Vizsga t\u00edpusa:<\/strong> <br \/>\nA f\u00e9l\u00e9v v\u00e9g\u00e9re elk\u00e9sz\u00edtett \u00edr\u00e1sbeli elemz\u00e9s, amelynek sor\u00e1n b\u00e1rmilyen seg\u00e9deszk\u00f6z haszn\u00e1lata megengedett. Elemz\u00e9s alapj\u00e1n k\u00e9sz\u00fclt magyar nyelv\u0171 jegyz\u0151k\u00f6nyv = megfelelt. Elemz\u00e9s alapj\u00e1n k\u00e9sz\u00fclt angol nyelv\u0171 bek\u00fcld\u00f6tt k\u00e9zirat = kiv\u00e1l\u00f3an megfelelt.\u00a0<\/p>\n<p style=\"text-align: center\"><span style=\"font-size: 18pt\"><strong>A kurzus le\u00edr\u00e1sa<\/strong><\/span><\/p>\n<p style=\"text-align: justify\">Az oktat\u00e1s t\u00e9m\u00e1ja egy kiv\u00e1lasztott bioinformatikai projekt publik\u00e1ci\u00f3s szint\u0171 megold\u00e1sa. Ennek sor\u00e1n k\u00f6z\u00f6sen elv\u00e9gzett kutat\u00e1s t\u00f6rt\u00e9nik, amely a k\u00f6vetkez\u0151 \u00f6t ter\u00fcletr\u0151l v\u00e1lasztott aktu\u00e1lis onkol\u00f3giai probl\u00e9ma egyike: 1) predikt\u00edv biomarker azonos\u00edt\u00e1sa, 2) prognosztikus biomarker azonos\u00edt\u00e1sa, 3) tumor heterogenit\u00e1s vizsg\u00e1lata, 4) evol\u00faci\u00f3 modellez\u00e9se, 5) regul\u00e1ci\u00f3s h\u00e1l\u00f3zatok elemz\u00e9se.<\/p>\n<p style=\"text-align: justify\">Az oktat\u00e1s hetente egy szem\u00e9lyes oktat\u00e1s mellett (amikor a feladatok meghat\u00e1roz\u00e1sa illetve megbesz\u00e9l\u00e9se t\u00f6rt\u00e9nik meg, heti 2 \u00f3ra) jelent\u0151s mennyis\u00e9g\u0171 (legal\u00e1bb heti 6 \u00f3ra) h\u00e1zi feladatot tartalmaz. A kurzus az adott probl\u00e9ma eset\u00e9n a sz\u00fcks\u00e9ges k\u00e9rd\u00e9sek meghat\u00e1roz\u00e1s\u00e1val \u00e9s az adatok azonos\u00edt\u00e1s\u00e1val kezd\u0151dik, \u00e9s egy elk\u00e9sz\u00fclt k\u00e9zirat jelenti a kurzus t\u00f6k\u00e9letes teljes\u00edt\u00e9s\u00e9t.<\/p>\n<p style=\"text-align: justify\">A kurzus elv\u00e9gz\u00e9s\u00e9hez sz\u00fcks\u00e9ges minimum az R vagy a Galaxy ismerete. Egy adott projekten a hallgat\u00f3 dolgozhat \u00f6n\u00e1ll\u00f3an vagy p\u00e1rban. A kurzuson csak olyan hallgat\u00f3 vehet r\u00e9szt, aki a &#8222;Bionformatika&#8221; t\u00e1rgyat teljes\u00edtette \u00e9s a PhD kutat\u00e1si t\u00e9m\u00e1ja tartalmaz onkol\u00f3gi\u00e1t. A kurzusra csak olyan hallgat\u00f3 jelentkezhet, aki rendelkezik m\u00e1r legal\u00e1bb 2 lez\u00e1rt f\u00e9l\u00e9vvel a PhD k\u00e9pz\u00e9s sor\u00e1n. T\u00faljelentkez\u00e9s eset\u00e9n szem\u00e9lyes elbesz\u00e9lget\u00e9s alapj\u00e1n ker\u00fclnek a hallgat\u00f3k kiv\u00e1laszt\u00e1sra.<\/p>\n<p style=\"text-align: justify\">\u00a0<\/p>\n","protected":false},"excerpt":{"rendered":"<p>A kurzus adatai Kurzus c\u00edme: Alkalmazott bioinformatika az onkol\u00f3gi\u00e1ban Program: Pathol\u00f3gia Doktori Iskola Oktat\u00f3: Prof. Dr. Gy\u0151rffy Bal\u00e1zs Szemeszter: II. f\u00e9l\u00e9v Kurzus helye: 1094, Budapest, T\u0171zolt\u00f3 u. 7-9., II. Gyerekklinika k\u00f6nyvt\u00e1r Els\u0151 \u00f3ra napja \u00e9s ideje: l\u00e1sd doktori iskola honlapja Minim\u00e1lis l\u00e9tsz\u00e1m: 1 Maxim\u00e1lis l\u00e9tsz\u00e1m: 7 Vizsga t\u00edpusa: A f\u00e9l\u00e9v v\u00e9g\u00e9re elk\u00e9sz\u00edtett \u00edr\u00e1sbeli elemz\u00e9s, amelynek &hellip;<\/p>\n","protected":false},"author":101687,"featured_media":0,"parent":6997,"menu_order":0,"comment_status":"closed","ping_status":"closed","template":"","meta":{"_acf_changed":false,"footnotes":""},"categories":[],"tags":[],"class_list":["post-7025","page","type-page","status-publish","hentry"],"acf":[],"_links":{"self":[{"href":"https:\/\/semmelweis.hu\/bioinformatika\/wp-json\/wp\/v2\/pages\/7025","targetHints":{"allow":["GET"]}}],"collection":[{"href":"https:\/\/semmelweis.hu\/bioinformatika\/wp-json\/wp\/v2\/pages"}],"about":[{"href":"https:\/\/semmelweis.hu\/bioinformatika\/wp-json\/wp\/v2\/types\/page"}],"author":[{"embeddable":true,"href":"https:\/\/semmelweis.hu\/bioinformatika\/wp-json\/wp\/v2\/users\/101687"}],"replies":[{"embeddable":true,"href":"https:\/\/semmelweis.hu\/bioinformatika\/wp-json\/wp\/v2\/comments?post=7025"}],"version-history":[{"count":10,"href":"https:\/\/semmelweis.hu\/bioinformatika\/wp-json\/wp\/v2\/pages\/7025\/revisions"}],"predecessor-version":[{"id":10841,"href":"https:\/\/semmelweis.hu\/bioinformatika\/wp-json\/wp\/v2\/pages\/7025\/revisions\/10841"}],"up":[{"embeddable":true,"href":"https:\/\/semmelweis.hu\/bioinformatika\/wp-json\/wp\/v2\/pages\/6997"}],"wp:attachment":[{"href":"https:\/\/semmelweis.hu\/bioinformatika\/wp-json\/wp\/v2\/media?parent=7025"}],"wp:term":[{"taxonomy":"category","embeddable":true,"href":"https:\/\/semmelweis.hu\/bioinformatika\/wp-json\/wp\/v2\/categories?post=7025"},{"taxonomy":"post_tag","embeddable":true,"href":"https:\/\/semmelweis.hu\/bioinformatika\/wp-json\/wp\/v2\/tags?post=7025"}],"curies":[{"name":"wp","href":"https:\/\/api.w.org\/{rel}","templated":true}]}}