{"id":6946,"date":"2020-03-06T11:06:43","date_gmt":"2020-03-06T10:06:43","guid":{"rendered":"http:\/\/semmelweis.hu\/bioinformatika\/?page_id=6946"},"modified":"2026-01-13T12:11:49","modified_gmt":"2026-01-13T11:11:49","slug":"letoltheto-dokumentumok","status":"publish","type":"page","link":"https:\/\/semmelweis.hu\/bioinformatika\/tanszekunk-bemutatasa\/letoltheto-dokumentumok\/","title":{"rendered":"Let\u00f6lthet\u0151 dokumentumok"},"content":{"rendered":"<p><strong>Tansz\u00e9ki \u00fcgyrenddel kapcsolatos dokumentumok:<\/strong><\/p>\n<p><a href=\"https:\/\/semmelweis.hu\/bioinformatika\/files\/2020\/03\/SE-BIOINFO-SZR.pdf\" target=\"_blank\" rel=\"noopener noreferrer\">Tansz\u00e9ki \u00fcgyrend<\/a><\/p>\n<p><a href=\"https:\/\/semmelweis.hu\/bioinformatika\/files\/2020\/03\/SE-BIOINFO-SZR-M01.pdf\" target=\"_blank\" rel=\"noopener noreferrer\">Tansz\u00e9ki \u00fcgyrend &#8211; 1. sz\u00e1m\u00fa mell\u00e9klet<\/a><\/p>\n<p><a href=\"https:\/\/semmelweis.hu\/bioinformatika\/files\/2020\/03\/SE-BIOINFO-SZR-M01.pdf\" target=\"_blank\" rel=\"noopener noreferrer\">Tansz\u00e9ki<\/a><a href=\"https:\/\/semmelweis.hu\/bioinformatika\/files\/2020\/03\/SE-BIOINFO-SZR-M02.pdf\" target=\"_blank\" rel=\"noopener noreferrer\"> \u00fcgyrend &#8211; 2. sz\u00e1m\u00fa mell\u00e9klet<\/a><\/p>\n<p><a href=\"https:\/\/semmelweis.hu\/bioinformatika\/files\/2020\/03\/SE-BIOINFO-SZR-M01.pdf\" target=\"_blank\" rel=\"noopener noreferrer\">Tansz\u00e9ki <\/a><a href=\"https:\/\/semmelweis.hu\/bioinformatika\/files\/2020\/03\/SE-BIOINFO-SZR-M03.pdf\" target=\"_blank\" rel=\"noopener noreferrer\">\u00fcgyrend &#8211; 3. sz\u00e1m\u00fa mell\u00e9klet<\/a><\/p>\n<hr \/>\n<p><strong>Oktatott tant\u00e1rgyak:<\/strong><\/p>\n<p><a href=\"https:\/\/semmelweis.hu\/bioinformatika\/files\/2026\/01\/klinikai_bioinformatika_magyar.pdf\">Klinikai Bioinformatika k\u00f6vetelm\u00e9nyrendszer- magyar<\/a><\/p>\n<p><a href=\"https:\/\/semmelweis.hu\/bioinformatika\/files\/2026\/01\/klinikai_bioinformatika_angol.pdf\">Klinikai Bioinformatika k\u00f6vetelm\u00e9nyrendszer- angol<\/a><\/p>\n<p><a href=\"https:\/\/semmelweis.hu\/bioinformatika\/files\/2026\/01\/Mesterseges-intelligencia_halado-szinten_magyar.pdf\">Mesters\u00e9ges Intelligencia k\u00f6vetelm\u00e9nyrendszer<\/a><\/p>\n<hr \/>\n<p>&nbsp;<\/p>\n","protected":false},"excerpt":{"rendered":"<p>Tansz\u00e9ki \u00fcgyrenddel kapcsolatos dokumentumok:<br \/>\n<a href=\"https:\/\/semmelweis.hu\/bioinformatika\/files\/2020\/03\/SE-BIOINFO-SZR.pdf\" target=\"_blank\" rel=\"noopener noreferrer\">Tansz\u00e9ki \u00fcgyrend<\/a><br \/>\n<a href=\"https:\/\/semmelweis.hu\/bioinformatika\/files\/2020\/03\/SE-BIOINFO-SZR-M01.pdf\" target=\"_blank\" rel=\"noopener noreferrer\">Tansz\u00e9ki \u00fcgyrend &#8211; 1. sz\u00e1m\u00fa mell\u00e9klet<\/a><br \/>\n<a href=\"https:\/\/semmelweis.hu\/bioinformatika\/files\/2020\/03\/SE-BIOINFO-SZR-M01.pdf\" target=\"_blank\" rel=\"noopener noreferrer\">Tansz\u00e9ki<\/a><a href=\"https:\/\/semmelweis.hu\/bioinformatika\/files\/2020\/03\/SE-BIOINFO-SZR-M02.pdf\" target=\"_blank\" rel=\"noopener noreferrer\"> \u00fcgyrend &#8211; 2. sz\u00e1m\u00fa mell\u00e9klet<\/a><br \/>\n<a href=\"https:\/\/semmelweis.hu\/bioinformatika\/files\/2020\/03\/SE-BIOINFO-SZR-M01.pdf\" target=\"_blank\" rel=\"noopener noreferrer\">Tansz\u00e9ki <\/a><a href=\"https:\/\/semmelweis.hu\/bioinformatika\/files\/2020\/03\/SE-BIOINFO-SZR-M03.pdf\" target=\"_blank\" rel=\"noopener noreferrer\">\u00fcgyrend &#8211; 3. sz\u00e1m\u00fa mell\u00e9klet<\/a><\/p>\n<p>Oktatott tant\u00e1rgyak:<br \/>\n<a href=\"https:\/\/semmelweis.hu\/bioinformatika\/files\/2026\/01\/klinikai_bioinformatika_magyar.pdf\">Klinikai Bioinformatika k\u00f6vetelm\u00e9nyrendszer- magyar<\/a><br \/>\n<a href=\"https:\/\/semmelweis.hu\/bioinformatika\/files\/2026\/01\/klinikai_bioinformatika_angol.pdf\">Klinikai Bioinformatika k\u00f6vetelm\u00e9nyrendszer- angol<\/a><br \/>\n<a href=\"https:\/\/semmelweis.hu\/bioinformatika\/files\/2026\/01\/Mesterseges-intelligencia_halado-szinten_magyar.pdf\">Mesters\u00e9ges Intelligencia k\u00f6vetelm\u00e9nyrendszer<\/a><\/p>\n<p>&nbsp;<\/p>\n","protected":false},"author":101687,"featured_media":0,"parent":6501,"menu_order":1,"comment_status":"closed","ping_status":"closed","template":"","meta":{"_acf_changed":false,"footnotes":""},"categories":[],"tags":[],"class_list":["post-6946","page","type-page","status-publish","hentry"],"acf":[],"_links":{"self":[{"href":"https:\/\/semmelweis.hu\/bioinformatika\/wp-json\/wp\/v2\/pages\/6946","targetHints":{"allow":["GET"]}}],"collection":[{"href":"https:\/\/semmelweis.hu\/bioinformatika\/wp-json\/wp\/v2\/pages"}],"about":[{"href":"https:\/\/semmelweis.hu\/bioinformatika\/wp-json\/wp\/v2\/types\/page"}],"author":[{"embeddable":true,"href":"https:\/\/semmelweis.hu\/bioinformatika\/wp-json\/wp\/v2\/users\/101687"}],"replies":[{"embeddable":true,"href":"https:\/\/semmelweis.hu\/bioinformatika\/wp-json\/wp\/v2\/comments?post=6946"}],"version-history":[{"count":12,"href":"https:\/\/semmelweis.hu\/bioinformatika\/wp-json\/wp\/v2\/pages\/6946\/revisions"}],"predecessor-version":[{"id":11360,"href":"https:\/\/semmelweis.hu\/bioinformatika\/wp-json\/wp\/v2\/pages\/6946\/revisions\/11360"}],"up":[{"embeddable":true,"href":"https:\/\/semmelweis.hu\/bioinformatika\/wp-json\/wp\/v2\/pages\/6501"}],"wp:attachment":[{"href":"https:\/\/semmelweis.hu\/bioinformatika\/wp-json\/wp\/v2\/media?parent=6946"}],"wp:term":[{"taxonomy":"category","embeddable":true,"href":"https:\/\/semmelweis.hu\/bioinformatika\/wp-json\/wp\/v2\/categories?post=6946"},{"taxonomy":"post_tag","embeddable":true,"href":"https:\/\/semmelweis.hu\/bioinformatika\/wp-json\/wp\/v2\/tags?post=6946"}],"curies":[{"name":"wp","href":"https:\/\/api.w.org\/{rel}","templated":true}]}}