{"id":6886,"date":"2020-02-21T11:19:00","date_gmt":"2020-02-21T10:19:00","guid":{"rendered":"http:\/\/semmelweis.hu\/bioinformatika\/?page_id=6886"},"modified":"2024-04-03T14:22:12","modified_gmt":"2024-04-03T12:22:12","slug":"in-vivo-labor-2","status":"publish","type":"page","link":"https:\/\/semmelweis.hu\/bioinformatika\/in-vivo-labor-2\/","title":{"rendered":"In Vivo labor"},"content":{"rendered":"<p><img loading=\"lazy\" decoding=\"async\" class=\" wp-image-6908 aligncenter\" src=\"https:\/\/semmelweis.hu\/bioinformatika\/files\/2020\/03\/Halak.png\" alt=\"\" width=\"895\" height=\"353\" srcset=\"https:\/\/semmelweis.hu\/bioinformatika\/files\/2020\/03\/Halak.png 2560w, https:\/\/semmelweis.hu\/bioinformatika\/files\/2020\/03\/Halak-400x158.png 400w, https:\/\/semmelweis.hu\/bioinformatika\/files\/2020\/03\/Halak-1024x403.png 1024w, https:\/\/semmelweis.hu\/bioinformatika\/files\/2020\/03\/Halak-768x303.png 768w, https:\/\/semmelweis.hu\/bioinformatika\/files\/2020\/03\/Halak-1536x605.png 1536w, https:\/\/semmelweis.hu\/bioinformatika\/files\/2020\/03\/Halak-2048x807.png 2048w, https:\/\/semmelweis.hu\/bioinformatika\/files\/2020\/03\/Halak-753x297.png 753w\" sizes=\"auto, (max-width: 895px) 100vw, 895px\" \/><\/p>\n<p>&nbsp;<\/p>\n<p style=\"text-align: justify\">2019.okt\u00f3ber \u00f3ta Zebrad\u00e1ni\u00f3 in vivo laborunkban folytatunk \u00e1llatk\u00eds\u00e9rleteket.<\/p>\n<p style=\"text-align: justify\">A zebrad\u00e1ni\u00f3 (<em>Danio rerio<\/em>) sz\u00e9lesk\u00f6rben alkalmazott gerinces modell\u00e1llat. Sz\u00e1mos el\u0151ny\u00f6s tulajdons\u00e1ga teszi alkalmass\u00e1 kutat\u00e1si c\u00e9lokra, mint a r\u00f6vid gener\u00e1ci\u00f3s id\u0151, nagy ut\u00f3dsz\u00e1m, kis testm\u00e9ret, k\u00f6nny\u0171 teny\u00e9szthet\u0151s\u00e9g. Az emberi g\u00e9nek t\u00f6bb, mint 70%-\u00e1nak megtal\u00e1lhat\u00f3 az ortol\u00f3gja a zebrahalakban, illetve m\u00e1ra a teljes genomszekvenci\u00e1ja el\u00e9rhet\u0151, \u00edgy emberi betegs\u00e9gek modellez\u00e9s\u00e9re is alkalmass\u00e1 v\u00e1lt.<\/p>\n<p style=\"text-align: justify\">A fejl\u0151d\u0151 embri\u00f3k \u00e9s l\u00e1rv\u00e1k teste \u00e1tl\u00e1tsz\u00f3, \u00edgy mikroszk\u00f3ppal szabadon vizsg\u00e1lhat\u00f3 a fejl\u0151d\u00e9s\u00fck \u00e9s fluoreszcensen jel\u00f6lt feh\u00e9rj\u00e9k k\u00f6vethet\u0151k az \u00e9l\u0151 \u00e1llatokban is.<\/p>\n<p style=\"text-align: justify\">Kutat\u00e1sunk sor\u00e1n a halakat xenograft modellszervezetk\u00e9nt haszn\u00e1ljuk, amely sor\u00e1n az embri\u00f3kba hum\u00e1n eredet\u0171 tumorsejteket juttatunk be Nanoject II automata injektorral.<\/p>\n<p style=\"text-align: justify\">A zebrad\u00e1n\u00ed\u00f3 k\u00eds\u00e9rleteket M\u00fcller Dalma v\u00e9gzi.\u00a0<\/p>\n<p style=\"text-align: justify\">\u00a0<\/p>\n<p>&nbsp;<\/p>\n<p style=\"text-align: right\"><a href=\"https:\/\/semmelweis.hu\/bioinformatika\/files\/2021\/01\/PE_EA_960-3_2019-\u00e1llatk\u00eds\u00e9rleti-l\u00e9t.nyilv-v\u00e9t_alairt.pdf\">M\u0171k\u00f6d\u00e9si Enged\u00e9ly\u00fcnk<\/a><\/p>\n<p>&nbsp;<\/p>\n","protected":false},"excerpt":{"rendered":"<p>&nbsp; 2019.okt\u00f3ber \u00f3ta Zebrad\u00e1ni\u00f3 in vivo laborunkban folytatunk \u00e1llatk\u00eds\u00e9rleteket. A zebrad\u00e1ni\u00f3 (Danio rerio) sz\u00e9lesk\u00f6rben alkalmazott gerinces modell\u00e1llat. Sz\u00e1mos el\u0151ny\u00f6s tulajdons\u00e1ga teszi alkalmass\u00e1 kutat\u00e1si c\u00e9lokra, mint a r\u00f6vid gener\u00e1ci\u00f3s id\u0151, nagy ut\u00f3dsz\u00e1m, kis testm\u00e9ret, k\u00f6nny\u0171 teny\u00e9szthet\u0151s\u00e9g. Az emberi g\u00e9nek t\u00f6bb, mint 70%-\u00e1nak megtal\u00e1lhat\u00f3 az ortol\u00f3gja a zebrahalakban, illetve m\u00e1ra a teljes genomszekvenci\u00e1ja el\u00e9rhet\u0151, \u00edgy emberi betegs\u00e9gek &hellip;<\/p>\n","protected":false},"author":101687,"featured_media":0,"parent":0,"menu_order":0,"comment_status":"closed","ping_status":"closed","template":"","meta":{"_acf_changed":false,"footnotes":""},"categories":[],"tags":[],"class_list":["post-6886","page","type-page","status-publish","hentry"],"acf":[],"_links":{"self":[{"href":"https:\/\/semmelweis.hu\/bioinformatika\/wp-json\/wp\/v2\/pages\/6886","targetHints":{"allow":["GET"]}}],"collection":[{"href":"https:\/\/semmelweis.hu\/bioinformatika\/wp-json\/wp\/v2\/pages"}],"about":[{"href":"https:\/\/semmelweis.hu\/bioinformatika\/wp-json\/wp\/v2\/types\/page"}],"author":[{"embeddable":true,"href":"https:\/\/semmelweis.hu\/bioinformatika\/wp-json\/wp\/v2\/users\/101687"}],"replies":[{"embeddable":true,"href":"https:\/\/semmelweis.hu\/bioinformatika\/wp-json\/wp\/v2\/comments?post=6886"}],"version-history":[{"count":11,"href":"https:\/\/semmelweis.hu\/bioinformatika\/wp-json\/wp\/v2\/pages\/6886\/revisions"}],"predecessor-version":[{"id":7752,"href":"https:\/\/semmelweis.hu\/bioinformatika\/wp-json\/wp\/v2\/pages\/6886\/revisions\/7752"}],"wp:attachment":[{"href":"https:\/\/semmelweis.hu\/bioinformatika\/wp-json\/wp\/v2\/media?parent=6886"}],"wp:term":[{"taxonomy":"category","embeddable":true,"href":"https:\/\/semmelweis.hu\/bioinformatika\/wp-json\/wp\/v2\/categories?post=6886"},{"taxonomy":"post_tag","embeddable":true,"href":"https:\/\/semmelweis.hu\/bioinformatika\/wp-json\/wp\/v2\/tags?post=6886"}],"curies":[{"name":"wp","href":"https:\/\/api.w.org\/{rel}","templated":true}]}}