{"id":6884,"date":"2020-02-21T11:15:24","date_gmt":"2020-02-21T10:15:24","guid":{"rendered":"http:\/\/semmelweis.hu\/bioinformatika\/?page_id=6884"},"modified":"2024-04-03T14:20:54","modified_gmt":"2024-04-03T12:20:54","slug":"molekularis-genetika-2","status":"publish","type":"page","link":"https:\/\/semmelweis.hu\/bioinformatika\/molekularis-genetika-2\/","title":{"rendered":"Molekul\u00e1ris genetika"},"content":{"rendered":"<p style=\"text-align: justify\">A laborat\u00f3riumban az <em>in silico<\/em> elemz\u00e9seink sor\u00e1n azonos\u00edtott biomarkerek valid\u00e1l\u00e1sa a c\u00e9lunk, amelyeket nemcsak sejtkult\u00far\u00e1kon, hanem tumorsz\u00f6veti mint\u00e1kon is v\u00e9gz\u00fcnk.<\/p>\n<p style=\"text-align: justify\">A labor f\u0151 profilja a gy\u00f3gyszerrezisztencia kutat\u00e1sa, gy\u00f3gyszerek \u00fajrahasznos\u00edt\u00e1sa \u00e9s a gy\u00f3gyszeres kezel\u00e9sek v\u00e9gz\u00e9se nemcsak 2D, hanem 3D sejtkult\u00far\u00e1kon is.<\/p>\n<p style=\"text-align: justify\"><strong>Alkalmazott m\u00f3dszereink:<\/strong><\/p>\n<ul style=\"text-align: justify\">\n<li style=\"text-align: justify\">Sejtkult\u00fara (eml\u0151, t\u00fcd\u0151, vastagb\u00e9l \u00e9s gyomorkarcin\u00f3ma, fibroblaszt, fluoreszcens feh\u00e9rj\u00e9t kifejez\u0151 sejtvonalak),<\/li>\n<li style=\"text-align: justify\">Sejtprolifer\u00e1ci\u00f3 \u00e9s sejtviabilit\u00e1s vizsg\u00e1lat,<\/li>\n<li style=\"text-align: justify\">Feh\u00e9rje-kin\u00e1z g\u00e1tl\u00f3 kezel\u00e9sek,<\/li>\n<li style=\"text-align: justify\">G\u00e9nexpresszi\u00f3s vizsg\u00e1latok (qPCR),<\/li>\n<li style=\"text-align: justify\">\u00c1raml\u00e1si citometriai vizsg\u00e1latok,<\/li>\n<li>Immuncitok\u00e9mia,<\/li>\n<li style=\"text-align: justify\">\u00dajgener\u00e1ci\u00f3s szekven\u00e1l\u00e1s (teljes RNS \u00e9s exom szekven\u00e1l\u00e1s).<\/li>\n<\/ul>\n<p style=\"text-align: justify\"><img loading=\"lazy\" decoding=\"async\" class=\"alignnone size-full wp-image-6914\" src=\"https:\/\/semmelweis.hu\/bioinformatika\/files\/2020\/03\/Labor3.jpg\" alt=\"\" width=\"1632\" height=\"920\" srcset=\"https:\/\/semmelweis.hu\/bioinformatika\/files\/2020\/03\/Labor3.jpg 1632w, https:\/\/semmelweis.hu\/bioinformatika\/files\/2020\/03\/Labor3-400x225.jpg 400w, https:\/\/semmelweis.hu\/bioinformatika\/files\/2020\/03\/Labor3-1024x577.jpg 1024w, https:\/\/semmelweis.hu\/bioinformatika\/files\/2020\/03\/Labor3-768x433.jpg 768w, https:\/\/semmelweis.hu\/bioinformatika\/files\/2020\/03\/Labor3-1536x866.jpg 1536w, https:\/\/semmelweis.hu\/bioinformatika\/files\/2020\/03\/Labor3-753x424.jpg 753w\" sizes=\"auto, (max-width: 1632px) 100vw, 1632px\" \/> <img loading=\"lazy\" decoding=\"async\" class=\"alignnone size-full wp-image-6913\" src=\"https:\/\/semmelweis.hu\/bioinformatika\/files\/2020\/03\/Labor2.jpg\" alt=\"\" width=\"1632\" height=\"920\" srcset=\"https:\/\/semmelweis.hu\/bioinformatika\/files\/2020\/03\/Labor2.jpg 1632w, https:\/\/semmelweis.hu\/bioinformatika\/files\/2020\/03\/Labor2-400x225.jpg 400w, https:\/\/semmelweis.hu\/bioinformatika\/files\/2020\/03\/Labor2-1024x577.jpg 1024w, https:\/\/semmelweis.hu\/bioinformatika\/files\/2020\/03\/Labor2-768x433.jpg 768w, https:\/\/semmelweis.hu\/bioinformatika\/files\/2020\/03\/Labor2-1536x866.jpg 1536w, https:\/\/semmelweis.hu\/bioinformatika\/files\/2020\/03\/Labor2-753x424.jpg 753w\" sizes=\"auto, (max-width: 1632px) 100vw, 1632px\" \/> <img loading=\"lazy\" decoding=\"async\" class=\"alignnone size-full wp-image-6912\" src=\"https:\/\/semmelweis.hu\/bioinformatika\/files\/2020\/03\/Labor1.jpg\" alt=\"\" width=\"1632\" height=\"920\" srcset=\"https:\/\/semmelweis.hu\/bioinformatika\/files\/2020\/03\/Labor1.jpg 1632w, https:\/\/semmelweis.hu\/bioinformatika\/files\/2020\/03\/Labor1-400x225.jpg 400w, https:\/\/semmelweis.hu\/bioinformatika\/files\/2020\/03\/Labor1-1024x577.jpg 1024w, https:\/\/semmelweis.hu\/bioinformatika\/files\/2020\/03\/Labor1-768x433.jpg 768w, https:\/\/semmelweis.hu\/bioinformatika\/files\/2020\/03\/Labor1-1536x866.jpg 1536w, https:\/\/semmelweis.hu\/bioinformatika\/files\/2020\/03\/Labor1-753x424.jpg 753w\" sizes=\"auto, (max-width: 1632px) 100vw, 1632px\" \/><\/p>\n","protected":false},"excerpt":{"rendered":"<p>A laborat\u00f3riumban az in silico elemz\u00e9seink sor\u00e1n azonos\u00edtott biomarkerek valid\u00e1l\u00e1sa a c\u00e9lunk, amelyeket nemcsak sejtkult\u00far\u00e1kon, hanem tumorsz\u00f6veti mint\u00e1kon is v\u00e9gz\u00fcnk. A labor f\u0151 profilja a gy\u00f3gyszerrezisztencia kutat\u00e1sa, gy\u00f3gyszerek \u00fajrahasznos\u00edt\u00e1sa \u00e9s a gy\u00f3gyszeres kezel\u00e9sek v\u00e9gz\u00e9se nemcsak 2D, hanem 3D sejtkult\u00far\u00e1kon is. Alkalmazott m\u00f3dszereink: Sejtkult\u00fara (eml\u0151, t\u00fcd\u0151, vastagb\u00e9l \u00e9s gyomorkarcin\u00f3ma, fibroblaszt, fluoreszcens feh\u00e9rj\u00e9t kifejez\u0151 sejtvonalak), Sejtprolifer\u00e1ci\u00f3 \u00e9s &hellip;<\/p>\n","protected":false},"author":101687,"featured_media":0,"parent":0,"menu_order":0,"comment_status":"closed","ping_status":"closed","template":"","meta":{"_acf_changed":false,"footnotes":""},"categories":[],"tags":[],"class_list":["post-6884","page","type-page","status-publish","hentry"],"acf":[],"_links":{"self":[{"href":"https:\/\/semmelweis.hu\/bioinformatika\/wp-json\/wp\/v2\/pages\/6884","targetHints":{"allow":["GET"]}}],"collection":[{"href":"https:\/\/semmelweis.hu\/bioinformatika\/wp-json\/wp\/v2\/pages"}],"about":[{"href":"https:\/\/semmelweis.hu\/bioinformatika\/wp-json\/wp\/v2\/types\/page"}],"author":[{"embeddable":true,"href":"https:\/\/semmelweis.hu\/bioinformatika\/wp-json\/wp\/v2\/users\/101687"}],"replies":[{"embeddable":true,"href":"https:\/\/semmelweis.hu\/bioinformatika\/wp-json\/wp\/v2\/comments?post=6884"}],"version-history":[{"count":10,"href":"https:\/\/semmelweis.hu\/bioinformatika\/wp-json\/wp\/v2\/pages\/6884\/revisions"}],"predecessor-version":[{"id":6988,"href":"https:\/\/semmelweis.hu\/bioinformatika\/wp-json\/wp\/v2\/pages\/6884\/revisions\/6988"}],"wp:attachment":[{"href":"https:\/\/semmelweis.hu\/bioinformatika\/wp-json\/wp\/v2\/media?parent=6884"}],"wp:term":[{"taxonomy":"category","embeddable":true,"href":"https:\/\/semmelweis.hu\/bioinformatika\/wp-json\/wp\/v2\/categories?post=6884"},{"taxonomy":"post_tag","embeddable":true,"href":"https:\/\/semmelweis.hu\/bioinformatika\/wp-json\/wp\/v2\/tags?post=6884"}],"curies":[{"name":"wp","href":"https:\/\/api.w.org\/{rel}","templated":true}]}}