{"id":6833,"date":"2020-02-10T16:04:42","date_gmt":"2020-02-10T15:04:42","guid":{"rendered":"http:\/\/semmelweis.hu\/bioinformatika\/?page_id=6833"},"modified":"2023-05-11T13:22:17","modified_gmt":"2023-05-11T11:22:17","slug":"a-targy-teljesitesenek-feltetelei","status":"publish","type":"page","link":"https:\/\/semmelweis.hu\/bioinformatika\/oktatas\/kurzusadatok-es-kovetelmenyek-2\/a-targy-teljesitesenek-feltetelei\/","title":{"rendered":"A t\u00e1rgy teljes\u00edt\u00e9s\u00e9nek felt\u00e9telei"},"content":{"rendered":"<p><strong>A foglalkoz\u00e1sokon val\u00f3 r\u00e9szv\u00e9tel k\u00f6vetelm\u00e9nyei \u00e9s a t\u00e1volmarad\u00e1s p\u00f3tl\u00e1s\u00e1nak lehet\u0151s\u00e9ge:<\/strong><br \/>\nP\u00f3tl\u00e1sra nincs lehet\u0151s\u00e9g<\/p>\n<p><strong>A f\u00e9l\u00e9v al\u00e1\u00edr\u00e1s\u00e1nak k\u00f6vetelm\u00e9nyei:<\/strong><br \/>\nAz el\u0151ad\u00e1sokr\u00f3l \u00e9s gyakorlatokr\u00f3l t\u00f6rt\u00e9n\u0151 t\u00e1volmarad\u00e1sok sz\u00e1ma nem lehet t\u00f6bb a f\u00e9l\u00e9v gyakorlatainak 25%-\u00e1n\u00e1l.<\/p>\n<p><strong>A vizsga t\u00edpusa:\u00a0<\/strong>F\u00e9l\u00e9vk\u00f6zi jegy<\/p>\n<p><strong>Vizsgak\u00f6vetelm\u00e9nyek:<\/strong><br \/>\n60%-ra teljes\u00edtett teszt (60% alatt: nem megfelelt, 60-80%: megfelelt, 80% felett: kiv\u00e1l\u00f3an megfelelt)<\/p>\n<p><strong>Az oszt\u00e1lyzat kialak\u00edt\u00e1s\u00e1nak m\u00f3dja \u00e9s t\u00edpusa:<\/strong><br \/>\nTesztk\u00e9rd\u00e9sek \u00e9s feladatok helyes megold\u00e1s\u00e1nak ar\u00e1nya alapj\u00e1n.<\/p>\n<p><strong>A vizsg\u00e1ra t\u00f6rt\u00e9n\u0151 jelentkez\u00e9s m\u00f3dja:<\/strong><br \/>\nNeptun<\/p>\n<p><strong>A vizsga megism\u00e9tl\u00e9s\u00e9nek lehet\u0151s\u00e9gei:<\/strong><br \/>\nKett\u0151 alkalommal \u00fajabb teszt form\u00e1j\u00e1ban<\/p>\n<p><strong>A tananyag elsaj\u00e1t\u00edt\u00e1s\u00e1hoz felhaszn\u00e1lhat\u00f3 nyomtatott, elektronikus \u00e9s online jegyzetek, tank\u00f6nyvek, seg\u00e9dletek \u00e9s szakirodalom:<\/strong><br \/>\nAz el\u0151ad\u00e1son elhangzott ismeretek.<\/p>\n","protected":false},"excerpt":{"rendered":"<p>A foglalkoz\u00e1sokon val\u00f3 r\u00e9szv\u00e9tel k\u00f6vetelm\u00e9nyei \u00e9s a t\u00e1volmarad\u00e1s p\u00f3tl\u00e1s\u00e1nak lehet\u0151s\u00e9ge: P\u00f3tl\u00e1sra nincs lehet\u0151s\u00e9g A f\u00e9l\u00e9v al\u00e1\u00edr\u00e1s\u00e1nak k\u00f6vetelm\u00e9nyei: Az el\u0151ad\u00e1sokr\u00f3l \u00e9s gyakorlatokr\u00f3l t\u00f6rt\u00e9n\u0151 t\u00e1volmarad\u00e1sok sz\u00e1ma nem lehet t\u00f6bb a f\u00e9l\u00e9v gyakorlatainak 25%-\u00e1n\u00e1l. A vizsga t\u00edpusa:\u00a0F\u00e9l\u00e9vk\u00f6zi jegy Vizsgak\u00f6vetelm\u00e9nyek: 60%-ra teljes\u00edtett teszt (60% alatt: nem megfelelt, 60-80%: megfelelt, 80% felett: kiv\u00e1l\u00f3an megfelelt) Az oszt\u00e1lyzat kialak\u00edt\u00e1s\u00e1nak m\u00f3dja \u00e9s t\u00edpusa: &hellip;<\/p>\n","protected":false},"author":101687,"featured_media":0,"parent":6521,"menu_order":3,"comment_status":"closed","ping_status":"closed","template":"","meta":{"_acf_changed":false,"footnotes":""},"categories":[],"tags":[],"class_list":["post-6833","page","type-page","status-publish","hentry"],"acf":[],"_links":{"self":[{"href":"https:\/\/semmelweis.hu\/bioinformatika\/wp-json\/wp\/v2\/pages\/6833","targetHints":{"allow":["GET"]}}],"collection":[{"href":"https:\/\/semmelweis.hu\/bioinformatika\/wp-json\/wp\/v2\/pages"}],"about":[{"href":"https:\/\/semmelweis.hu\/bioinformatika\/wp-json\/wp\/v2\/types\/page"}],"author":[{"embeddable":true,"href":"https:\/\/semmelweis.hu\/bioinformatika\/wp-json\/wp\/v2\/users\/101687"}],"replies":[{"embeddable":true,"href":"https:\/\/semmelweis.hu\/bioinformatika\/wp-json\/wp\/v2\/comments?post=6833"}],"version-history":[{"count":2,"href":"https:\/\/semmelweis.hu\/bioinformatika\/wp-json\/wp\/v2\/pages\/6833\/revisions"}],"predecessor-version":[{"id":7524,"href":"https:\/\/semmelweis.hu\/bioinformatika\/wp-json\/wp\/v2\/pages\/6833\/revisions\/7524"}],"up":[{"embeddable":true,"href":"https:\/\/semmelweis.hu\/bioinformatika\/wp-json\/wp\/v2\/pages\/6521"}],"wp:attachment":[{"href":"https:\/\/semmelweis.hu\/bioinformatika\/wp-json\/wp\/v2\/media?parent=6833"}],"wp:term":[{"taxonomy":"category","embeddable":true,"href":"https:\/\/semmelweis.hu\/bioinformatika\/wp-json\/wp\/v2\/categories?post=6833"},{"taxonomy":"post_tag","embeddable":true,"href":"https:\/\/semmelweis.hu\/bioinformatika\/wp-json\/wp\/v2\/tags?post=6833"}],"curies":[{"name":"wp","href":"https:\/\/api.w.org\/{rel}","templated":true}]}}