{"id":6830,"date":"2020-02-10T16:02:46","date_gmt":"2020-02-10T15:02:46","guid":{"rendered":"http:\/\/semmelweis.hu\/bioinformatika\/?page_id=6830"},"modified":"2021-07-22T11:42:04","modified_gmt":"2021-07-22T09:42:04","slug":"a-targy-reszletes-tematikaja-2","status":"publish","type":"page","link":"https:\/\/semmelweis.hu\/bioinformatika\/oktatas\/kurzusadatok-es-kovetelmenyek-2\/a-targy-reszletes-tematikaja-2\/","title":{"rendered":"A t\u00e1rgy r\u00e9szletes tematik\u00e1ja"},"content":{"rendered":"<p><strong>A t\u00e1rgy r\u00e9szletes tematik\u00e1ja:<\/strong><\/p>\n<p><strong>I. Blokk: bevezet\u0151<\/strong><br \/>\n1. Bevezet\u0151 az adatvizualiz\u00e1l\u00e1sba, 1 \u00f3ra, Prof. Dr. Pongor S\u00e1ndor<br \/>\n2. Emberi \u00e9rz\u00e9kel\u00e9s \u00e9s az adatok vizualiz\u00e1l\u00e1sa, 1 \u00f3ra, Dr. Kov\u00e1cs Ilona<br \/>\n3. Gyakorlat: \u00e1ltal\u00e1nos adat\u00e1br\u00e1zol\u00e1s, 2 \u00f3ra, Dr. Ligeti Bal\u00e1zs<\/p>\n<p><strong>II. Blokk: Klinikai vizsg\u00e1latok eredm\u00e9nyeinek bemutat\u00e1sa<\/strong><br \/>\n1. V\u00e9gpontok alkalmaz\u00e1sa orvosbiol\u00f3giai vizsg\u00e1latokban, 1 \u00f3ra, Prof. Dr. Gy\u0151rffy Bal\u00e1zs<br \/>\n2. Gyakorlat: Orvosbiol\u00f3giai adat\u00e1br\u00e1zol\u00e1s, 2 \u00f3ra, Dr. Menyh\u00e1rt Ot\u00edlia<\/p>\n<p><strong>IV. Blokk: Genom \u00e9s metagenom \u00e1br\u00e1zol\u00e1s<\/strong><br \/>\n1. A molekul\u00e1kt\u00f3l a genomon \u00e1t a metagenomhoz, 2 \u00f3ra, Prof. Dr. Pongor S\u00e1ndor<br \/>\n2. Gyakorlat: Genome \u00e9s metagenom \u00e1br\u00e1zol\u00e1s, 3 \u00f3ra, Dr. Juh\u00e1sz J\u00e1nos<\/p>\n<p><strong>III. Blokk: Transzkriptom \u00e1br\u00e1zol\u00e1s<\/strong><br \/>\n1. F\u00fcrtelemz\u00e9s (clustering), 1 \u00f3ra, Prof. Dr. Gy\u0151rffy Bal\u00e1zs<br \/>\n2. Gyakorlat: Legelterjedtebb t\u00e1vols\u00e1gmodellez\u0151 programok, 2 \u00f3ra, Dr. Bartha \u00c1ron<\/p>\n<p><strong>V. Blokk: Adath\u00e1l\u00f3zatok<\/strong><br \/>\n1. H\u00e1l\u00f3zatok fel\u00e9p\u00edt\u00e9se, 1 \u00f3ra, Prof. Dr. Pongor S\u00e1ndor<br \/>\n2. Gyakorlat: H\u00e1l\u00f3zat\u00e9p\u00edt\u0151 programok, 2 \u00f3ra, Dr. Ligeti Bal\u00e1zs<\/p>\n<p><strong>VI. Blokk: 3D modellek proteinek \u00e9s DNS \u00e1br\u00e1zol\u00e1s\u00e1ban<\/strong><br \/>\n1. Bevezet\u00e9s a 3D modellez\u00e9sbe, 2 \u00f3ra, Dr. G\u00e1sp\u00e1ri Zolt\u00e1n<br \/>\n2. Gyakorlat: Molekul\u00e1ris vizualiz\u00e1l\u00f3 programok, 2 \u00f3ra, Dr. Juh\u00e1sz J\u00e1nos, Dr. G\u00e1sp\u00e1ri Zolt\u00e1n<\/p>\n<p><strong>VII. Blokk: Popul\u00e1ci\u00f3 \u00e1br\u00e1zol\u00e1s<\/strong><br \/>\n1. \u00c1gens-alap\u00fa \u00e9s k\u00fcl\u00f6nb\u00f6z\u0151 egyenletek modellez\u00e9se, 2 \u00f3ra, Dr. Juh\u00e1sz J\u00e1nos<br \/>\n2. Gyakorlat: Popul\u00e1ci\u00f3 \u00e1br\u00e1zol\u00e1si programok, 2 \u00f3ra, Dr. Ligeti Bal\u00e1zs<\/p>\n<p><strong>VIII. Blokk: Agyi modellek<\/strong><br \/>\n1. Agyi h\u00e1l\u00f3zati \u00e1br\u00e1zol\u00e1s, 2 \u00f3ra, Prof. Dr. Ulbert Istv\u00e1n<br \/>\n2. Agyi vizualiz\u00e1l\u00e1si p\u00e9ld\u00e1k, 2 \u00f3ra, Prof. Dr. Ulbert Istv\u00e1n<\/p>\n<p>&nbsp;<\/p>\n","protected":false},"excerpt":{"rendered":"<p>A t\u00e1rgy r\u00e9szletes tematik\u00e1ja: I. Blokk: bevezet\u0151 1. Bevezet\u0151 az adatvizualiz\u00e1l\u00e1sba, 1 \u00f3ra, Prof. Dr. Pongor S\u00e1ndor 2. Emberi \u00e9rz\u00e9kel\u00e9s \u00e9s az adatok vizualiz\u00e1l\u00e1sa, 1 \u00f3ra, Dr. Kov\u00e1cs Ilona 3. Gyakorlat: \u00e1ltal\u00e1nos adat\u00e1br\u00e1zol\u00e1s, 2 \u00f3ra, Dr. Ligeti Bal\u00e1zs II. Blokk: Klinikai vizsg\u00e1latok eredm\u00e9nyeinek bemutat\u00e1sa 1. V\u00e9gpontok alkalmaz\u00e1sa orvosbiol\u00f3giai vizsg\u00e1latokban, 1 \u00f3ra, Prof. Dr. Gy\u0151rffy Bal\u00e1zs &hellip;<\/p>\n","protected":false},"author":101687,"featured_media":0,"parent":6521,"menu_order":0,"comment_status":"closed","ping_status":"closed","template":"","meta":{"_acf_changed":false,"footnotes":""},"categories":[],"tags":[],"class_list":["post-6830","page","type-page","status-publish","hentry"],"acf":[],"_links":{"self":[{"href":"https:\/\/semmelweis.hu\/bioinformatika\/wp-json\/wp\/v2\/pages\/6830","targetHints":{"allow":["GET"]}}],"collection":[{"href":"https:\/\/semmelweis.hu\/bioinformatika\/wp-json\/wp\/v2\/pages"}],"about":[{"href":"https:\/\/semmelweis.hu\/bioinformatika\/wp-json\/wp\/v2\/types\/page"}],"author":[{"embeddable":true,"href":"https:\/\/semmelweis.hu\/bioinformatika\/wp-json\/wp\/v2\/users\/101687"}],"replies":[{"embeddable":true,"href":"https:\/\/semmelweis.hu\/bioinformatika\/wp-json\/wp\/v2\/comments?post=6830"}],"version-history":[{"count":3,"href":"https:\/\/semmelweis.hu\/bioinformatika\/wp-json\/wp\/v2\/pages\/6830\/revisions"}],"predecessor-version":[{"id":7523,"href":"https:\/\/semmelweis.hu\/bioinformatika\/wp-json\/wp\/v2\/pages\/6830\/revisions\/7523"}],"up":[{"embeddable":true,"href":"https:\/\/semmelweis.hu\/bioinformatika\/wp-json\/wp\/v2\/pages\/6521"}],"wp:attachment":[{"href":"https:\/\/semmelweis.hu\/bioinformatika\/wp-json\/wp\/v2\/media?parent=6830"}],"wp:term":[{"taxonomy":"category","embeddable":true,"href":"https:\/\/semmelweis.hu\/bioinformatika\/wp-json\/wp\/v2\/categories?post=6830"},{"taxonomy":"post_tag","embeddable":true,"href":"https:\/\/semmelweis.hu\/bioinformatika\/wp-json\/wp\/v2\/tags?post=6830"}],"curies":[{"name":"wp","href":"https:\/\/api.w.org\/{rel}","templated":true}]}}