{"id":6827,"date":"2020-02-10T16:01:51","date_gmt":"2020-02-10T15:01:51","guid":{"rendered":"http:\/\/semmelweis.hu\/bioinformatika\/?page_id=6827"},"modified":"2023-05-15T12:12:29","modified_gmt":"2023-05-15T10:12:29","slug":"a-tantargy-ismertetese-2","status":"publish","type":"page","link":"https:\/\/semmelweis.hu\/bioinformatika\/oktatas\/kurzusadatok-es-kovetelmenyek-2\/a-tantargy-ismertetese-2\/","title":{"rendered":"A tant\u00e1rgy ismertet\u00e9se"},"content":{"rendered":"<p style=\"text-align: justify\"><strong>A tant\u00e1rgy oktat\u00e1s\u00e1nak c\u00e9lkit\u0171z\u00e9se, helye az orvosk\u00e9pz\u00e9s kurrikulum\u00e1ban:<br \/>\n<\/strong>A m\u00e9r\u00e9si adatok \u00e9s komplex eredm\u00e9nyek \u00e1br\u00e1zol\u00e1sa az orvosi \u00e9s \u00e9lettudom\u00e1nyi vizsg\u00e1latok sor\u00e1n egy \u00faj t\u00edpus\u00fa probl\u00e9mak\u00e9nt jelentek meg. Hogyan k\u00e9sz\u00edts\u00fcnk hat\u00e9kony k\u00e9pi bemutat\u00e1st a numerikus vagy sz\u00f6veges adatokb\u00f3l kiindulva? Hogy s\u0171r\u00edts\u00fcnk nagymennyis\u00e9g\u0171 adatot, vagy egy mint\u00e1zatot, illetve egy megjelen\u00edtend\u0151 trendet egyetlen k\u00e9pbe t\u00f6bb ezer vagy milli\u00f3 adatpont eset\u00e9n? A tant\u00e1rgy keretein bel\u00fcl szekvenci\u00e1k, genomok, klinikai m\u00e9r\u00e9si \u00e9s ut\u00e1nk\u00f6vet\u00e9si adatok, metagenomok, g\u00e9nexpresszi\u00f3, feh\u00e9rj\u00e9k 3D-s szerkezete, DNS, biol\u00f3giai h\u00e1l\u00f3zatok, popul\u00e1ci\u00f3s vizsg\u00e1latok \u00e9s agyi h\u00e1l\u00f3zatok ter\u00fclet\u00e9re f\u00f3kusz\u00e1lunk. Az oktat\u00e1s c\u00e9lja, hogy egy olyan tud\u00e1st adjon a hallgat\u00f3k kez\u00e9be, amellyel egyr\u00e9szt a rendelkez\u00e9sre \u00e1ll\u00f3 eszk\u00f6z\u00f6k k\u00f6z\u00fcl tudnak v\u00e1lasztani, m\u00e1sr\u00e9szt viszont ismerik ezen eszk\u00f6z\u00f6k el\u0151nyeit \u00e9s h\u00e1tr\u00e1nyait is. A oktat\u00e1s megszervez\u00e9s\u00e9t a Semmelweis, a PPKE \u00e9s a BME \u00e1ltal k\u00f6z\u00f6sen elnyert az EFOP-3.6.2-16 p\u00e1ly\u00e1zat t\u00e1mogatja.<\/p>\n<p style=\"text-align: justify\"><strong>A t\u00e1rgy sikeres elv\u00e9gz\u00e9se milyen kompetenci\u00e1k megszerz\u00e9s\u00e9t eredm\u00e9nyezi:<br \/>\n<\/strong>A hallgat\u00f3 k\u00e9pess\u00e9 v\u00e1lik az alapvet\u0151 adat\u00e1br\u00e1zol\u00e1si m\u00f3dszerek pontos alkalmaz\u00e1s\u00e1ra. Az egyes m\u00f3dszerek h\u00e1tr\u00e1nyait \u00e9s el\u0151nyeit ismeri, a kutat\u00e1si eredm\u00e9nyek \u00e9s a klinikai vizsg\u00e1latok \u00e9rtelmez\u00e9se sor\u00e1n a hib\u00e1kat felismeri.<\/p>\n<p>A k\u00f6vetelm\u00e9nyrendszer <a href=\"https:\/\/semmelweis.hu\/bioinformatika\/files\/2022\/04\/Adatok-abrazolasa-a-bioinformatikaban-es-a-rendszerbiologiaban_Kovetelmenyrendszer.doc\">ide kattintva<\/a> \u00e9rhet\u0151 el<\/p>\n<p>&nbsp;<\/p>\n","protected":false},"excerpt":{"rendered":"<p>A tant\u00e1rgy oktat\u00e1s\u00e1nak c\u00e9lkit\u0171z\u00e9se, helye az orvosk\u00e9pz\u00e9s kurrikulum\u00e1ban: A m\u00e9r\u00e9si adatok \u00e9s komplex eredm\u00e9nyek \u00e1br\u00e1zol\u00e1sa az orvosi \u00e9s \u00e9lettudom\u00e1nyi vizsg\u00e1latok sor\u00e1n egy \u00faj t\u00edpus\u00fa probl\u00e9mak\u00e9nt jelentek meg. Hogyan k\u00e9sz\u00edts\u00fcnk hat\u00e9kony k\u00e9pi bemutat\u00e1st a numerikus vagy sz\u00f6veges adatokb\u00f3l kiindulva? Hogy s\u0171r\u00edts\u00fcnk nagymennyis\u00e9g\u0171 adatot, vagy egy mint\u00e1zatot, illetve egy megjelen\u00edtend\u0151 trendet egyetlen k\u00e9pbe t\u00f6bb ezer vagy milli\u00f3 &hellip;<\/p>\n","protected":false},"author":101687,"featured_media":0,"parent":6521,"menu_order":2,"comment_status":"closed","ping_status":"closed","template":"","meta":{"_acf_changed":false,"footnotes":""},"categories":[],"tags":[],"class_list":["post-6827","page","type-page","status-publish","hentry"],"acf":[],"_links":{"self":[{"href":"https:\/\/semmelweis.hu\/bioinformatika\/wp-json\/wp\/v2\/pages\/6827","targetHints":{"allow":["GET"]}}],"collection":[{"href":"https:\/\/semmelweis.hu\/bioinformatika\/wp-json\/wp\/v2\/pages"}],"about":[{"href":"https:\/\/semmelweis.hu\/bioinformatika\/wp-json\/wp\/v2\/types\/page"}],"author":[{"embeddable":true,"href":"https:\/\/semmelweis.hu\/bioinformatika\/wp-json\/wp\/v2\/users\/101687"}],"replies":[{"embeddable":true,"href":"https:\/\/semmelweis.hu\/bioinformatika\/wp-json\/wp\/v2\/comments?post=6827"}],"version-history":[{"count":3,"href":"https:\/\/semmelweis.hu\/bioinformatika\/wp-json\/wp\/v2\/pages\/6827\/revisions"}],"predecessor-version":[{"id":8147,"href":"https:\/\/semmelweis.hu\/bioinformatika\/wp-json\/wp\/v2\/pages\/6827\/revisions\/8147"}],"up":[{"embeddable":true,"href":"https:\/\/semmelweis.hu\/bioinformatika\/wp-json\/wp\/v2\/pages\/6521"}],"wp:attachment":[{"href":"https:\/\/semmelweis.hu\/bioinformatika\/wp-json\/wp\/v2\/media?parent=6827"}],"wp:term":[{"taxonomy":"category","embeddable":true,"href":"https:\/\/semmelweis.hu\/bioinformatika\/wp-json\/wp\/v2\/categories?post=6827"},{"taxonomy":"post_tag","embeddable":true,"href":"https:\/\/semmelweis.hu\/bioinformatika\/wp-json\/wp\/v2\/tags?post=6827"}],"curies":[{"name":"wp","href":"https:\/\/api.w.org\/{rel}","templated":true}]}}