{"id":6825,"date":"2020-02-10T16:00:33","date_gmt":"2020-02-10T15:00:33","guid":{"rendered":"http:\/\/semmelweis.hu\/bioinformatika\/?page_id=6825"},"modified":"2024-05-03T09:54:18","modified_gmt":"2024-05-03T07:54:18","slug":"kurzusadatok-es-kovetelmenyek","status":"publish","type":"page","link":"https:\/\/semmelweis.hu\/bioinformatika\/oktatas\/kurzusadatok-es-kovetelmenyek-2\/kurzusadatok-es-kovetelmenyek\/","title":{"rendered":"Kurzusadatok \u00e9s k\u00f6vetelm\u00e9nyek"},"content":{"rendered":"<p><strong>Oktat\u00e1sban k\u00f6zrem\u0171k\u00f6d\u0151 int\u00e9zm\u00e9ny:<br \/>\n<\/strong>PPKE Inform\u00e1ci\u00f3s Technol\u00f3giai \u00e9s Bionikai Kar<\/p>\n<p><strong>Angol nyelven:<br \/>\n<\/strong>Data Visualization in Systems Biology and Bioinformatics<strong>\u00a0\u00a0\u00a0\u00a0\u00a0\u00a0\u00a0\u00a0\u00a0\u00a0\u00a0\u00a0 <\/strong><\/p>\n<p><strong>Kredit\u00e9rt\u00e9ke: <\/strong>1<strong>\u00a0 \u00a0 \u00a0 \u00a0 \u00a0 \u00a0 \u00a0 \u00a0 \u00a0\u00a0<\/strong><\/p>\n<p><strong>Teljes \u00f3rasz\u00e1m: <\/strong>30 \u00f3ra, <strong>el\u0151ad\u00e1s: <\/strong>15 \u00f3ra, <strong>gyakorlat: <\/strong>15 \u00f3ra<\/p>\n<p><strong>Tant\u00e1rgy t\u00edpusa:<br \/>\n<\/strong>k\u00f6telez\u0151, k\u00f6telez\u0151en v\u00e1laszthat\u00f3, <u>szabadon v\u00e1laszthat\u00f3<\/u><\/p>\n<p><strong>Oktat\u00e1s nyelve:<br \/>\n<\/strong>angol<\/p>\n<p><strong>Tant\u00e1rgyfelel\u0151s neve:<br \/>\n<\/strong>Prof. Dr. Gy\u0151rffy Bal\u00e1zs<\/p>\n<p><strong>A kurzus megind\u00edt\u00e1s\u00e1nak hallgat\u00f3i l\u00e9tsz\u00e1mfelt\u00e9telei (minimum, maximum), a hallgat\u00f3k\u00a0 kiv\u00e1laszt\u00e1s\u00e1nak m\u00f3dja:<br \/>\n<\/strong>Legkisebb hallgat\u00f3i l\u00e9tsz\u00e1m: 10<br \/>\nLegmagasabb hallgat\u00f3i l\u00e9tsz\u00e1m: 40<\/p>\n<p><strong>A kurzusra t\u00f6rt\u00e9n\u0151 jelentkez\u00e9s m\u00f3dja:<br \/>\n<\/strong>Neptun regisztr\u00e1ci\u00f3, valamint a k\u00f6vetkez\u0151 oldalon:<br \/>\n<a href=\"https:\/\/efop362.itk.ppke.hu\/workshops\/data-visualization\/registration\/\">https:\/\/efop362.itk.ppke.hu\/workshops\/data-visualization\/<\/a><\/p>\n<p><strong>A tant\u00e1rgy felv\u00e9tel\u00e9hez, illetve elsaj\u00e1t\u00edt\u00e1s\u00e1hoz sz\u00fcks\u00e9ges el\u0151tanulm\u00e1nyi felt\u00e9tel(ek):<br \/>\n<\/strong>Sikeres els\u0151 4 szemeszter.<\/p>\n","protected":false},"excerpt":{"rendered":"<p>Oktat\u00e1sban k\u00f6zrem\u0171k\u00f6d\u0151 int\u00e9zm\u00e9ny: PPKE Inform\u00e1ci\u00f3s Technol\u00f3giai \u00e9s Bionikai Kar Angol nyelven: Data Visualization in Systems Biology and Bioinformatics\u00a0\u00a0\u00a0\u00a0\u00a0\u00a0\u00a0\u00a0\u00a0\u00a0\u00a0\u00a0 Kredit\u00e9rt\u00e9ke: 1\u00a0 \u00a0 \u00a0 \u00a0 \u00a0 \u00a0 \u00a0 \u00a0 \u00a0\u00a0 Teljes \u00f3rasz\u00e1m: 30 \u00f3ra, el\u0151ad\u00e1s: 15 \u00f3ra, gyakorlat: 15 \u00f3ra Tant\u00e1rgy t\u00edpusa: k\u00f6telez\u0151, k\u00f6telez\u0151en v\u00e1laszthat\u00f3, szabadon v\u00e1laszthat\u00f3 Oktat\u00e1s nyelve: angol Tant\u00e1rgyfelel\u0151s neve: Prof. Dr. Gy\u0151rffy Bal\u00e1zs A &hellip;<\/p>\n","protected":false},"author":101687,"featured_media":0,"parent":6521,"menu_order":0,"comment_status":"closed","ping_status":"closed","template":"","meta":{"_acf_changed":false,"footnotes":""},"categories":[],"tags":[],"class_list":["post-6825","page","type-page","status-publish","hentry"],"acf":[],"_links":{"self":[{"href":"https:\/\/semmelweis.hu\/bioinformatika\/wp-json\/wp\/v2\/pages\/6825","targetHints":{"allow":["GET"]}}],"collection":[{"href":"https:\/\/semmelweis.hu\/bioinformatika\/wp-json\/wp\/v2\/pages"}],"about":[{"href":"https:\/\/semmelweis.hu\/bioinformatika\/wp-json\/wp\/v2\/types\/page"}],"author":[{"embeddable":true,"href":"https:\/\/semmelweis.hu\/bioinformatika\/wp-json\/wp\/v2\/users\/101687"}],"replies":[{"embeddable":true,"href":"https:\/\/semmelweis.hu\/bioinformatika\/wp-json\/wp\/v2\/comments?post=6825"}],"version-history":[{"count":10,"href":"https:\/\/semmelweis.hu\/bioinformatika\/wp-json\/wp\/v2\/pages\/6825\/revisions"}],"predecessor-version":[{"id":10280,"href":"https:\/\/semmelweis.hu\/bioinformatika\/wp-json\/wp\/v2\/pages\/6825\/revisions\/10280"}],"up":[{"embeddable":true,"href":"https:\/\/semmelweis.hu\/bioinformatika\/wp-json\/wp\/v2\/pages\/6521"}],"wp:attachment":[{"href":"https:\/\/semmelweis.hu\/bioinformatika\/wp-json\/wp\/v2\/media?parent=6825"}],"wp:term":[{"taxonomy":"category","embeddable":true,"href":"https:\/\/semmelweis.hu\/bioinformatika\/wp-json\/wp\/v2\/categories?post=6825"},{"taxonomy":"post_tag","embeddable":true,"href":"https:\/\/semmelweis.hu\/bioinformatika\/wp-json\/wp\/v2\/tags?post=6825"}],"curies":[{"name":"wp","href":"https:\/\/api.w.org\/{rel}","templated":true}]}}