{"id":6812,"date":"2020-02-10T15:34:10","date_gmt":"2020-02-10T14:34:10","guid":{"rendered":"http:\/\/semmelweis.hu\/bioinformatika\/?page_id=6812"},"modified":"2025-01-28T15:38:55","modified_gmt":"2025-01-28T14:38:55","slug":"a-tantargy-ismertetese","status":"publish","type":"page","link":"https:\/\/semmelweis.hu\/bioinformatika\/oktatas\/bioinformatika-targy\/a-tantargy-ismertetese\/","title":{"rendered":"A tant\u00e1rgy ismertet\u00e9se"},"content":{"rendered":"<p style=\"text-align: center\"><strong><span style=\"font-size: 18pt\">A tant\u00e1rgy le\u00edr\u00e1sa<\/span><\/strong><\/p>\n<p>A napjainkban fut\u00f3 orvosbiol\u00f3giai kutat\u00e1sok k\u00e9tharmada tartalmaz egy bioinformatikai eszk\u00f6zt. Mik ezek? A kurzus sor\u00e1n a bioinformatika n\u00e9gy f\u0151 ter\u00fclet\u00e9t (bioinformatikai alapok, az omika, az integrat\u00edv tudom\u00e1ny \u00e9s a mesters\u00e9ges intelligencia) mutatjuk be el\u0151ad\u00e1sok form\u00e1j\u00e1ban. A gyakorlati k\u00e9pz\u00e9s sor\u00e1n a legfontosabb programok haszn\u00e1lat\u00e1t saj\u00e1t\u00edtja el a hallgat\u00f3. A gyakorlatnak r\u00e9sze egy k\u00f6vetkez\u0151 gener\u00e1ci\u00f3s szekven\u00e1l\u00e1s ki\u00e9rt\u00e9kel\u00e9se is. A kurzus sor\u00e1n olyan gyakorlati tud\u00e1st szereznek meg a hallgat\u00f3k, amelyet k\u00e9s\u0151bbi tudom\u00e1nyos munka sor\u00e1n (pld. TDK, szakdolgozat, PHD, klinikai kutat\u00e1sok) minden nap tudnak hasznos\u00edtani.<\/p>\n<p style=\"text-align: center\"><span style=\"font-size: 18pt\"><strong>Tant\u00e1rgy adatai \u00e9s k\u00f6vetelm\u00e9nyek<\/strong><\/span><\/p>\n<p><strong>Tan\u00e9v: <\/strong>II. f\u00e9l\u00e9v<\/p>\n<p><strong>Tant\u00e1rgyfelel\u0151s neve:<\/strong> Prof. Dr. Gy\u0151rffy Bal\u00e1zs<\/p>\n<p><strong>Kredit\u00e9rt\u00e9ke:<\/strong> 3<br \/>\n<strong><br \/>\n<\/strong><strong>Teljes \u00f3rasz\u00e1m: <\/strong>42\u00a0\u00f3ra<br \/>\n<strong>\u00a0 \u00a0 \u00a0el\u0151ad\u00e1s: <\/strong>18 \u00f3ra, <br \/>\n<strong>\u00a0 \u00a0 \u00a0gyakorlat: <\/strong>24 \u00f3ra, <br \/>\n<strong style=\"font-size: 1rem\">\u00a0 \u00a0 \u00a0szemin\u00e1rium: <\/strong><span style=\"font-size: 1rem\">0<\/p>\n<p><\/span><strong>Tant\u00e1rgy t\u00edpusa: <\/strong>k\u00f6telez\u0151en v\u00e1laszthat\u00f3<\/p>\n<p><strong>A t\u00e1rgy oktat\u00e1s\u00e1nak helye:<br \/>\nEl\u0151ad\u00e1s:<\/strong> : Gyermekgy\u00f3gy\u00e1szati Klinika, T\u0171zolt\u00f3 utcai r\u00e9szleg, tanterem<br \/>\n<strong>Gyakorlat:<\/strong> : Gyermekgy\u00f3gy\u00e1szati Klinika, T\u0171zolt\u00f3 utcai r\u00e9szleg, tanterem<\/p>\n<p><strong>A tant\u00e1rgy felv\u00e9tel\u00e9hez, illetve elsaj\u00e1t\u00edt\u00e1s\u00e1hoz sz\u00fcks\u00e9ges el\u0151tanulm\u00e1nyi felt\u00e9tel(ek):<br \/>\n<\/strong><span style=\"color: #1e2326\">Sikeres els\u0151 4 szemeszter (orvosi \u00e9lettan II, molekul\u00e1ris sejtbiol\u00f3gia II).<\/span><\/p>\n<p><strong>A kurzus megind\u00edt\u00e1s\u00e1nak hallgat\u00f3i l\u00e9tsz\u00e1mfelt\u00e9telei (minimum, maximum), a hallgat\u00f3k\u00a0 kiv\u00e1laszt\u00e1s\u00e1nak m\u00f3dja:<br \/>\n<\/strong>Legkisebb hallgat\u00f3i l\u00e9tsz\u00e1m: 20<br \/>\nLegmagasabb hallgat\u00f3i l\u00e9tsz\u00e1m: 60<\/p>\n<p><strong>A kurzusra t\u00f6rt\u00e9n\u0151 jelentkez\u00e9s m\u00f3dja:<br \/>\n<\/strong>Neptun regisztr\u00e1ci\u00f3<\/p>\n<p><strong>A megszerzett ismeretek ellen\u0151rz\u00e9s\u00e9nek m\u00f3dja a szorgalmi id\u0151szakban: <br \/>\n<\/strong>A gyakorlati oktat\u00e1son elv\u00e9gzett feladatok elv\u00e9gz\u00e9se, mely a f\u00e9l\u00e9v v\u00e9gi \u00e9rt\u00e9kel\u00e9s 50%-\u00e1t teszi ki<\/p>\n<p><strong>A f\u00e9l\u00e9v al\u00e1\u00edr\u00e1s\u00e1nak k\u00f6vetelm\u00e9nyei: <br \/>\n<\/strong>Az el\u0151ad\u00e1sokr\u00f3l \u00e9s gyakorlatokr\u00f3l t\u00f6rt\u00e9n\u0151 t\u00e1volmarad\u00e1sok sz\u00e1ma nem lehet t\u00f6bb a f\u00e9l\u00e9v gyakorlatainak 25%-\u00e1n\u00e1l.<\/p>\n<p style=\"margin-top: 0cm;background: white\"><strong><span style=\"color: #1e2326\">A sz\u00e1monk\u00e9r\u00e9s t\u00edpusa:<\/span><\/strong><b><span style=\"color: #1e2326\"><br \/>\n<\/span><\/b><span style=\"color: #1e2326\">A f\u00e9l\u00e9v egy projektfeladat teljes\u00edt\u00e9s\u00e9vel z\u00e1rul.<\/span><\/p>\n<p style=\"text-align: justify;background: white\"><strong><span style=\"color: #1e2326\">Vizsgak\u00f6vetelm\u00e9nyek:<\/span><\/strong><b><span style=\"color: #1e2326\"><br \/>\n<\/span><\/b><span style=\"color: #1e2326\">A <b>projektfeladat<\/b> k\u00e9t r\u00e9szb\u0151l tev\u0151dik \u00f6ssze: 1. Az elm\u00e9leti t\u00e9m\u00e1kb\u00f3l \u00f6ssze\u00e1ll\u00edtott 33 feleletv\u00e1laszt\u00f3s tesztk\u00e9rd\u00e9sb\u0151l. 2. Egy meghat\u00e1rozott bioinformatikai feladatot kell megoldani, amely egyezik a f\u00e9l\u00e9v sor\u00e1n tanult gyakorlati feladatok egyik\u00e9vel, azonban \u00faj adatokat tartalmaz. A bioinformatikai feladat elv\u00e9gz\u00e9se sor\u00e1n b\u00e1rmilyen seg\u00e9deszk\u00f6z haszn\u00e1lata lehets\u00e9ges, bele\u00e9rtve a saj\u00e1t laptop haszn\u00e1lat\u00e1t.<\/span><\/p>\n<p style=\"margin-top: 0cm;background: white\"><strong><span style=\"color: #1e2326\">Az oszt\u00e1lyzat kialak\u00edt\u00e1s\u00e1nak m\u00f3dja \u00e9s t\u00edpusa:<\/span><\/strong><b><span style=\"color: #1e2326\"><br \/>\n<\/span><\/b><span style=\"color: #1e2326\">A f\u00e9l\u00e9v v\u00e9gi oszt\u00e1lyzat kialak\u00edt\u00e1sa a gyakorlati oktat\u00e1son ismertetett feladatok (33.3%, ha minimum 75%-a bek\u00fcld\u00e9sre ker\u00fclt), az elm\u00e9leti ismeretanyagb\u00f3l \u00f6ssze\u00e1ll\u00edtott feleletv\u00e1lasztos teszt (33.3%) \u00e9s a projektfeladat (33.3%) alapj\u00e1n \u00f6tfokozat\u00fa min\u0151s\u00edt\u00e9ssel t\u00f6rt\u00e9nik.<\/span><\/p>\n<p style=\"margin-top: 0cm;background: white\"><strong><span style=\"color: #1e2326\">A tananyag elsaj\u00e1t\u00edt\u00e1s\u00e1hoz felhaszn\u00e1lhat\u00f3 nyomtatott, elektronikus \u00e9s online jegyzetek, tank\u00f6nyvek, seg\u00e9dletek \u00e9s szakirodalom (online anyag eset\u00e9n html c\u00edm):<\/span><\/strong><b><span style=\"color: #1e2326\"><br \/>\n<\/span><\/b><span style=\"color: #1e2326\">Az el\u0151ad\u00e1sokon \u00e9s gyakorlatokon elhangzott ismeretek.<\/span><\/p>\n<p>&nbsp;<\/p>\n","protected":false},"excerpt":{"rendered":"<p>A tant\u00e1rgy le\u00edr\u00e1sa A napjainkban fut\u00f3 orvosbiol\u00f3giai kutat\u00e1sok k\u00e9tharmada tartalmaz egy bioinformatikai eszk\u00f6zt. Mik ezek? A kurzus sor\u00e1n a bioinformatika n\u00e9gy f\u0151 ter\u00fclet\u00e9t (bioinformatikai alapok, az omika, az integrat\u00edv tudom\u00e1ny \u00e9s a mesters\u00e9ges intelligencia) mutatjuk be el\u0151ad\u00e1sok form\u00e1j\u00e1ban. A gyakorlati k\u00e9pz\u00e9s sor\u00e1n a legfontosabb programok haszn\u00e1lat\u00e1t saj\u00e1t\u00edtja el a hallgat\u00f3. A gyakorlatnak r\u00e9sze egy k\u00f6vetkez\u0151 &hellip;<\/p>\n","protected":false},"author":101687,"featured_media":0,"parent":6522,"menu_order":0,"comment_status":"closed","ping_status":"closed","template":"","meta":{"_acf_changed":false,"footnotes":""},"categories":[],"tags":[],"class_list":["post-6812","page","type-page","status-publish","hentry"],"acf":[],"_links":{"self":[{"href":"https:\/\/semmelweis.hu\/bioinformatika\/wp-json\/wp\/v2\/pages\/6812","targetHints":{"allow":["GET"]}}],"collection":[{"href":"https:\/\/semmelweis.hu\/bioinformatika\/wp-json\/wp\/v2\/pages"}],"about":[{"href":"https:\/\/semmelweis.hu\/bioinformatika\/wp-json\/wp\/v2\/types\/page"}],"author":[{"embeddable":true,"href":"https:\/\/semmelweis.hu\/bioinformatika\/wp-json\/wp\/v2\/users\/101687"}],"replies":[{"embeddable":true,"href":"https:\/\/semmelweis.hu\/bioinformatika\/wp-json\/wp\/v2\/comments?post=6812"}],"version-history":[{"count":12,"href":"https:\/\/semmelweis.hu\/bioinformatika\/wp-json\/wp\/v2\/pages\/6812\/revisions"}],"predecessor-version":[{"id":10837,"href":"https:\/\/semmelweis.hu\/bioinformatika\/wp-json\/wp\/v2\/pages\/6812\/revisions\/10837"}],"up":[{"embeddable":true,"href":"https:\/\/semmelweis.hu\/bioinformatika\/wp-json\/wp\/v2\/pages\/6522"}],"wp:attachment":[{"href":"https:\/\/semmelweis.hu\/bioinformatika\/wp-json\/wp\/v2\/media?parent=6812"}],"wp:term":[{"taxonomy":"category","embeddable":true,"href":"https:\/\/semmelweis.hu\/bioinformatika\/wp-json\/wp\/v2\/categories?post=6812"},{"taxonomy":"post_tag","embeddable":true,"href":"https:\/\/semmelweis.hu\/bioinformatika\/wp-json\/wp\/v2\/tags?post=6812"}],"curies":[{"name":"wp","href":"https:\/\/api.w.org\/{rel}","templated":true}]}}