{"id":6523,"date":"2020-01-29T17:11:15","date_gmt":"2020-01-29T16:11:15","guid":{"rendered":"http:\/\/semmelweis.hu\/bioinformatika\/?page_id=6523"},"modified":"2022-01-28T15:09:08","modified_gmt":"2022-01-28T14:09:08","slug":"systemicr","status":"publish","type":"page","link":"https:\/\/semmelweis.hu\/bioinformatika\/kutatas\/nemzetkozi-kapcsolatok\/systemicr\/","title":{"rendered":"SystemicR"},"content":{"rendered":"<p style=\"text-align: justify;\">A SystemicR a Marie-Curie akci\u00f3k k\u00f6z\u00e9 tartoz\u00f3 Innovative Training Network h\u00e1l\u00f3zat, amelynek keret\u00e9ben hat orsz\u00e1gb\u00f3l (Spanyolorsz\u00e1g, N\u00e9metorsz\u00e1g, Sv\u00e1jc, Hollandia, D\u00e1nia \u00e9s Magyarorsz\u00e1g) kilenc r\u00e9sztvev\u0151 int\u00e9zm\u00e9ny k\u00f6z\u00f6sen k\u00e9pez ki PhD hallgat\u00f3kat.<\/p>\n<p style=\"text-align: justify;\">A teljes projekt anyag let\u00f6lthet\u0151 <a href=\"https:\/\/semmelweis.hu\/bioinformatika\/files\/2020\/02\/210632190-SystemicR_PartB_SUBMITTED.pdf\">erre a linkre kattintva<\/a>\u00a0(pdf).<\/p>\n<p style=\"text-align: justify;\">A SystemicR konzorcium magyar r\u00e9sztvev\u0151je a Semmelweis Egyetem Bioinformatika Tansz\u00e9k.<\/p>\n","protected":false},"excerpt":{"rendered":"<p>A SystemicR a Marie-Curie akci\u00f3k k\u00f6z\u00e9 tartoz\u00f3 Innovative Training Network h\u00e1l\u00f3zat, amelynek keret\u00e9ben hat orsz\u00e1gb\u00f3l (Spanyolorsz\u00e1g, N\u00e9metorsz\u00e1g, Sv\u00e1jc, Hollandia, D\u00e1nia \u00e9s Magyarorsz\u00e1g) kilenc r\u00e9sztvev\u0151 int\u00e9zm\u00e9ny k\u00f6z\u00f6sen k\u00e9pez ki PhD hallgat\u00f3kat.<br \/>\nA teljes projekt anyag let\u00f6lthet\u0151 <a href=\"https:\/\/semmelweis.hu\/bioinformatika\/files\/2020\/02\/210632190-SystemicR_PartB_SUBMITTED.pdf\">erre a linkre kattintva<\/a>\u00a0(pdf).<br \/>\nA SystemicR konzorcium magyar r\u00e9sztvev\u0151je a Semmelweis Egyetem Bioinformatika Tansz\u00e9k.<\/p>\n","protected":false},"author":101688,"featured_media":0,"parent":6524,"menu_order":1,"comment_status":"closed","ping_status":"closed","template":"","meta":{"_acf_changed":false,"footnotes":""},"categories":[],"tags":[],"class_list":["post-6523","page","type-page","status-publish","hentry"],"acf":[],"_links":{"self":[{"href":"https:\/\/semmelweis.hu\/bioinformatika\/wp-json\/wp\/v2\/pages\/6523","targetHints":{"allow":["GET"]}}],"collection":[{"href":"https:\/\/semmelweis.hu\/bioinformatika\/wp-json\/wp\/v2\/pages"}],"about":[{"href":"https:\/\/semmelweis.hu\/bioinformatika\/wp-json\/wp\/v2\/types\/page"}],"author":[{"embeddable":true,"href":"https:\/\/semmelweis.hu\/bioinformatika\/wp-json\/wp\/v2\/users\/101688"}],"replies":[{"embeddable":true,"href":"https:\/\/semmelweis.hu\/bioinformatika\/wp-json\/wp\/v2\/comments?post=6523"}],"version-history":[{"count":7,"href":"https:\/\/semmelweis.hu\/bioinformatika\/wp-json\/wp\/v2\/pages\/6523\/revisions"}],"predecessor-version":[{"id":7819,"href":"https:\/\/semmelweis.hu\/bioinformatika\/wp-json\/wp\/v2\/pages\/6523\/revisions\/7819"}],"up":[{"embeddable":true,"href":"https:\/\/semmelweis.hu\/bioinformatika\/wp-json\/wp\/v2\/pages\/6524"}],"wp:attachment":[{"href":"https:\/\/semmelweis.hu\/bioinformatika\/wp-json\/wp\/v2\/media?parent=6523"}],"wp:term":[{"taxonomy":"category","embeddable":true,"href":"https:\/\/semmelweis.hu\/bioinformatika\/wp-json\/wp\/v2\/categories?post=6523"},{"taxonomy":"post_tag","embeddable":true,"href":"https:\/\/semmelweis.hu\/bioinformatika\/wp-json\/wp\/v2\/tags?post=6523"}],"curies":[{"name":"wp","href":"https:\/\/api.w.org\/{rel}","templated":true}]}}