{"id":6520,"date":"2020-01-29T17:11:15","date_gmt":"2020-01-29T16:11:15","guid":{"rendered":"http:\/\/semmelweis.hu\/bioinformatika\/?page_id=6520"},"modified":"2023-07-25T15:21:18","modified_gmt":"2023-07-25T13:21:18","slug":"phd-temak","status":"publish","type":"page","link":"https:\/\/semmelweis.hu\/bioinformatika\/kutatas\/phd-temak\/","title":{"rendered":"Kutat\u00f3labor"},"content":{"rendered":"<p style=\"text-align: justify\"><strong>A Bioinformatika Tansz\u00e9ken fut\u00f3 bioinformatikai kutat\u00e1si t\u00e9m\u00e1k list\u00e1ja:<br \/>\n<\/strong><\/p>\n<ol>\n<li style=\"text-align: justify\">K\u00f6vetkez\u0151 gener\u00e1ci\u00f3s szekven\u00e1l\u00e1si adatok diagnosztikai felhaszn\u00e1l\u00e1sa (Prof.Dr. Gy\u0151rffy Bal\u00e1zs)<\/li>\n<li style=\"text-align: justify\">Az evol\u00faci\u00f3 modellez\u00e9se (Prof.Dr. Gy\u0151rffy Bal\u00e1zs)<\/li>\n<li style=\"text-align: justify\">Off-target hat\u00e1sok klinikai alkalmaz\u00e1sa (Dr. Menyh\u00e1rt Ot\u00edlia)<\/li>\n<\/ol>\n<p><strong>A Bioinformatika Tansz\u00e9ken fut\u00f3 onkol\u00f3giai kutat\u00e1si t\u00e9m\u00e1k<\/strong><\/p>\n<ol>\n<li>Nem onkog\u00e9n s\u00e9r\u00fcl\u00e9kenys\u00e9gek azonos\u00edt\u00e1sa \u00e9s onkol\u00f3giai alkalmaz\u00e1sa (Prof.Dr. Gy\u0151rffy Bal\u00e1zs)<\/li>\n<li>Gyermekkori leuk\u00e9mi\u00e1k eset\u00e9n szem\u00e9lyre szabott ter\u00e1pi\u00e1s protokollok valid\u00e1l\u00e1sa (Prof.Dr. Gy\u0151rffy Bal\u00e1zs)<\/li>\n<li>Proteomikai biomarkerek szolid tumorokban (Dr. Sz\u00e1sz Attila Marcell)<\/li>\n<li style=\"text-align: justify\">Rosszindulat\u00fa tumorok optim\u00e1lis kezel\u00e9s\u00e9nek kiv\u00e1laszt\u00e1sa genom-szint\u0171 adatok felhaszn\u00e1l\u00e1s\u00e1val (Dr. Fekete J\u00e1nos Tibor)<\/li>\n<\/ol>\n<p>&nbsp;<\/p>\n","protected":false},"excerpt":{"rendered":"<p>A Bioinformatika Tansz\u00e9ken fut\u00f3 bioinformatikai kutat\u00e1si t\u00e9m\u00e1k list\u00e1ja: K\u00f6vetkez\u0151 gener\u00e1ci\u00f3s szekven\u00e1l\u00e1si adatok diagnosztikai felhaszn\u00e1l\u00e1sa (Prof.Dr. Gy\u0151rffy Bal\u00e1zs) Az evol\u00faci\u00f3 modellez\u00e9se (Prof.Dr. Gy\u0151rffy Bal\u00e1zs) Off-target hat\u00e1sok klinikai alkalmaz\u00e1sa (Dr. Menyh\u00e1rt Ot\u00edlia) A Bioinformatika Tansz\u00e9ken fut\u00f3 onkol\u00f3giai kutat\u00e1si t\u00e9m\u00e1k Nem onkog\u00e9n s\u00e9r\u00fcl\u00e9kenys\u00e9gek azonos\u00edt\u00e1sa \u00e9s onkol\u00f3giai alkalmaz\u00e1sa (Prof.Dr. Gy\u0151rffy Bal\u00e1zs) Gyermekkori leuk\u00e9mi\u00e1k eset\u00e9n szem\u00e9lyre szabott ter\u00e1pi\u00e1s protokollok valid\u00e1l\u00e1sa &hellip;<\/p>\n","protected":false},"author":101688,"featured_media":0,"parent":6505,"menu_order":2,"comment_status":"closed","ping_status":"closed","template":"","meta":{"_acf_changed":false,"footnotes":""},"categories":[],"tags":[],"class_list":["post-6520","page","type-page","status-publish","hentry"],"acf":[],"_links":{"self":[{"href":"https:\/\/semmelweis.hu\/bioinformatika\/wp-json\/wp\/v2\/pages\/6520","targetHints":{"allow":["GET"]}}],"collection":[{"href":"https:\/\/semmelweis.hu\/bioinformatika\/wp-json\/wp\/v2\/pages"}],"about":[{"href":"https:\/\/semmelweis.hu\/bioinformatika\/wp-json\/wp\/v2\/types\/page"}],"author":[{"embeddable":true,"href":"https:\/\/semmelweis.hu\/bioinformatika\/wp-json\/wp\/v2\/users\/101688"}],"replies":[{"embeddable":true,"href":"https:\/\/semmelweis.hu\/bioinformatika\/wp-json\/wp\/v2\/comments?post=6520"}],"version-history":[{"count":10,"href":"https:\/\/semmelweis.hu\/bioinformatika\/wp-json\/wp\/v2\/pages\/6520\/revisions"}],"predecessor-version":[{"id":9388,"href":"https:\/\/semmelweis.hu\/bioinformatika\/wp-json\/wp\/v2\/pages\/6520\/revisions\/9388"}],"up":[{"embeddable":true,"href":"https:\/\/semmelweis.hu\/bioinformatika\/wp-json\/wp\/v2\/pages\/6505"}],"wp:attachment":[{"href":"https:\/\/semmelweis.hu\/bioinformatika\/wp-json\/wp\/v2\/media?parent=6520"}],"wp:term":[{"taxonomy":"category","embeddable":true,"href":"https:\/\/semmelweis.hu\/bioinformatika\/wp-json\/wp\/v2\/categories?post=6520"},{"taxonomy":"post_tag","embeddable":true,"href":"https:\/\/semmelweis.hu\/bioinformatika\/wp-json\/wp\/v2\/tags?post=6520"}],"curies":[{"name":"wp","href":"https:\/\/api.w.org\/{rel}","templated":true}]}}