{"id":6501,"date":"2020-01-16T09:35:39","date_gmt":"2020-01-16T08:35:39","guid":{"rendered":"http:\/\/semmelweis.hu\/bioinformatika\/?page_id=6501"},"modified":"2023-02-24T11:17:11","modified_gmt":"2023-02-24T10:17:11","slug":"tanszekunk-bemutatasa","status":"publish","type":"page","link":"https:\/\/semmelweis.hu\/bioinformatika\/tanszekunk-bemutatasa\/","title":{"rendered":"Tansz\u00e9k\u00fcnk bemutat\u00e1sa"},"content":{"rendered":"<p style=\"text-align: justify\">Semmelweis Egyetem c\u00e9lja a Bioinformatika tansz\u00e9k l\u00e9trehoz\u00e1s\u00e1val, hogy orsz\u00e1gos szinten vezet\u0151 szerephez jusson az orvostudom\u00e1nnyal \u00f6sszef\u00fcgg\u0151, a bioinformatik\u00e1hoz kapcsol\u00f3d\u00f3 oktat\u00e1s, kutat\u00e1s \u00e9s szolg\u00e1ltat\u00e1sok ter\u00fclet\u00e9n.<\/p>\n<p style=\"text-align: justify\">A tansz\u00e9k els\u0151dleges feladata az oktat\u00e1sba azokat a hi\u00e1nyter\u00fcleteket bevonni, amelyek jelenleg nem szerepelnek az orvosk\u00e9pz\u00e9s folyamat\u00e1ban, mik\u00f6zben ma m\u00e1r egy gyakorl\u00f3 orvos is napi szinten tal\u00e1lkozik vel\u00fck. Ide tartozik az orvosi bioinformatika (adatb\u00e1zisok, oszt\u00e1lyoz\u00e1s \u00e9s klinikai d\u00f6nt\u00e9st\u00e1mogat\u00f3 rendszerek, genomika, transzkriptomika, proteomika, a meta-anal\u00edzis), az orvosi informatika (beteginform\u00e1ci\u00f3s rendszerek, az \u00f6ndiagnosztika, adatbiztons\u00e1g, \u00e9s a mindennapos orvosi informatikai programok), valamint a mesters\u00e9ges intelligencia.<\/p>\n<p style=\"text-align: justify\"><img decoding=\"async\" class=\"aligncenter\" src=\"https:\/\/semmelweis.hu\/bioinformatika\/files\/2022\/02\/Honlapra_tanszekunk.jpg\" alt=\"\" \/><\/p>\n<p style=\"text-align: justify\">Az oktat\u00e1s a gradu\u00e1lis k\u00e9pz\u00e9s alatt az \u00e1ltal\u00e1nos orvos \u00e1ltal is haszn\u00e1lt adatokra vonatkozik, amelyek sor\u00e1n els\u0151dleges teend\u0151 a klinikai alkalmaz\u00e1sra is ker\u00fcl\u0151 m\u00f3dszerek megismertet\u00e9se. Ennek keret\u00e9ben az elm\u00e9leti k\u00e9pz\u00e9s f\u0151 c\u00e9lja a bioinformatikai eszk\u00f6z\u00f6k bemutat\u00e1sa, az ezekkel k\u00e9sz\u00fclt elemz\u00e9sek szellemi h\u00e1tter\u00e9nek valamint a m\u00f3dszerek korl\u00e1tjainak megismertet\u00e9se a hallgat\u00f3kkal. A gyakorlati oktat\u00e1s sor\u00e1n azt k\u00edv\u00e1njuk el\u00e9rni, hogy a hallgat\u00f3k az alapvet\u0151 m\u00f3dszereket \u00f6n\u00e1ll\u00f3an is elsaj\u00e1t\u00edts\u00e1k, \u00e9s k\u00e9pesek legyenek egy saj\u00e1t elemz\u00e9s elv\u00e9gz\u00e9s\u00e9re.<\/p>\n<p style=\"text-align: justify\">A tansz\u00e9k kiemelt c\u00e9lja, hogy a bioinformatikai kutat\u00e1sok ter\u00fclet\u00e9n vezet\u0151 szerephez jusson a rendszerbiol\u00f3gia, a transzkriptomika, a szekvencia-elemz\u00e9sek, \u00e9s a popul\u00e1ci\u00f3-genetika. Az ezekhez kapcsol\u00f3d\u00f3 adatb\u00e1zisok \u00e9s elemz\u0151 rendszerek fejleszt\u00e9se \u00e9s fenntart\u00e1sa a kutat\u00e1sok egy olyan csoportj\u00e1t tartalmazza, amelyek az egyetemen eddig csak elsz\u00f3rva jelentek meg egy-egy int\u00e9zm\u00e9nyben.<\/p>\n<p style=\"text-align: justify\">A tansz\u00e9k emellett az egyetem eg\u00e9sz sz\u00e1m\u00e1ra \u201ebioinformatikai core facility\u201d-k\u00e9nt jelenik meg. A k\u00e9pzett szak\u00e9rtelem \u00f6sszpontos\u00edt\u00e1s\u00e1val a genomika diagnosztikai \u00e9s prevenci\u00f3s alkalmaz\u00e1s\u00e1t biztos\u00edtja. A biostatisztikai elemz\u00e9sek \u00e9s a min\u0151s\u00e9gkontroll lehet\u0151v\u00e9 teszik, hogy a betegek kezel\u00e9se sor\u00e1n k\u00f6zvetlen\u00fcl is felhaszn\u00e1lhat\u00f3ak legyenek a gener\u00e1lt adatok. Ennek megval\u00f3s\u00edt\u00e1s\u00e1hoz sz\u00fcks\u00e9ges az egyes ter\u00fcletek k\u00f6z\u00f6tti kapcsolat ki\u00e9p\u00edt\u00e9se (interoperability), valamint a nemzeti standardok megfogalmaz\u00e1sa \u00e9s egy inform\u00e1ci\u00f3s k\u00f6zpont l\u00e9trehoz\u00e1sa. A szolg\u00e1ltat\u00f3 \u00e9s technol\u00f3giai k\u00f6zpontk\u00e9nt val\u00f3 megjelent\u00e9s technikai r\u00e9szben szinten teljes\u00fclt eddig is, amit az USA National Institute of Health \u00e1ltal 506533-as sz\u00e1mon akkredit\u00e1lt genetikai laborunk f\u00e9mjelez.<\/p>\n<p style=\"text-align: justify\">V\u00e9gezet\u00fcl meg kell eml\u00edteni, hogy a bioinformatikai h\u00e1l\u00f3zatosod\u00e1s a tansz\u00e9k feladatai k\u00f6z\u00f6tt szint\u00e9n megjelenik. Ide egyr\u00e9szt a nemzetk\u00f6zi kutat\u00e1si \u00e9s oktat\u00e1si egy\u00fcttm\u0171k\u00f6d\u00e9sek tartoznak, de megjelenik az egyetem nemzetk\u00f6zi szervezetekben t\u00f6rt\u00e9n\u0151 k\u00e9pviselete is (pld ELIXIR). A tansz\u00e9ken nemzetk\u00f6zi kollabor\u00e1ci\u00f3kban bioinformatikai \u00e9s biostatisztikai ki\u00e9rt\u00e9kel\u00e9seket v\u00e9gz\u00fcnk kb. 40 k\u00fclf\u00f6ldi egyetem \u00e9s int\u00e9zet kutat\u00f3csoportjai sz\u00e1m\u00e1ra.<\/p>\n","protected":false},"excerpt":{"rendered":"<p>Semmelweis Egyetem c\u00e9lja a Bioinformatika tansz\u00e9k l\u00e9trehoz\u00e1s\u00e1val, hogy orsz\u00e1gos szinten vezet\u0151 szerephez jusson az orvostudom\u00e1nnyal \u00f6sszef\u00fcgg\u0151, a bioinformatik\u00e1hoz kapcsol\u00f3d\u00f3 oktat\u00e1s, kutat\u00e1s \u00e9s szolg\u00e1ltat\u00e1sok ter\u00fclet\u00e9n. A tansz\u00e9k els\u0151dleges feladata az oktat\u00e1sba azokat a hi\u00e1nyter\u00fcleteket bevonni, amelyek jelenleg nem szerepelnek az orvosk\u00e9pz\u00e9s folyamat\u00e1ban, mik\u00f6zben ma m\u00e1r egy gyakorl\u00f3 orvos is napi szinten tal\u00e1lkozik vel\u00fck. Ide tartozik az &hellip;<\/p>\n","protected":false},"author":12,"featured_media":6780,"parent":0,"menu_order":0,"comment_status":"closed","ping_status":"closed","template":"","meta":{"_acf_changed":false,"footnotes":""},"categories":[],"tags":[],"class_list":["post-6501","page","type-page","status-publish","has-post-thumbnail","hentry"],"acf":[],"_links":{"self":[{"href":"https:\/\/semmelweis.hu\/bioinformatika\/wp-json\/wp\/v2\/pages\/6501","targetHints":{"allow":["GET"]}}],"collection":[{"href":"https:\/\/semmelweis.hu\/bioinformatika\/wp-json\/wp\/v2\/pages"}],"about":[{"href":"https:\/\/semmelweis.hu\/bioinformatika\/wp-json\/wp\/v2\/types\/page"}],"author":[{"embeddable":true,"href":"https:\/\/semmelweis.hu\/bioinformatika\/wp-json\/wp\/v2\/users\/12"}],"replies":[{"embeddable":true,"href":"https:\/\/semmelweis.hu\/bioinformatika\/wp-json\/wp\/v2\/comments?post=6501"}],"version-history":[{"count":11,"href":"https:\/\/semmelweis.hu\/bioinformatika\/wp-json\/wp\/v2\/pages\/6501\/revisions"}],"predecessor-version":[{"id":8966,"href":"https:\/\/semmelweis.hu\/bioinformatika\/wp-json\/wp\/v2\/pages\/6501\/revisions\/8966"}],"wp:featuredmedia":[{"embeddable":true,"href":"https:\/\/semmelweis.hu\/bioinformatika\/wp-json\/wp\/v2\/media\/6780"}],"wp:attachment":[{"href":"https:\/\/semmelweis.hu\/bioinformatika\/wp-json\/wp\/v2\/media?parent=6501"}],"wp:term":[{"taxonomy":"category","embeddable":true,"href":"https:\/\/semmelweis.hu\/bioinformatika\/wp-json\/wp\/v2\/categories?post=6501"},{"taxonomy":"post_tag","embeddable":true,"href":"https:\/\/semmelweis.hu\/bioinformatika\/wp-json\/wp\/v2\/tags?post=6501"}],"curies":[{"name":"wp","href":"https:\/\/api.w.org\/{rel}","templated":true}]}}