{"id":6495,"date":"2020-01-16T09:29:52","date_gmt":"2020-01-16T08:29:52","guid":{"rendered":"http:\/\/semmelweis.hu\/bioinformatika\/?page_id=6495"},"modified":"2025-11-21T08:21:35","modified_gmt":"2025-11-21T07:21:35","slug":"elerhetoseg","status":"publish","type":"page","link":"https:\/\/semmelweis.hu\/bioinformatika\/elerhetoseg\/","title":{"rendered":"El\u00e9rhet\u0151s\u00e9g"},"content":{"rendered":"<p><strong>BIOINFORMATIKA TANSZ\u00c9K<\/strong><br \/>\nSemmelweis Egyetem, \u00c1ltal\u00e1nos Orvostudom\u00e1nyi Kar<\/p>\n<p><strong>C\u00edm:<\/strong> 1094 Budapest, T\u0171zolt\u00f3 u. 7.<br \/>\n<strong>Postac\u00edm:<\/strong> 1094 Budapest, T\u0171zolt\u00f3 u. 7.\u00a0<br \/>\n<strong>Telefon:<\/strong> +36-30-016-4509<br \/>\n<strong>Email:<\/strong> bioinformatika (kukac) semmelweis.hu<\/p>\n<p><strong>Facebook:<\/strong> <a href=\"http:\/\/facebook.com\/bioinformatikatanszek\">facebook.com\/bioinformatikatanszek<\/a><\/p>\n<p>&nbsp;<\/p>\n\n<!-- iframe plugin v.6.0 wordpress.org\/plugins\/iframe\/ -->\n<iframe src=\"https:\/\/www.google.com\/maps\/embed?pb=!1m18!1m12!1m3!1d2696.318357116634!2d19.06849391562621!3d47.483711179176666!2m3!1f0!2f0!3f0!3m2!1i1024!2i768!4f13.1!3m3!1m2!1s0x4741ddb6b6c54605%3A0x12f9dda418a73e1a!2sBioinformatika%20Tansz%C3%A9k%20-%20Semmelweis%20Egyetem!5e0!3m2!1shu!2shu!4v1680782874641!5m2!1shu!2shu\" width=\"100%\" height=\"450\" style=\"border:0;\" allowfullscreen loading=\"lazy\" referrerpolicy=\"no-referrer-when-downgrade\" scrolling=\"yes\" class=\"iframe-class\" frameborder=\"0\"><\/iframe>\n\n<p>&nbsp;<\/p>\n","protected":false},"excerpt":{"rendered":"<p>BIOINFORMATIKA TANSZ\u00c9K<br \/>\nSemmelweis Egyetem, \u00c1ltal\u00e1nos Orvostudom\u00e1nyi Kar<br \/>\nC\u00edm: 1094 Budapest, T\u0171zolt\u00f3 u. 7.<br \/>\nPostac\u00edm: 1094 Budapest, T\u0171zolt\u00f3 u. 7.\u00a0<br \/>\nTelefon: +36-30-016-4509<br \/>\nEmail: bioinformatika (kukac) semmelweis.hu<br \/>\nFacebook: <a href=\"http:\/\/facebook.com\/bioinformatikatanszek\">facebook.com\/bioinformatikatanszek<\/a><br \/>\n&nbsp;<\/p>\n<p>&nbsp;<\/p>\n","protected":false},"author":12,"featured_media":0,"parent":0,"menu_order":8,"comment_status":"closed","ping_status":"closed","template":"template-fullwidth.php","meta":{"_acf_changed":false,"footnotes":""},"categories":[],"tags":[],"class_list":["post-6495","page","type-page","status-publish","hentry"],"acf":[],"_links":{"self":[{"href":"https:\/\/semmelweis.hu\/bioinformatika\/wp-json\/wp\/v2\/pages\/6495","targetHints":{"allow":["GET"]}}],"collection":[{"href":"https:\/\/semmelweis.hu\/bioinformatika\/wp-json\/wp\/v2\/pages"}],"about":[{"href":"https:\/\/semmelweis.hu\/bioinformatika\/wp-json\/wp\/v2\/types\/page"}],"author":[{"embeddable":true,"href":"https:\/\/semmelweis.hu\/bioinformatika\/wp-json\/wp\/v2\/users\/12"}],"replies":[{"embeddable":true,"href":"https:\/\/semmelweis.hu\/bioinformatika\/wp-json\/wp\/v2\/comments?post=6495"}],"version-history":[{"count":13,"href":"https:\/\/semmelweis.hu\/bioinformatika\/wp-json\/wp\/v2\/pages\/6495\/revisions"}],"predecessor-version":[{"id":11276,"href":"https:\/\/semmelweis.hu\/bioinformatika\/wp-json\/wp\/v2\/pages\/6495\/revisions\/11276"}],"wp:attachment":[{"href":"https:\/\/semmelweis.hu\/bioinformatika\/wp-json\/wp\/v2\/media?parent=6495"}],"wp:term":[{"taxonomy":"category","embeddable":true,"href":"https:\/\/semmelweis.hu\/bioinformatika\/wp-json\/wp\/v2\/categories?post=6495"},{"taxonomy":"post_tag","embeddable":true,"href":"https:\/\/semmelweis.hu\/bioinformatika\/wp-json\/wp\/v2\/tags?post=6495"}],"curies":[{"name":"wp","href":"https:\/\/api.w.org\/{rel}","templated":true}]}}