{"id":11353,"date":"2026-01-12T11:44:36","date_gmt":"2026-01-12T10:44:36","guid":{"rendered":"https:\/\/semmelweis.hu\/bioinformatika\/?page_id=11353"},"modified":"2026-03-16T09:42:58","modified_gmt":"2026-03-16T08:42:58","slug":"2026-ban-megjelent-publikacioink","status":"publish","type":"page","link":"https:\/\/semmelweis.hu\/bioinformatika\/2026-ban-megjelent-publikacioink\/","title":{"rendered":"2026-ban megjelent publik\u00e1ci\u00f3ink"},"content":{"rendered":"<ol>\n<li>Nugnes, M. V. <em>et al.<\/em> <strong>DisProt <\/strong>in 2026: enhancing intrinsically disordered proteins accessibility, deposition, and annotation. <strong><em>Nucleic Acids Res.<\/em><\/strong> <strong>54<\/strong>, D383\u2013D392 (2026).<\/li>\n<li><strong>Menyhart, O., M\u00fcller, D. &amp; Gy\u0151rffy, B<\/strong>. DNA methylation-mediated extracellular matrix gene silencing in colorectal cancer. <em>Semin. <strong>Oncol<\/strong>.<\/em> <strong>53<\/strong>, 152469 (2026).<\/li>\n<li>Szepesi-Nagy, I. <strong>Tusn\u00e1dy G<\/strong>, <em>et al.<\/em> Frag\u2019n\u2019Flow: automated workflow for large-scale quantitative proteomics in high performance computing environments. <strong><em>BMC Bioinformatics<\/em><\/strong> <strong>27<\/strong>, 18 (2026).<\/li>\n<li>P\u00f3sfai, B. , <strong>Munk\u00e1csy Gy,<\/strong> <em>et al.<\/em> Hemangioblastoma of the Kidney-A Comprehensive Clinical, Pathological, and Genetic Analysis of Four Cases. <em>APMIS Acta Pathol<strong>. Microbiol. Immunol<\/strong>. <strong>Scand<\/strong>.<\/em> <strong>134<\/strong>, e70147 (2026).<\/li>\n<li>L\u00f3zsa, R., <strong>Sz\u00e1ll\u00e1si Z.,<\/strong> <em>et al.<\/em> Long-term exposure to the ethanol-derived metabolite acetaldehyde elevates structural genomic alterations but not base substitutions. <strong><em>Commun. Biol<\/em><\/strong><em>.<\/em> <strong>9<\/strong>, 243 (2026).<\/li>\n<li><strong>Fekete, J. T., Kom\u00f3csi, A. &amp; Gy\u0151rffy, B.<\/strong> NetMetaEasy: enabling rapid and user-friendly network meta-analysis (NMA) for comparative effectiveness research. <strong><em>Br. J. Pharmacol<\/em><\/strong><em>.<\/em> https:\/\/doi.org\/10.1111\/bph.70391 (2026) doi:10.1111\/bph.70391.<\/li>\n<li>Ungvari, Z. <strong>Menyhart O, Gy\u0151rffy B,<\/strong> <em>et al.<\/em> Subtype-specific sirtuin expression signatures link mitochondrial-epigenetic networks to breast cancer survival. <strong><em>GeroScience<\/em> <\/strong>https:\/\/doi.org\/10.1007\/s11357-026-02143-9 (2026) doi:10.1007\/s11357-026-02143-9.<\/li>\n<\/ol>\n<p>&nbsp;<\/p>\n<p>&nbsp;<\/p>\n","protected":false},"excerpt":{"rendered":"<p>Nugnes, M. V. et al. DisProt in 2026: enhancing intrinsically disordered proteins accessibility, deposition, and annotation. Nucleic Acids Res. 54, D383\u2013D392 (2026). Menyhart, O., M\u00fcller, D. &amp; Gy\u0151rffy, B. DNA methylation-mediated extracellular matrix gene silencing in colorectal cancer. Semin. Oncol. 53, 152469 (2026). Szepesi-Nagy, I. Tusn\u00e1dy G, et al. Frag\u2019n\u2019Flow: automated workflow for large-scale quantitative &hellip;<\/p>\n","protected":false},"author":102440,"featured_media":0,"parent":0,"menu_order":0,"comment_status":"closed","ping_status":"closed","template":"","meta":{"_acf_changed":false,"footnotes":""},"categories":[],"tags":[],"class_list":["post-11353","page","type-page","status-publish","hentry"],"acf":[],"_links":{"self":[{"href":"https:\/\/semmelweis.hu\/bioinformatika\/wp-json\/wp\/v2\/pages\/11353","targetHints":{"allow":["GET"]}}],"collection":[{"href":"https:\/\/semmelweis.hu\/bioinformatika\/wp-json\/wp\/v2\/pages"}],"about":[{"href":"https:\/\/semmelweis.hu\/bioinformatika\/wp-json\/wp\/v2\/types\/page"}],"author":[{"embeddable":true,"href":"https:\/\/semmelweis.hu\/bioinformatika\/wp-json\/wp\/v2\/users\/102440"}],"replies":[{"embeddable":true,"href":"https:\/\/semmelweis.hu\/bioinformatika\/wp-json\/wp\/v2\/comments?post=11353"}],"version-history":[{"count":8,"href":"https:\/\/semmelweis.hu\/bioinformatika\/wp-json\/wp\/v2\/pages\/11353\/revisions"}],"predecessor-version":[{"id":11452,"href":"https:\/\/semmelweis.hu\/bioinformatika\/wp-json\/wp\/v2\/pages\/11353\/revisions\/11452"}],"wp:attachment":[{"href":"https:\/\/semmelweis.hu\/bioinformatika\/wp-json\/wp\/v2\/media?parent=11353"}],"wp:term":[{"taxonomy":"category","embeddable":true,"href":"https:\/\/semmelweis.hu\/bioinformatika\/wp-json\/wp\/v2\/categories?post=11353"},{"taxonomy":"post_tag","embeddable":true,"href":"https:\/\/semmelweis.hu\/bioinformatika\/wp-json\/wp\/v2\/tags?post=11353"}],"curies":[{"name":"wp","href":"https:\/\/api.w.org\/{rel}","templated":true}]}}