{"id":11239,"date":"2025-11-03T17:33:12","date_gmt":"2025-11-03T16:33:12","guid":{"rendered":"https:\/\/semmelweis.hu\/bioinformatika\/?page_id=11239"},"modified":"2025-11-03T17:33:12","modified_gmt":"2025-11-03T16:33:12","slug":"dobolyi-zsofia","status":"publish","type":"page","link":"https:\/\/semmelweis.hu\/bioinformatika\/tanszekunk-bemutatasa\/phd-hallgatok\/dobolyi-zsofia\/","title":{"rendered":"Dobolyi Zs\u00f3fia"},"content":{"rendered":"<p style=\"text-align: justify\"><strong><img loading=\"lazy\" decoding=\"async\" class=\"size-medium wp-image-11237 alignleft\" src=\"https:\/\/semmelweis.hu\/bioinformatika\/files\/2025\/11\/kep-288x400.png\" alt=\"\" width=\"288\" height=\"400\" srcset=\"https:\/\/semmelweis.hu\/bioinformatika\/files\/2025\/11\/kep-288x400.png 288w, https:\/\/semmelweis.hu\/bioinformatika\/files\/2025\/11\/kep-738x1024.png 738w, https:\/\/semmelweis.hu\/bioinformatika\/files\/2025\/11\/kep-768x1065.png 768w, https:\/\/semmelweis.hu\/bioinformatika\/files\/2025\/11\/kep-1107x1536.png 1107w, https:\/\/semmelweis.hu\/bioinformatika\/files\/2025\/11\/kep-1476x2048.png 1476w, https:\/\/semmelweis.hu\/bioinformatika\/files\/2025\/11\/kep-753x1045.png 753w\" sizes=\"auto, (max-width: 288px) 100vw, 288px\" \/>N\u00e9v<\/strong>: Dobolyi Zs\u00f3fia<\/p>\n<p style=\"text-align: justify\"><strong>T\u00e9ma<\/strong>: Ter\u00e1pi\u00e1s c\u00e9lpontok kifejez\u0151d\u00e9s\u00e9nek vizsg\u00e1lata a tumor mikrok\u00f6rnyezetben egysejt RNS-szekven\u00e1l\u00e1si adatok alapj\u00e1n<\/p>\n<p style=\"text-align: justify\"><strong>T\u00e9mavezet\u0151<\/strong>: Dr. Menyh\u00e1rt Ot\u00edlia<\/p>\n<p style=\"text-align: justify\"><strong>Kutat\u00e1si t\u00e9ma \u00f6sszefoglal\u00e1sa<\/strong>: Publikusan el\u00e9rhet\u0151 adatb\u00e1zisokb\u00f3l sz\u00e1rmaz\u00f3, tumoros betegekhez kapcsol\u00f3d\u00f3 egysejt RNS-szekven\u00e1l\u00e1si \u00e9s klinikai adatokat gy\u0171jt\u00f6k \u00f6ssze \u00e9s elemzek egy egyedi fejleszt\u00e9s\u0171 bioinformatikai pipeline seg\u00edts\u00e9g\u00e9vel. Az egysejt-szekven\u00e1l\u00e1si technol\u00f3gia \u00e1ltal biztos\u00edtott sejtszint\u0171 felbont\u00e1s lehet\u0151v\u00e9 teszi a tumorsz\u00f6vet heterogenit\u00e1s\u00e1nak felt\u00e9rk\u00e9pez\u00e9s\u00e9t, az egyes sejtt\u00edpusok g\u00e9nexpresszi\u00f3s mint\u00e1zatainak jellemz\u00e9s\u00e9t, valamint a sejtek k\u00f6z\u00f6tti interakci\u00f3s h\u00e1l\u00f3zatok vizsg\u00e1lat\u00e1t. Az elemz\u00e9s sor\u00e1n azonos\u00edtott kulcsg\u00e9nek potenci\u00e1lis ter\u00e1pi\u00e1s c\u00e9lpontk\u00e9nt szolg\u00e1lhatnak a j\u00f6v\u0151beni gy\u00f3gyszerfejleszt\u00e9si kutat\u00e1sok sz\u00e1m\u00e1ra.<\/p>\n","protected":false},"excerpt":{"rendered":"<p>N\u00e9v: Dobolyi Zs\u00f3fia T\u00e9ma: Ter\u00e1pi\u00e1s c\u00e9lpontok kifejez\u0151d\u00e9s\u00e9nek vizsg\u00e1lata a tumor mikrok\u00f6rnyezetben egysejt RNS-szekven\u00e1l\u00e1si adatok alapj\u00e1n T\u00e9mavezet\u0151: Dr. Menyh\u00e1rt Ot\u00edlia Kutat\u00e1si t\u00e9ma \u00f6sszefoglal\u00e1sa: Publikusan el\u00e9rhet\u0151 adatb\u00e1zisokb\u00f3l sz\u00e1rmaz\u00f3, tumoros betegekhez kapcsol\u00f3d\u00f3 egysejt RNS-szekven\u00e1l\u00e1si \u00e9s klinikai adatokat gy\u0171jt\u00f6k \u00f6ssze \u00e9s elemzek egy egyedi fejleszt\u00e9s\u0171 bioinformatikai pipeline seg\u00edts\u00e9g\u00e9vel. Az egysejt-szekven\u00e1l\u00e1si technol\u00f3gia \u00e1ltal biztos\u00edtott sejtszint\u0171 felbont\u00e1s lehet\u0151v\u00e9 teszi a tumorsz\u00f6vet &hellip;<\/p>\n","protected":false},"author":102440,"featured_media":0,"parent":8727,"menu_order":0,"comment_status":"closed","ping_status":"closed","template":"","meta":{"_acf_changed":false,"footnotes":""},"categories":[],"tags":[],"class_list":["post-11239","page","type-page","status-publish","hentry"],"acf":[],"_links":{"self":[{"href":"https:\/\/semmelweis.hu\/bioinformatika\/wp-json\/wp\/v2\/pages\/11239","targetHints":{"allow":["GET"]}}],"collection":[{"href":"https:\/\/semmelweis.hu\/bioinformatika\/wp-json\/wp\/v2\/pages"}],"about":[{"href":"https:\/\/semmelweis.hu\/bioinformatika\/wp-json\/wp\/v2\/types\/page"}],"author":[{"embeddable":true,"href":"https:\/\/semmelweis.hu\/bioinformatika\/wp-json\/wp\/v2\/users\/102440"}],"replies":[{"embeddable":true,"href":"https:\/\/semmelweis.hu\/bioinformatika\/wp-json\/wp\/v2\/comments?post=11239"}],"version-history":[{"count":1,"href":"https:\/\/semmelweis.hu\/bioinformatika\/wp-json\/wp\/v2\/pages\/11239\/revisions"}],"predecessor-version":[{"id":11240,"href":"https:\/\/semmelweis.hu\/bioinformatika\/wp-json\/wp\/v2\/pages\/11239\/revisions\/11240"}],"up":[{"embeddable":true,"href":"https:\/\/semmelweis.hu\/bioinformatika\/wp-json\/wp\/v2\/pages\/8727"}],"wp:attachment":[{"href":"https:\/\/semmelweis.hu\/bioinformatika\/wp-json\/wp\/v2\/media?parent=11239"}],"wp:term":[{"taxonomy":"category","embeddable":true,"href":"https:\/\/semmelweis.hu\/bioinformatika\/wp-json\/wp\/v2\/categories?post=11239"},{"taxonomy":"post_tag","embeddable":true,"href":"https:\/\/semmelweis.hu\/bioinformatika\/wp-json\/wp\/v2\/tags?post=11239"}],"curies":[{"name":"wp","href":"https:\/\/api.w.org\/{rel}","templated":true}]}}