{"id":11229,"date":"2025-11-03T10:30:22","date_gmt":"2025-11-03T09:30:22","guid":{"rendered":"https:\/\/semmelweis.hu\/bioinformatika\/?page_id=11229"},"modified":"2025-11-03T10:30:22","modified_gmt":"2025-11-03T09:30:22","slug":"nagy-zsolt","status":"publish","type":"page","link":"https:\/\/semmelweis.hu\/bioinformatika\/nagy-zsolt\/","title":{"rendered":"Nagy Zsolt"},"content":{"rendered":"<p style=\"text-align: justify\"><strong><img loading=\"lazy\" decoding=\"async\" class=\"size-medium wp-image-11042 alignleft\" src=\"https:\/\/semmelweis.hu\/bioinformatika\/files\/2025\/06\/Nagy-Zsolt-267x400.jpg\" alt=\"\" width=\"267\" height=\"400\" srcset=\"https:\/\/semmelweis.hu\/bioinformatika\/files\/2025\/06\/Nagy-Zsolt-267x400.jpg 267w, https:\/\/semmelweis.hu\/bioinformatika\/files\/2025\/06\/Nagy-Zsolt.jpg 600w\" sizes=\"auto, (max-width: 267px) 100vw, 267px\" \/>N\u00e9v:<\/strong> Nagy Zsolt<\/p>\n<p style=\"text-align: justify\"><strong>T\u00e9ma:<\/strong> Epidemiol\u00f3giai referencia\u00e9rt\u00e9kek meghat\u00e1roz\u00e1sa az onkol\u00f3giai betegs\u00e9gek el\u0151fordul\u00e1s\u00e1ra<br \/>\n<strong><br \/>\nT\u00e9mavezet\u0151:<\/strong> Prof.Dr.Gy\u0151rffy Bal\u00e1zs<\/p>\n<p style=\"text-align: justify\"><strong>Kutat\u00e1si t\u00e9ma r\u00f6vid \u00f6sszefoglal\u00e1sa: <\/strong>Doktori kutat\u00e1somban azt vizsg\u00e1lom, hogyan seg\u00edthetik a nagyl\u00e9pt\u00e9k\u0171 eg\u00e9szs\u00e9g\u00fcgyi adatok a betegs\u00e9gek jobb meg\u00e9rt\u00e9s\u00e9t \u00e9s megel\u0151z\u00e9s\u00e9t. F\u0151k\u00e9nt a daganatos megbeteged\u00e9sek el\u0151fordul\u00e1s\u00e1t \u00e9s hal\u00e1loz\u00e1s\u00e1t elemzem orsz\u00e1gos adatok alapj\u00e1n, hogy l\u00e1that\u00f3v\u00e1 v\u00e1ljanak az id\u0151beli trendek \u00e9s ter\u00fcleti k\u00fcl\u00f6nbs\u00e9gek Magyarorsz\u00e1gon. Ezekb\u0151l az adatokb\u00f3l egy interakt\u00edv, k\u00f6nnyen haszn\u00e1lhat\u00f3 online fel\u00fcletet fejlesztek, ahol a kutat\u00f3k \u00e9s az eg\u00e9szs\u00e9g\u00fcgyi d\u00f6nt\u00e9shoz\u00f3k is \u00e1ttekinthetik az eredm\u00e9nyeket. C\u00e9lom, hogy az adatokb\u00f3l val\u00f3di tud\u00e1s \u00e9s hasznos d\u00f6nt\u00e9st\u00e1mogat\u00e1s sz\u00fclethessen -mert hiszem, hogy az epidemiol\u00f3gia nemcsak sz\u00e1mokr\u00f3l, hanem emberekr\u0151l \u00e9s megel\u0151zhet\u0151 betegs\u00e9gekr\u0151l sz\u00f3l.<\/p>\n","protected":false},"excerpt":{"rendered":"<p>N\u00e9v: Nagy Zsolt T\u00e9ma: Epidemiol\u00f3giai referencia\u00e9rt\u00e9kek meghat\u00e1roz\u00e1sa az onkol\u00f3giai betegs\u00e9gek el\u0151fordul\u00e1s\u00e1ra T\u00e9mavezet\u0151: Prof.Dr.Gy\u0151rffy Bal\u00e1zs Kutat\u00e1si t\u00e9ma r\u00f6vid \u00f6sszefoglal\u00e1sa: Doktori kutat\u00e1somban azt vizsg\u00e1lom, hogyan seg\u00edthetik a nagyl\u00e9pt\u00e9k\u0171 eg\u00e9szs\u00e9g\u00fcgyi adatok a betegs\u00e9gek jobb meg\u00e9rt\u00e9s\u00e9t \u00e9s megel\u0151z\u00e9s\u00e9t. F\u0151k\u00e9nt a daganatos megbeteged\u00e9sek el\u0151fordul\u00e1s\u00e1t \u00e9s hal\u00e1loz\u00e1s\u00e1t elemzem orsz\u00e1gos adatok alapj\u00e1n, hogy l\u00e1that\u00f3v\u00e1 v\u00e1ljanak az id\u0151beli trendek \u00e9s ter\u00fcleti k\u00fcl\u00f6nbs\u00e9gek Magyarorsz\u00e1gon. &hellip;<\/p>\n","protected":false},"author":102440,"featured_media":0,"parent":0,"menu_order":0,"comment_status":"closed","ping_status":"closed","template":"","meta":{"_acf_changed":false,"footnotes":""},"categories":[],"tags":[],"class_list":["post-11229","page","type-page","status-publish","hentry"],"acf":[],"_links":{"self":[{"href":"https:\/\/semmelweis.hu\/bioinformatika\/wp-json\/wp\/v2\/pages\/11229","targetHints":{"allow":["GET"]}}],"collection":[{"href":"https:\/\/semmelweis.hu\/bioinformatika\/wp-json\/wp\/v2\/pages"}],"about":[{"href":"https:\/\/semmelweis.hu\/bioinformatika\/wp-json\/wp\/v2\/types\/page"}],"author":[{"embeddable":true,"href":"https:\/\/semmelweis.hu\/bioinformatika\/wp-json\/wp\/v2\/users\/102440"}],"replies":[{"embeddable":true,"href":"https:\/\/semmelweis.hu\/bioinformatika\/wp-json\/wp\/v2\/comments?post=11229"}],"version-history":[{"count":2,"href":"https:\/\/semmelweis.hu\/bioinformatika\/wp-json\/wp\/v2\/pages\/11229\/revisions"}],"predecessor-version":[{"id":11231,"href":"https:\/\/semmelweis.hu\/bioinformatika\/wp-json\/wp\/v2\/pages\/11229\/revisions\/11231"}],"wp:attachment":[{"href":"https:\/\/semmelweis.hu\/bioinformatika\/wp-json\/wp\/v2\/media?parent=11229"}],"wp:term":[{"taxonomy":"category","embeddable":true,"href":"https:\/\/semmelweis.hu\/bioinformatika\/wp-json\/wp\/v2\/categories?post=11229"},{"taxonomy":"post_tag","embeddable":true,"href":"https:\/\/semmelweis.hu\/bioinformatika\/wp-json\/wp\/v2\/tags?post=11229"}],"curies":[{"name":"wp","href":"https:\/\/api.w.org\/{rel}","templated":true}]}}