{"id":10505,"date":"2024-09-24T13:53:58","date_gmt":"2024-09-24T11:53:58","guid":{"rendered":"https:\/\/semmelweis.hu\/bioinformatika\/?page_id=10505"},"modified":"2024-09-25T10:57:03","modified_gmt":"2024-09-25T08:57:03","slug":"dr-panczel-andras","status":"publish","type":"page","link":"https:\/\/semmelweis.hu\/bioinformatika\/tanszekunk-bemutatasa\/phd-hallgatok\/dr-panczel-andras\/","title":{"rendered":"Dr. P\u00e1ncz\u00e9l Andr\u00e1s"},"content":{"rendered":"<div>\u00a0<\/div>\n<div><img loading=\"lazy\" decoding=\"async\" class=\"size-medium wp-image-10509 alignleft\" src=\"https:\/\/semmelweis.hu\/bioinformatika\/files\/2024\/09\/panczel-2-268x400.jpg\" alt=\"\" width=\"268\" height=\"400\" srcset=\"https:\/\/semmelweis.hu\/bioinformatika\/files\/2024\/09\/panczel-2-268x400.jpg 268w, https:\/\/semmelweis.hu\/bioinformatika\/files\/2024\/09\/panczel-2.jpg 352w\" sizes=\"auto, (max-width: 268px) 100vw, 268px\" \/><\/p>\n<p><strong>N\u00e9v: Dr. P\u00e1ncz\u00e9l Andr\u00e1s<\/strong><\/p>\n<p><strong>T\u00e9ma: <\/strong><span style=\"font-weight: 400\"> <span data-olk-copy-source=\"MessageBody\">Diagnosztikai, predikt\u00edv es prognosztikai biomarkerek glioblastom\u00e1ban<\/span><\/span><\/p>\n<p><strong>T\u00e9mavezet\u0151<\/strong>: Dr. Fekete J\u00e1nos Tibor<\/p>\n<p><strong>Kutat\u00e1si t\u00e9ma r\u00f6vid \u00f6sszefoglal\u00e1sa:<\/strong><\/p>\n<p><span data-olk-copy-source=\"MessageBody\">Kutat\u00e1som sor\u00e1n a legagressz\u00edvebb agydaganat, a glioblastoma (GBM) diagnosztikai, prognosztikai \u00e9s predikt\u00edv biomarkereit vizsg\u00e1lom. C\u00e9lom, hogy a betegek t\u00fal\u00e9l\u00e9s\u00e9ben\u00a0legjelent\u0151sebb szerepet j\u00e1tsz\u00f3 genetikai \u00e9s transzkriptomikai elv\u00e1ltoz\u00e1sokat azonos\u00edtsam, GBM betegekb\u0151l intraoperat\u00edve vett tumoros sz\u00f6vetmint\u00e1k, valamint v\u00e9rmint\u00e9k vizsg\u00e1lat\u00e1val. \u00daj gener\u00e1ci\u00f3s szekven\u00e1l\u00e1s \u00e9s fejlett bioinformatikai m\u00f3dszerek alkalmaz\u00e1s\u00e1val szeretn\u00e9k felt\u00e1rni kulcsfontoss\u00e1g\u00fa genetikai mut\u00e1ci\u00f3kat \u00e9s epigenetikai v\u00e1ltoz\u00e1sokat, amelyek jav\u00edthatj\u00e1k a GBM genetikai heterogenit\u00e1s\u00e1nak meg\u00e9rt\u00e9s\u00e9t.<\/span><\/p>\n<\/div>\n","protected":false},"excerpt":{"rendered":"<p>\u00a0 N\u00e9v: Dr. P\u00e1ncz\u00e9l Andr\u00e1s T\u00e9ma: Diagnosztikai, predikt\u00edv es prognosztikai biomarkerek glioblastom\u00e1ban T\u00e9mavezet\u0151: Dr. Fekete J\u00e1nos Tibor Kutat\u00e1si t\u00e9ma r\u00f6vid \u00f6sszefoglal\u00e1sa: Kutat\u00e1som sor\u00e1n a legagressz\u00edvebb agydaganat, a glioblastoma (GBM) diagnosztikai, prognosztikai \u00e9s predikt\u00edv biomarkereit vizsg\u00e1lom. C\u00e9lom, hogy a betegek t\u00fal\u00e9l\u00e9s\u00e9ben\u00a0legjelent\u0151sebb szerepet j\u00e1tsz\u00f3 genetikai \u00e9s transzkriptomikai elv\u00e1ltoz\u00e1sokat azonos\u00edtsam, GBM betegekb\u0151l intraoperat\u00edve vett tumoros sz\u00f6vetmint\u00e1k, valamint v\u00e9rmint\u00e9k &hellip;<\/p>\n","protected":false},"author":102018,"featured_media":0,"parent":8727,"menu_order":10,"comment_status":"closed","ping_status":"closed","template":"","meta":{"_acf_changed":false,"footnotes":""},"categories":[],"tags":[],"class_list":["post-10505","page","type-page","status-publish","hentry"],"acf":[],"_links":{"self":[{"href":"https:\/\/semmelweis.hu\/bioinformatika\/wp-json\/wp\/v2\/pages\/10505","targetHints":{"allow":["GET"]}}],"collection":[{"href":"https:\/\/semmelweis.hu\/bioinformatika\/wp-json\/wp\/v2\/pages"}],"about":[{"href":"https:\/\/semmelweis.hu\/bioinformatika\/wp-json\/wp\/v2\/types\/page"}],"author":[{"embeddable":true,"href":"https:\/\/semmelweis.hu\/bioinformatika\/wp-json\/wp\/v2\/users\/102018"}],"replies":[{"embeddable":true,"href":"https:\/\/semmelweis.hu\/bioinformatika\/wp-json\/wp\/v2\/comments?post=10505"}],"version-history":[{"count":10,"href":"https:\/\/semmelweis.hu\/bioinformatika\/wp-json\/wp\/v2\/pages\/10505\/revisions"}],"predecessor-version":[{"id":10528,"href":"https:\/\/semmelweis.hu\/bioinformatika\/wp-json\/wp\/v2\/pages\/10505\/revisions\/10528"}],"up":[{"embeddable":true,"href":"https:\/\/semmelweis.hu\/bioinformatika\/wp-json\/wp\/v2\/pages\/8727"}],"wp:attachment":[{"href":"https:\/\/semmelweis.hu\/bioinformatika\/wp-json\/wp\/v2\/media?parent=10505"}],"wp:term":[{"taxonomy":"category","embeddable":true,"href":"https:\/\/semmelweis.hu\/bioinformatika\/wp-json\/wp\/v2\/categories?post=10505"},{"taxonomy":"post_tag","embeddable":true,"href":"https:\/\/semmelweis.hu\/bioinformatika\/wp-json\/wp\/v2\/tags?post=10505"}],"curies":[{"name":"wp","href":"https:\/\/api.w.org\/{rel}","templated":true}]}}