{"id":10485,"date":"2024-09-13T13:57:22","date_gmt":"2024-09-13T11:57:22","guid":{"rendered":"https:\/\/semmelweis.hu\/bioinformatika\/?page_id=10485"},"modified":"2024-09-13T14:04:44","modified_gmt":"2024-09-13T12:04:44","slug":"pachinger-molnar-bence","status":"publish","type":"page","link":"https:\/\/semmelweis.hu\/bioinformatika\/tanszekunk-bemutatasa\/phd-hallgatok\/pachinger-molnar-bence\/","title":{"rendered":"Pachinger-Moln\u00e1r Bence"},"content":{"rendered":"<p><strong><img loading=\"lazy\" decoding=\"async\" class=\" wp-image-10486 alignleft\" src=\"https:\/\/semmelweis.hu\/bioinformatika\/files\/2024\/09\/Pachinger_Molnar-Bence-360x400.jpg\" alt=\"\" width=\"265\" height=\"294\" srcset=\"https:\/\/semmelweis.hu\/bioinformatika\/files\/2024\/09\/Pachinger_Molnar-Bence-360x400.jpg 360w, https:\/\/semmelweis.hu\/bioinformatika\/files\/2024\/09\/Pachinger_Molnar-Bence.jpg 724w\" sizes=\"auto, (max-width: 265px) 100vw, 265px\" \/>N\u00e9v: Pachinger-Moln\u00e1r Bence<br \/>\n<\/strong><br \/>\n<strong>T\u00e9ma:<\/strong> Tumorsejtek metabolikus \u00fatvonalainak becsl\u00e9se egysejt \u00e9s bulk RNAseq adatok felhaszn\u00e1l\u00e1s\u00e1val<\/p>\n<p><strong>T\u00e9mavezet\u0151:<\/strong> \u00a0Dr. Menyh\u00e1rt Ot\u00edlia PhD<\/p>\n<p><strong>Kutat\u00e1si t\u00e9ma \u00f6sszefoglal\u00e1sa:<\/strong><br \/>\nMunk\u00e1m sor\u00e1n publikusan hozz\u00e1f\u00e9rhet\u0151 adat\u00e1bisokban l\u00e9v\u0151 egysejt \u00e9s bulk-RNS adatok feldolgoz\u00e1s\u00e1val foglalkozom. A c\u00e9lom egy olyan webes applik\u00e1ci\u00f3 l\u00e9trehoz\u00e1sa, amely k\u00e9pes a tumorok csoportos\u00edt\u00e1s\u00e1ra, azok metabolikus \u00fatvonalai alapj\u00e1n. A tervezett applik\u00e1ci\u00f3 lehet\u0151s\u00e9get ny\u00fajt a kutat\u00f3k sz\u00e1m\u00e1ra, hogy lehets\u00e9ges tumor alcsoportokat fedezhessenek fel \u00e9s c\u00e9lzott ter\u00e1pi\u00e1t dolgozhassanak ki.<\/p>\n","protected":false},"excerpt":{"rendered":"<p>N\u00e9v: Pachinger-Moln\u00e1r Bence T\u00e9ma: Tumorsejtek metabolikus \u00fatvonalainak becsl\u00e9se egysejt \u00e9s bulk RNAseq adatok felhaszn\u00e1l\u00e1s\u00e1val T\u00e9mavezet\u0151: \u00a0Dr. Menyh\u00e1rt Ot\u00edlia PhD Kutat\u00e1si t\u00e9ma \u00f6sszefoglal\u00e1sa: Munk\u00e1m sor\u00e1n publikusan hozz\u00e1f\u00e9rhet\u0151 adat\u00e1bisokban l\u00e9v\u0151 egysejt \u00e9s bulk-RNS adatok feldolgoz\u00e1s\u00e1val foglalkozom. A c\u00e9lom egy olyan webes applik\u00e1ci\u00f3 l\u00e9trehoz\u00e1sa, amely k\u00e9pes a tumorok csoportos\u00edt\u00e1s\u00e1ra, azok metabolikus \u00fatvonalai alapj\u00e1n. A tervezett applik\u00e1ci\u00f3 lehet\u0151s\u00e9get ny\u00fajt &hellip;<\/p>\n","protected":false},"author":102018,"featured_media":0,"parent":8727,"menu_order":9,"comment_status":"closed","ping_status":"closed","template":"","meta":{"_acf_changed":false,"footnotes":""},"categories":[],"tags":[],"class_list":["post-10485","page","type-page","status-publish","hentry"],"acf":[],"_links":{"self":[{"href":"https:\/\/semmelweis.hu\/bioinformatika\/wp-json\/wp\/v2\/pages\/10485","targetHints":{"allow":["GET"]}}],"collection":[{"href":"https:\/\/semmelweis.hu\/bioinformatika\/wp-json\/wp\/v2\/pages"}],"about":[{"href":"https:\/\/semmelweis.hu\/bioinformatika\/wp-json\/wp\/v2\/types\/page"}],"author":[{"embeddable":true,"href":"https:\/\/semmelweis.hu\/bioinformatika\/wp-json\/wp\/v2\/users\/102018"}],"replies":[{"embeddable":true,"href":"https:\/\/semmelweis.hu\/bioinformatika\/wp-json\/wp\/v2\/comments?post=10485"}],"version-history":[{"count":1,"href":"https:\/\/semmelweis.hu\/bioinformatika\/wp-json\/wp\/v2\/pages\/10485\/revisions"}],"predecessor-version":[{"id":10487,"href":"https:\/\/semmelweis.hu\/bioinformatika\/wp-json\/wp\/v2\/pages\/10485\/revisions\/10487"}],"up":[{"embeddable":true,"href":"https:\/\/semmelweis.hu\/bioinformatika\/wp-json\/wp\/v2\/pages\/8727"}],"wp:attachment":[{"href":"https:\/\/semmelweis.hu\/bioinformatika\/wp-json\/wp\/v2\/media?parent=10485"}],"wp:term":[{"taxonomy":"category","embeddable":true,"href":"https:\/\/semmelweis.hu\/bioinformatika\/wp-json\/wp\/v2\/categories?post=10485"},{"taxonomy":"post_tag","embeddable":true,"href":"https:\/\/semmelweis.hu\/bioinformatika\/wp-json\/wp\/v2\/tags?post=10485"}],"curies":[{"name":"wp","href":"https:\/\/api.w.org\/{rel}","templated":true}]}}