{"id":10427,"date":"2024-08-30T12:41:00","date_gmt":"2024-08-30T10:41:00","guid":{"rendered":"https:\/\/semmelweis.hu\/bioinformatika\/?page_id=10427"},"modified":"2025-04-04T17:00:14","modified_gmt":"2025-04-04T15:00:14","slug":"bioinformatikai-oktatas-kutatas-szolgaltatasok-2024","status":"publish","type":"page","link":"https:\/\/semmelweis.hu\/bioinformatika\/tanszekunk-bemutatasa\/kiadvanyaink\/bioinformatikai-oktatas-kutatas-szolgaltatasok-2024\/","title":{"rendered":"Bioinformatikai Oktat\u00e1s, Kutat\u00e1s, Szolg\u00e1ltat\u00e1sok (2024)"},"content":{"rendered":"<p>&nbsp;<\/p>\n<p>Bioinformatikai Oktat\u00e1s, Kutat\u00e1s, Szolg\u00e1ltat\u00e1sok (2024)<\/p>\n<p>&nbsp;<\/p>\n<p><a href=\"https:\/\/semmelweis.hu\/bioinformatika\/files\/2024\/07\/BIT_bemutatkozo_kiadvany.pdf\"><img loading=\"lazy\" decoding=\"async\" class=\"size-medium wp-image-10394 aligncenter\" src=\"https:\/\/semmelweis.hu\/bioinformatika\/files\/2024\/07\/BIT-2024-borito-06-21-PRINT-001_1810_2613-277x400.jpg\" alt=\"\" width=\"277\" height=\"400\" srcset=\"https:\/\/semmelweis.hu\/bioinformatika\/files\/2024\/07\/BIT-2024-borito-06-21-PRINT-001_1810_2613-277x400.jpg 277w, https:\/\/semmelweis.hu\/bioinformatika\/files\/2024\/07\/BIT-2024-borito-06-21-PRINT-001_1810_2613-709x1024.jpg 709w, https:\/\/semmelweis.hu\/bioinformatika\/files\/2024\/07\/BIT-2024-borito-06-21-PRINT-001_1810_2613-768x1109.jpg 768w, https:\/\/semmelweis.hu\/bioinformatika\/files\/2024\/07\/BIT-2024-borito-06-21-PRINT-001_1810_2613-1064x1536.jpg 1064w, https:\/\/semmelweis.hu\/bioinformatika\/files\/2024\/07\/BIT-2024-borito-06-21-PRINT-001_1810_2613-1419x2048.jpg 1419w, https:\/\/semmelweis.hu\/bioinformatika\/files\/2024\/07\/BIT-2024-borito-06-21-PRINT-001_1810_2613-753x1087.jpg 753w, https:\/\/semmelweis.hu\/bioinformatika\/files\/2024\/07\/BIT-2024-borito-06-21-PRINT-001_1810_2613-scaled.jpg 1773w\" sizes=\"auto, (max-width: 277px) 100vw, 277px\" \/><\/a><\/p>\n","protected":false},"excerpt":{"rendered":"<p>&nbsp;<br \/>\nBioinformatikai Oktat\u00e1s, Kutat\u00e1s, Szolg\u00e1ltat\u00e1sok (2024)<br \/>\n&nbsp;<br \/>\n<a href=\"https:\/\/semmelweis.hu\/bioinformatika\/files\/2024\/07\/BIT_bemutatkozo_kiadvany.pdf\"><\/a><\/p>\n","protected":false},"author":102018,"featured_media":0,"parent":9377,"menu_order":2,"comment_status":"closed","ping_status":"closed","template":"","meta":{"_acf_changed":false,"footnotes":""},"categories":[],"tags":[],"class_list":["post-10427","page","type-page","status-publish","hentry"],"acf":[],"_links":{"self":[{"href":"https:\/\/semmelweis.hu\/bioinformatika\/wp-json\/wp\/v2\/pages\/10427","targetHints":{"allow":["GET"]}}],"collection":[{"href":"https:\/\/semmelweis.hu\/bioinformatika\/wp-json\/wp\/v2\/pages"}],"about":[{"href":"https:\/\/semmelweis.hu\/bioinformatika\/wp-json\/wp\/v2\/types\/page"}],"author":[{"embeddable":true,"href":"https:\/\/semmelweis.hu\/bioinformatika\/wp-json\/wp\/v2\/users\/102018"}],"replies":[{"embeddable":true,"href":"https:\/\/semmelweis.hu\/bioinformatika\/wp-json\/wp\/v2\/comments?post=10427"}],"version-history":[{"count":7,"href":"https:\/\/semmelweis.hu\/bioinformatika\/wp-json\/wp\/v2\/pages\/10427\/revisions"}],"predecessor-version":[{"id":10932,"href":"https:\/\/semmelweis.hu\/bioinformatika\/wp-json\/wp\/v2\/pages\/10427\/revisions\/10932"}],"up":[{"embeddable":true,"href":"https:\/\/semmelweis.hu\/bioinformatika\/wp-json\/wp\/v2\/pages\/9377"}],"wp:attachment":[{"href":"https:\/\/semmelweis.hu\/bioinformatika\/wp-json\/wp\/v2\/media?parent=10427"}],"wp:term":[{"taxonomy":"category","embeddable":true,"href":"https:\/\/semmelweis.hu\/bioinformatika\/wp-json\/wp\/v2\/categories?post=10427"},{"taxonomy":"post_tag","embeddable":true,"href":"https:\/\/semmelweis.hu\/bioinformatika\/wp-json\/wp\/v2\/tags?post=10427"}],"curies":[{"name":"wp","href":"https:\/\/api.w.org\/{rel}","templated":true}]}}