{"id":10216,"date":"2024-04-19T11:24:00","date_gmt":"2024-04-19T09:24:00","guid":{"rendered":"https:\/\/semmelweis.hu\/bioinformatika\/?page_id=10216"},"modified":"2024-09-26T12:31:03","modified_gmt":"2024-09-26T10:31:03","slug":"kis-lilla-laura","status":"publish","type":"page","link":"https:\/\/semmelweis.hu\/bioinformatika\/tanszekunk-bemutatasa\/tdk-hallgatok\/kis-lilla-laura\/","title":{"rendered":"Kis Lilla Laura"},"content":{"rendered":"<p><span style=\"font-weight: 400\"><img loading=\"lazy\" decoding=\"async\" class=\"size-full wp-image-10217 alignleft\" src=\"https:\/\/semmelweis.hu\/bioinformatika\/files\/2024\/04\/Kis-Lilla-Laura_260_340.jpg\" alt=\"\" width=\"257\" height=\"340\" \/><\/span><\/p>\n<p><strong>n\u00e9v:<\/strong> Kis Lilla Laura<\/p>\n<p><span style=\"font-weight: 400\"><strong>t\u00e9ma:<\/strong> T\u00e1panyagmegvon\u00e1s \u00e9s c\u00e9lzott ter\u00e1pi\u00e1k hat\u00e1s\u00e1nak vizsg\u00e1lata eml\u0151tumoros sejtvonalakon<\/span><\/p>\n<p><span style=\"font-weight: 400\"><strong>t\u00e9mavezet\u0151:<\/strong> Dr. Menyh\u00e1rt Ot\u00edlia, Kov\u00e1cs Szonja Anna<\/span><\/p>\n<p><span style=\"font-weight: 400\"><strong>r\u00f6vid bemutatkoz\u00e1s:<\/strong> M\u00e1sod\u00e9ves hallgat\u00f3 vagyok a Semmelweis Egyetem Gy\u00f3gyszer\u00e9sztudom\u00e1nyi Kar\u00e1n. \u00c9rdekl\u0151d\u00e9sem legf\u0151k\u00e9pp a szem\u00e9lyreszabott gy\u00f3gyszeres ter\u00e1pi\u00e1kra ir\u00e1nyul. Kutat\u00e1saink sor\u00e1n a k\u00fcl\u00f6nb\u00f6z\u0151 molekul\u00e1ris alt\u00edpus\u00fa eml\u0151tumorok c\u00e9lzott ter\u00e1pi\u00e1j\u00e1nak el\u0151seg\u00edt\u00e9s\u00e9t vizsg\u00e1ljuk gl\u00fck\u00f3zmegvon\u00e1s k\u00eds\u00e9ret\u00e9ben. Tov\u00e1bb\u00e1, az Onkobankba \u00e9rkez\u0151 eml\u0151daganatos betegek v\u00e9rmint\u00e1inak feldolgoz\u00e1s\u00e1ban \u00e9s adatgy\u0171jt\u00e9s\u00e9ben is r\u00e9szt veszek<\/span><\/p>\n","protected":false},"excerpt":{"rendered":"<p>n\u00e9v: Kis Lilla Laura t\u00e9ma: T\u00e1panyagmegvon\u00e1s \u00e9s c\u00e9lzott ter\u00e1pi\u00e1k hat\u00e1s\u00e1nak vizsg\u00e1lata eml\u0151tumoros sejtvonalakon t\u00e9mavezet\u0151: Dr. Menyh\u00e1rt Ot\u00edlia, Kov\u00e1cs Szonja Anna r\u00f6vid bemutatkoz\u00e1s: M\u00e1sod\u00e9ves hallgat\u00f3 vagyok a Semmelweis Egyetem Gy\u00f3gyszer\u00e9sztudom\u00e1nyi Kar\u00e1n. \u00c9rdekl\u0151d\u00e9sem legf\u0151k\u00e9pp a szem\u00e9lyreszabott gy\u00f3gyszeres ter\u00e1pi\u00e1kra ir\u00e1nyul. Kutat\u00e1saink sor\u00e1n a k\u00fcl\u00f6nb\u00f6z\u0151 molekul\u00e1ris alt\u00edpus\u00fa eml\u0151tumorok c\u00e9lzott ter\u00e1pi\u00e1j\u00e1nak el\u0151seg\u00edt\u00e9s\u00e9t vizsg\u00e1ljuk gl\u00fck\u00f3zmegvon\u00e1s k\u00eds\u00e9ret\u00e9ben. Tov\u00e1bb\u00e1, az Onkobankba \u00e9rkez\u0151 eml\u0151daganatos &hellip;<\/p>\n","protected":false},"author":102018,"featured_media":0,"parent":8760,"menu_order":8,"comment_status":"closed","ping_status":"closed","template":"","meta":{"_acf_changed":false,"footnotes":""},"categories":[],"tags":[],"class_list":["post-10216","page","type-page","status-publish","hentry"],"acf":[],"_links":{"self":[{"href":"https:\/\/semmelweis.hu\/bioinformatika\/wp-json\/wp\/v2\/pages\/10216","targetHints":{"allow":["GET"]}}],"collection":[{"href":"https:\/\/semmelweis.hu\/bioinformatika\/wp-json\/wp\/v2\/pages"}],"about":[{"href":"https:\/\/semmelweis.hu\/bioinformatika\/wp-json\/wp\/v2\/types\/page"}],"author":[{"embeddable":true,"href":"https:\/\/semmelweis.hu\/bioinformatika\/wp-json\/wp\/v2\/users\/102018"}],"replies":[{"embeddable":true,"href":"https:\/\/semmelweis.hu\/bioinformatika\/wp-json\/wp\/v2\/comments?post=10216"}],"version-history":[{"count":2,"href":"https:\/\/semmelweis.hu\/bioinformatika\/wp-json\/wp\/v2\/pages\/10216\/revisions"}],"predecessor-version":[{"id":10219,"href":"https:\/\/semmelweis.hu\/bioinformatika\/wp-json\/wp\/v2\/pages\/10216\/revisions\/10219"}],"up":[{"embeddable":true,"href":"https:\/\/semmelweis.hu\/bioinformatika\/wp-json\/wp\/v2\/pages\/8760"}],"wp:attachment":[{"href":"https:\/\/semmelweis.hu\/bioinformatika\/wp-json\/wp\/v2\/media?parent=10216"}],"wp:term":[{"taxonomy":"category","embeddable":true,"href":"https:\/\/semmelweis.hu\/bioinformatika\/wp-json\/wp\/v2\/categories?post=10216"},{"taxonomy":"post_tag","embeddable":true,"href":"https:\/\/semmelweis.hu\/bioinformatika\/wp-json\/wp\/v2\/tags?post=10216"}],"curies":[{"name":"wp","href":"https:\/\/api.w.org\/{rel}","templated":true}]}}