{"id":10197,"date":"2024-04-02T15:19:21","date_gmt":"2024-04-02T13:19:21","guid":{"rendered":"https:\/\/semmelweis.hu\/bioinformatika\/?page_id=10197"},"modified":"2024-04-03T13:47:10","modified_gmt":"2024-04-03T11:47:10","slug":"a-targy-teljesitesenek-feltetelei","status":"publish","type":"page","link":"https:\/\/semmelweis.hu\/bioinformatika\/oktatas\/advanced-ai\/a-targy-teljesitesenek-feltetelei\/","title":{"rendered":"A t\u00e1rgy teljes\u00edt\u00e9s\u00e9nek felt\u00e9telei"},"content":{"rendered":"<p><strong>A f\u00e9l\u00e9v al\u00e1\u00edr\u00e1s\u00e1nak k\u00f6vetelm\u00e9nyei:<\/strong><strong><br \/>\n<\/strong>A gyakorlatokr\u00f3l t\u00f6rt\u00e9n\u0151 t\u00e1volmarad\u00e1sok sz\u00e1ma nem lehet t\u00f6bb a f\u00e9l\u00e9v gyakorlatainak 25%-\u00e1n\u00e1l.<\/p>\n<p><strong>A sz\u00e1monk\u00e9r\u00e9s t\u00edpusa:<\/strong><strong><br \/>\n<\/strong>A f\u00e9l\u00e9v egy projektfeladat teljes\u00edt\u00e9s\u00e9vel z\u00e1rul.<\/p>\n<p><strong>Vizsgak\u00f6vetelm\u00e9nyek:<\/strong><strong><br \/>\n<\/strong>A projektmunk\u00e1ban egy olyan feladatot kell megoldani, amelyet a f\u00e9l\u00e9vk\u00f6zi gyakorlat sor\u00e1n a m\u00f3dszereket tekintve m\u00e1r tanultunk, azonban \u00faj probl\u00e9m\u00e1t tartalmaz.\u00a0 A feladat elv\u00e9gz\u00e9se sor\u00e1n b\u00e1rmilyen seg\u00e9deszk\u00f6z haszn\u00e1lata lehets\u00e9ges.<\/p>\n<p><strong>Az oszt\u00e1lyzat kialak\u00edt\u00e1s\u00e1nak m\u00f3dja \u00e9s t\u00edpusa:<\/strong><strong><br \/>\n<\/strong>A projektfeladat sor\u00e1n el\u00e9rt eredm\u00e9ny \u00e9rt\u00e9kel\u00e9se \u00f6tfokozat\u00fa gyakorlati jegy alapj\u00e1n t\u00f6rt\u00e9nik: jeles (5), j\u00f3 (4), k\u00f6zepes (3), el\u00e9gs\u00e9ges (2), el\u00e9gtelen (1) min\u0151s\u00edt\u00e9s.<\/p>\n<p><strong>\u00a0<\/strong><\/p>\n<p><strong>A tananyag elsaj\u00e1t\u00edt\u00e1s\u00e1hoz felhaszn\u00e1lhat\u00f3 nyomtatott, elektronikus \u00e9s online jegyzetek, tank\u00f6nyvek, seg\u00e9dletek \u00e9s szakirodalom (online anyag eset\u00e9n html c\u00edm):<\/strong><strong><br \/>\n<\/strong>A gyakorlatokon elhangzott ismeretek.<\/p>\n","protected":false},"excerpt":{"rendered":"<p>A f\u00e9l\u00e9v al\u00e1\u00edr\u00e1s\u00e1nak k\u00f6vetelm\u00e9nyei: A gyakorlatokr\u00f3l t\u00f6rt\u00e9n\u0151 t\u00e1volmarad\u00e1sok sz\u00e1ma nem lehet t\u00f6bb a f\u00e9l\u00e9v gyakorlatainak 25%-\u00e1n\u00e1l. A sz\u00e1monk\u00e9r\u00e9s t\u00edpusa: A f\u00e9l\u00e9v egy projektfeladat teljes\u00edt\u00e9s\u00e9vel z\u00e1rul. Vizsgak\u00f6vetelm\u00e9nyek: A projektmunk\u00e1ban egy olyan feladatot kell megoldani, amelyet a f\u00e9l\u00e9vk\u00f6zi gyakorlat sor\u00e1n a m\u00f3dszereket tekintve m\u00e1r tanultunk, azonban \u00faj probl\u00e9m\u00e1t tartalmaz.\u00a0 A feladat elv\u00e9gz\u00e9se sor\u00e1n b\u00e1rmilyen seg\u00e9deszk\u00f6z haszn\u00e1lata lehets\u00e9ges. &hellip;<\/p>\n","protected":false},"author":102018,"featured_media":0,"parent":10201,"menu_order":3,"comment_status":"closed","ping_status":"closed","template":"","meta":{"_acf_changed":false,"footnotes":""},"categories":[],"tags":[],"class_list":["post-10197","page","type-page","status-publish","hentry"],"acf":[],"_links":{"self":[{"href":"https:\/\/semmelweis.hu\/bioinformatika\/wp-json\/wp\/v2\/pages\/10197","targetHints":{"allow":["GET"]}}],"collection":[{"href":"https:\/\/semmelweis.hu\/bioinformatika\/wp-json\/wp\/v2\/pages"}],"about":[{"href":"https:\/\/semmelweis.hu\/bioinformatika\/wp-json\/wp\/v2\/types\/page"}],"author":[{"embeddable":true,"href":"https:\/\/semmelweis.hu\/bioinformatika\/wp-json\/wp\/v2\/users\/102018"}],"replies":[{"embeddable":true,"href":"https:\/\/semmelweis.hu\/bioinformatika\/wp-json\/wp\/v2\/comments?post=10197"}],"version-history":[{"count":1,"href":"https:\/\/semmelweis.hu\/bioinformatika\/wp-json\/wp\/v2\/pages\/10197\/revisions"}],"predecessor-version":[{"id":10198,"href":"https:\/\/semmelweis.hu\/bioinformatika\/wp-json\/wp\/v2\/pages\/10197\/revisions\/10198"}],"up":[{"embeddable":true,"href":"https:\/\/semmelweis.hu\/bioinformatika\/wp-json\/wp\/v2\/pages\/10201"}],"wp:attachment":[{"href":"https:\/\/semmelweis.hu\/bioinformatika\/wp-json\/wp\/v2\/media?parent=10197"}],"wp:term":[{"taxonomy":"category","embeddable":true,"href":"https:\/\/semmelweis.hu\/bioinformatika\/wp-json\/wp\/v2\/categories?post=10197"},{"taxonomy":"post_tag","embeddable":true,"href":"https:\/\/semmelweis.hu\/bioinformatika\/wp-json\/wp\/v2\/tags?post=10197"}],"curies":[{"name":"wp","href":"https:\/\/api.w.org\/{rel}","templated":true}]}}