{"id":10194,"date":"2024-04-02T15:15:45","date_gmt":"2024-04-02T13:15:45","guid":{"rendered":"https:\/\/semmelweis.hu\/bioinformatika\/?page_id=10194"},"modified":"2025-01-28T15:47:23","modified_gmt":"2025-01-28T14:47:23","slug":"kurzusadatok-es-kovetelmenyek","status":"publish","type":"page","link":"https:\/\/semmelweis.hu\/bioinformatika\/oktatas\/advanced-ai\/kurzusadatok-es-kovetelmenyek\/","title":{"rendered":"Kurzusadatok \u00e9s k\u00f6vetelm\u00e9nyek"},"content":{"rendered":"<p><strong>A t\u00e1rgy neve: <\/strong>Mesters\u00e9ges intelligencia \u2013 halad\u00f3 szinten<\/p>\n<p><strong>Tan\u00e9v:<\/strong> II. f\u00e9l\u00e9v (a kurzus akkredit\u00e1ci\u00f3ja folyamatban)<\/p>\n<p><strong>Tant\u00e1rgyfelel\u0151s neve:<\/strong>\u00a0Prof. Dr. Gy\u0151rffy Bal\u00e1zs<\/p>\n<p><strong>Kredit\u00e9rt\u00e9ke:<\/strong>\u00a01<br \/>\n<strong>Teljes \u00f3rasz\u00e1m:\u00a0<\/strong>14\u00a0\u00f3ra<br \/>\n<strong>\u00a0 \u00a0 \u00a0\u00a0\u00a0\u00a0\u00a0\u00a0\u00a0\u00a0\u00a0\u00a0\u00a0\u00a0\u00a0\u00a0\u00a0\u00a0\u00a0\u00a0\u00a0\u00a0\u00a0\u00a0\u00a0 gyakorlat:\u00a0<\/strong>14 \u00f3ra,<br \/>\n<strong>Tant\u00e1rgy t\u00edpusa:\u00a0<\/strong>szabadon v\u00e1laszthat\u00f3<\/p>\n<p><strong>K\u00f6zrem\u0171k\u00f6d\u0151 int\u00e9zet: <\/strong>Orvosi K\u00e9palkot\u00f3 Klinika<\/p>\n<p><strong>A t\u00e1rgy oktat\u00e1s\u00e1nak helye:<\/strong><br \/>\nGyermekgy\u00f3gy\u00e1szati Klinika, T\u0171zolt\u00f3 utcai r\u00e9szleg<\/p>\n<p><strong>A tant\u00e1rgy felv\u00e9tel\u00e9hez, illetve elsaj\u00e1t\u00edt\u00e1s\u00e1hoz sz\u00fcks\u00e9ges el\u0151tanulm\u00e1nyi felt\u00e9tel(ek):<\/strong><strong><br \/>\n<\/strong>Orvosi biofizika II.<\/p>\n<p><strong>A kurzus megind\u00edt\u00e1s\u00e1nak hallgat\u00f3i l\u00e9tsz\u00e1mfelt\u00e9telei (minimum, maximum), a hallgat\u00f3k kiv\u00e1laszt\u00e1s\u00e1nak m\u00f3dja:<\/strong><strong><br \/>\n<\/strong>Legkisebb hallgat\u00f3i l\u00e9tsz\u00e1m: 5<\/p>\n<p>Legmagasabb hallgat\u00f3i l\u00e9tsz\u00e1m: 15 (t\u00faljelentkez\u00e9s eset\u00e9n a regisztr\u00e1ci\u00f3 sorrendje alapj\u00e1n az els\u0151 15 hallgat\u00f3)<\/p>\n<p><strong>A kurzusra t\u00f6rt\u00e9n\u0151 jelentkez\u00e9s m\u00f3dja:<\/strong><strong><br \/>\n<\/strong>Neptun regisztr\u00e1ci\u00f3<\/p>\n","protected":false},"excerpt":{"rendered":"<p>A t\u00e1rgy neve: Mesters\u00e9ges intelligencia \u2013 halad\u00f3 szinten Tan\u00e9v: II. f\u00e9l\u00e9v (a kurzus akkredit\u00e1ci\u00f3ja folyamatban) Tant\u00e1rgyfelel\u0151s neve:\u00a0Prof. Dr. Gy\u0151rffy Bal\u00e1zs Kredit\u00e9rt\u00e9ke:\u00a01 Teljes \u00f3rasz\u00e1m:\u00a014\u00a0\u00f3ra \u00a0 \u00a0 \u00a0\u00a0\u00a0\u00a0\u00a0\u00a0\u00a0\u00a0\u00a0\u00a0\u00a0\u00a0\u00a0\u00a0\u00a0\u00a0\u00a0\u00a0\u00a0\u00a0\u00a0\u00a0\u00a0 gyakorlat:\u00a014 \u00f3ra, Tant\u00e1rgy t\u00edpusa:\u00a0szabadon v\u00e1laszthat\u00f3 K\u00f6zrem\u0171k\u00f6d\u0151 int\u00e9zet: Orvosi K\u00e9palkot\u00f3 Klinika A t\u00e1rgy oktat\u00e1s\u00e1nak helye: Gyermekgy\u00f3gy\u00e1szati Klinika, T\u0171zolt\u00f3 utcai r\u00e9szleg A tant\u00e1rgy felv\u00e9tel\u00e9hez, illetve elsaj\u00e1t\u00edt\u00e1s\u00e1hoz sz\u00fcks\u00e9ges el\u0151tanulm\u00e1nyi felt\u00e9tel(ek): Orvosi biofizika &hellip;<\/p>\n","protected":false},"author":102018,"featured_media":0,"parent":10201,"menu_order":2,"comment_status":"closed","ping_status":"closed","template":"","meta":{"_acf_changed":false,"footnotes":""},"categories":[],"tags":[],"class_list":["post-10194","page","type-page","status-publish","hentry"],"acf":[],"_links":{"self":[{"href":"https:\/\/semmelweis.hu\/bioinformatika\/wp-json\/wp\/v2\/pages\/10194","targetHints":{"allow":["GET"]}}],"collection":[{"href":"https:\/\/semmelweis.hu\/bioinformatika\/wp-json\/wp\/v2\/pages"}],"about":[{"href":"https:\/\/semmelweis.hu\/bioinformatika\/wp-json\/wp\/v2\/types\/page"}],"author":[{"embeddable":true,"href":"https:\/\/semmelweis.hu\/bioinformatika\/wp-json\/wp\/v2\/users\/102018"}],"replies":[{"embeddable":true,"href":"https:\/\/semmelweis.hu\/bioinformatika\/wp-json\/wp\/v2\/comments?post=10194"}],"version-history":[{"count":2,"href":"https:\/\/semmelweis.hu\/bioinformatika\/wp-json\/wp\/v2\/pages\/10194\/revisions"}],"predecessor-version":[{"id":10842,"href":"https:\/\/semmelweis.hu\/bioinformatika\/wp-json\/wp\/v2\/pages\/10194\/revisions\/10842"}],"up":[{"embeddable":true,"href":"https:\/\/semmelweis.hu\/bioinformatika\/wp-json\/wp\/v2\/pages\/10201"}],"wp:attachment":[{"href":"https:\/\/semmelweis.hu\/bioinformatika\/wp-json\/wp\/v2\/media?parent=10194"}],"wp:term":[{"taxonomy":"category","embeddable":true,"href":"https:\/\/semmelweis.hu\/bioinformatika\/wp-json\/wp\/v2\/categories?post=10194"},{"taxonomy":"post_tag","embeddable":true,"href":"https:\/\/semmelweis.hu\/bioinformatika\/wp-json\/wp\/v2\/tags?post=10194"}],"curies":[{"name":"wp","href":"https:\/\/api.w.org\/{rel}","templated":true}]}}