{"id":10191,"date":"2024-04-02T14:42:20","date_gmt":"2024-04-02T12:42:20","guid":{"rendered":"https:\/\/semmelweis.hu\/bioinformatika\/?page_id=10191"},"modified":"2024-04-03T13:44:31","modified_gmt":"2024-04-03T11:44:31","slug":"a-targy-reszletes-tematikaja","status":"publish","type":"page","link":"https:\/\/semmelweis.hu\/bioinformatika\/oktatas\/advanced-ai\/a-targy-reszletes-tematikaja\/","title":{"rendered":"A t\u00e1rgy r\u00e9szletes tematik\u00e1ja"},"content":{"rendered":"<ol>\n<li>h\u00e9t: Mesters\u00e9ges intelligencia az eg\u00e9szs\u00e9g\u00fcgyben \u2013 \u00e1ttekint\u00e9s (Dr. Gy\u0151rffy Bal\u00e1zs)<\/li>\n<li>h\u00e9t: G\u00e9pi tanul\u00e1s \u2013 koncepci\u00f3, fel\u00fcgyelt, nem fel\u00fcgyelt \u00e9s meger\u0151s\u00edt\u00e9ses tan\u00edt\u00e1s I (Dr. Fekete J\u00e1nos Tibor)<\/li>\n<li>h\u00e9t: G\u00e9pi tanul\u00e1s \u2013 koncepci\u00f3, fel\u00fcgyelt, nem fel\u00fcgyelt \u00e9s meger\u0151s\u00edt\u00e9ses tan\u00edt\u00e1s II. (Dr. Bajusz-R\u00e1cz Anita)<\/li>\n<li>h\u00e9t: M\u00e9lytanul\u00e1s I. (Dr. Fekete J\u00e1nos Tibor)<\/li>\n<li>h\u00e9t: M\u00e9lytanul\u00e1s II. (Dr. Fekete J\u00e1nos Tibor)<\/li>\n<li>h\u00e9t: Id\u0151sorok elemz\u00e9se g\u00e9pi tanul\u00e1ssal (Dr. Fekete J\u00e1nos Tibor)<\/li>\n<li>h\u00e9t: Gr\u00e1f alap\u00fa g\u00e9pi tanul\u00e1s (Dr. Fekete J\u00e1nos Tibor)<\/li>\n<li>h\u00e9t: Konvol\u00faci\u00f3s neur\u00e1lis h\u00e1l\u00f3k, k\u00e9pfeldolgoz\u00e1si modellek (Dr. G\u00e1l Andor Viktor)<\/li>\n<li>h\u00e9t: Orvosi k\u00e9pek elemz\u00e9se, klinikai gyakorlatban haszn\u00e1lt megold\u00e1sok, hat\u00f3s\u00e1gi szab\u00e1lyoz\u00e1s (CE, FDA) (Dr. G\u00e1l Andor Viktor)<\/li>\n<li>h\u00e9t: AI az orvosi k\u00e9pdiagnosztika: neh\u00e9zs\u00e9gek a fejleszt\u00e9sben \u00e9s min\u0151s\u00edt\u00e9sben, vesz\u00e9lyek, tipikus hib\u00e1k (Dr. G\u00e1l Andor Viktor)<\/li>\n<li>h\u00e9t: Nagy nyelvi modellek (GPT) \u2013 \u00e1ttekint\u00e9s (Dr. Fekete J\u00e1nos Tibor)<\/li>\n<li>h\u00e9t: Nagy nyelvi modellek (GPT) \u2013 prompt engineering (Dr. Fekete J\u00e1nos Tibor)<\/li>\n<li>h\u00e9t: Nagy nyelvi modellek (GPT) finomhangol\u00e1sa saj\u00e1t adatokkal I. (Dr. Fekete J\u00e1nos Tibor)<\/li>\n<li>h\u00e9t: Nagy nyelvi modellek (GPT) finomhangol\u00e1sa saj\u00e1t adatokkal II. (Dr. Fekete J\u00e1nos Tibor)<\/li>\n<\/ol>\n","protected":false},"excerpt":{"rendered":"<p>h\u00e9t: Mesters\u00e9ges intelligencia az eg\u00e9szs\u00e9g\u00fcgyben \u2013 \u00e1ttekint\u00e9s (Dr. Gy\u0151rffy Bal\u00e1zs) h\u00e9t: G\u00e9pi tanul\u00e1s \u2013 koncepci\u00f3, fel\u00fcgyelt, nem fel\u00fcgyelt \u00e9s meger\u0151s\u00edt\u00e9ses tan\u00edt\u00e1s I (Dr. Fekete J\u00e1nos Tibor) h\u00e9t: G\u00e9pi tanul\u00e1s \u2013 koncepci\u00f3, fel\u00fcgyelt, nem fel\u00fcgyelt \u00e9s meger\u0151s\u00edt\u00e9ses tan\u00edt\u00e1s II. (Dr. Bajusz-R\u00e1cz Anita) h\u00e9t: M\u00e9lytanul\u00e1s I. (Dr. Fekete J\u00e1nos Tibor) h\u00e9t: M\u00e9lytanul\u00e1s II. (Dr. Fekete J\u00e1nos Tibor) &hellip;<\/p>\n","protected":false},"author":102018,"featured_media":0,"parent":10201,"menu_order":1,"comment_status":"closed","ping_status":"closed","template":"","meta":{"_acf_changed":false,"footnotes":""},"categories":[],"tags":[],"class_list":["post-10191","page","type-page","status-publish","hentry"],"acf":[],"_links":{"self":[{"href":"https:\/\/semmelweis.hu\/bioinformatika\/wp-json\/wp\/v2\/pages\/10191","targetHints":{"allow":["GET"]}}],"collection":[{"href":"https:\/\/semmelweis.hu\/bioinformatika\/wp-json\/wp\/v2\/pages"}],"about":[{"href":"https:\/\/semmelweis.hu\/bioinformatika\/wp-json\/wp\/v2\/types\/page"}],"author":[{"embeddable":true,"href":"https:\/\/semmelweis.hu\/bioinformatika\/wp-json\/wp\/v2\/users\/102018"}],"replies":[{"embeddable":true,"href":"https:\/\/semmelweis.hu\/bioinformatika\/wp-json\/wp\/v2\/comments?post=10191"}],"version-history":[{"count":1,"href":"https:\/\/semmelweis.hu\/bioinformatika\/wp-json\/wp\/v2\/pages\/10191\/revisions"}],"predecessor-version":[{"id":10192,"href":"https:\/\/semmelweis.hu\/bioinformatika\/wp-json\/wp\/v2\/pages\/10191\/revisions\/10192"}],"up":[{"embeddable":true,"href":"https:\/\/semmelweis.hu\/bioinformatika\/wp-json\/wp\/v2\/pages\/10201"}],"wp:attachment":[{"href":"https:\/\/semmelweis.hu\/bioinformatika\/wp-json\/wp\/v2\/media?parent=10191"}],"wp:term":[{"taxonomy":"category","embeddable":true,"href":"https:\/\/semmelweis.hu\/bioinformatika\/wp-json\/wp\/v2\/categories?post=10191"},{"taxonomy":"post_tag","embeddable":true,"href":"https:\/\/semmelweis.hu\/bioinformatika\/wp-json\/wp\/v2\/tags?post=10191"}],"curies":[{"name":"wp","href":"https:\/\/api.w.org\/{rel}","templated":true}]}}