{"id":77,"date":"2020-09-21T14:24:10","date_gmt":"2020-09-21T12:24:10","guid":{"rendered":"https:\/\/semmelweis.hu\/biobank\/?page_id=77"},"modified":"2025-01-08T11:57:24","modified_gmt":"2025-01-08T10:57:24","slug":"cisztas-fibrozis-fenilketonuria-biobank","status":"publish","type":"page","link":"https:\/\/semmelweis.hu\/biobank\/biobankok\/cisztas-fibrozis-fenilketonuria-biobank\/","title":{"rendered":"Ciszt\u00e1s Fibr\u00f3zis\/Fenilketonuria Biobank"},"content":{"rendered":"<table width=\"871\">\n<tbody>\n<tr>\n<td width=\"447\">Int\u00e9zet neve:<\/td>\n<td width=\"424\">Gyermekgy\u00f3gy\u00e1szati Klinika<\/td>\n<\/tr>\n<tr>\n<td>Biobank neve:<\/td>\n<td>Ciszt\u00e1s fibr\u00f3zis\/Fenilketonuriabiobank<\/td>\n<\/tr>\n<tr>\n<td>Biobank vezet\u0151je:<\/td>\n<td>Prof. Dr. Fekete Gy\u00f6rgy<\/td>\n<\/tr>\n<tr>\n<td>Biobank kapcsolattart\u00f3 neve:<\/td>\n<td>Dr. N\u00e9meth Krisztina<\/td>\n<\/tr>\n<tr>\n<td>Biobank kapcsolattart\u00f3 el\u00e9rhet\u0151s\u00e9ge:<\/td>\n<td>nemeth.krisztina@semmelweis.hu<\/td>\n<\/tr>\n<tr>\n<td>Mintagy\u0171jt\u00e9s kezdet\u00e9nek \u00e9ve:<\/td>\n<td>1991.<\/td>\n<\/tr>\n<tr>\n<td>Biobank r\u00f6vid bemutat\u00e1sa:<\/td>\n<td width=\"424\">ciszt\u00e1s fibr\u00f3zisos \u00e9s fenilketonuri\u00e1s betegek perif\u00e9ri\u00e1s v\u00e9r\u00e9b\u0151l izol\u00e1lt DNS minta \/ sz\u0171r\u0151pap\u00edrra besz\u00e1r\u00edtott v\u00e9rcsepp<\/td>\n<\/tr>\n<\/tbody>\n<\/table>\n","protected":false},"excerpt":{"rendered":"<p>Int\u00e9zet neve:<br \/>\nGyermekgy\u00f3gy\u00e1szati Klinika<\/p>\n<p>Biobank neve:<br \/>\nCiszt\u00e1s fibr\u00f3zis\/Fenilketonuriabiobank<\/p>\n<p>Biobank vezet\u0151je:<br \/>\nProf. Dr. Fekete Gy\u00f6rgy<\/p>\n<p>Biobank kapcsolattart\u00f3 neve:<br \/>\nDr. N\u00e9meth Krisztina<\/p>\n<p>Biobank kapcsolattart\u00f3 el\u00e9rhet\u0151s\u00e9ge:<br \/>\nnemeth.krisztina@semmelweis.hu<\/p>\n<p>Mintagy\u0171jt\u00e9s kezdet\u00e9nek \u00e9ve:<br \/>\n1991.<\/p>\n<p>Biobank r\u00f6vid bemutat\u00e1sa:<br \/>\nciszt\u00e1s fibr\u00f3zisos \u00e9s fenilketonuri\u00e1s betegek perif\u00e9ri\u00e1s v\u00e9r\u00e9b\u0151l izol\u00e1lt DNS minta \/ sz\u0171r\u0151pap\u00edrra besz\u00e1r\u00edtott v\u00e9rcsepp<\/p>\n","protected":false},"author":101687,"featured_media":0,"parent":33,"menu_order":2,"comment_status":"closed","ping_status":"closed","template":"","meta":{"_acf_changed":false,"footnotes":""},"categories":[],"tags":[],"class_list":["post-77","page","type-page","status-publish","hentry"],"acf":[],"_links":{"self":[{"href":"https:\/\/semmelweis.hu\/biobank\/wp-json\/wp\/v2\/pages\/77","targetHints":{"allow":["GET"]}}],"collection":[{"href":"https:\/\/semmelweis.hu\/biobank\/wp-json\/wp\/v2\/pages"}],"about":[{"href":"https:\/\/semmelweis.hu\/biobank\/wp-json\/wp\/v2\/types\/page"}],"author":[{"embeddable":true,"href":"https:\/\/semmelweis.hu\/biobank\/wp-json\/wp\/v2\/users\/101687"}],"replies":[{"embeddable":true,"href":"https:\/\/semmelweis.hu\/biobank\/wp-json\/wp\/v2\/comments?post=77"}],"version-history":[{"count":7,"href":"https:\/\/semmelweis.hu\/biobank\/wp-json\/wp\/v2\/pages\/77\/revisions"}],"predecessor-version":[{"id":250,"href":"https:\/\/semmelweis.hu\/biobank\/wp-json\/wp\/v2\/pages\/77\/revisions\/250"}],"up":[{"embeddable":true,"href":"https:\/\/semmelweis.hu\/biobank\/wp-json\/wp\/v2\/pages\/33"}],"wp:attachment":[{"href":"https:\/\/semmelweis.hu\/biobank\/wp-json\/wp\/v2\/media?parent=77"}],"wp:term":[{"taxonomy":"category","embeddable":true,"href":"https:\/\/semmelweis.hu\/biobank\/wp-json\/wp\/v2\/categories?post=77"},{"taxonomy":"post_tag","embeddable":true,"href":"https:\/\/semmelweis.hu\/biobank\/wp-json\/wp\/v2\/tags?post=77"}],"curies":[{"name":"wp","href":"https:\/\/api.w.org\/{rel}","templated":true}]}}