{"id":73,"date":"2020-09-21T14:23:25","date_gmt":"2020-09-21T12:23:25","guid":{"rendered":"https:\/\/semmelweis.hu\/biobank\/?page_id=73"},"modified":"2025-01-08T11:54:14","modified_gmt":"2025-01-08T10:54:14","slug":"hepatologiai-biobank","status":"publish","type":"page","link":"https:\/\/semmelweis.hu\/biobank\/biobankok\/hepatologiai-biobank\/","title":{"rendered":"Hepatol\u00f3giai Biobank"},"content":{"rendered":"<table width=\"826\">\n<tbody>\n<tr>\n<td width=\"447\">Int\u00e9zet neve:<\/td>\n<td width=\"379\">Gyermekgy\u00f3gy\u00e1szati Klinika<\/td>\n<\/tr>\n<tr>\n<td>Biobank neve:<\/td>\n<td>Hepatol\u00f3giai Biobank<\/td>\n<\/tr>\n<tr>\n<td>Biobank vezet\u0151je:<\/td>\n<td>Dr.Dezs\u0151fi-Gottl Antal<\/td>\n<\/tr>\n<tr>\n<td>Biobank kapcsolattart\u00f3 neve:<\/td>\n<td>Dr.Dezs\u0151fi-Gottl Antal<\/td>\n<\/tr>\n<tr>\n<td>Biobank kapcsolattart\u00f3 el\u00e9rhet\u0151s\u00e9ge:<\/td>\n<td>dezsofi.antal@semmelweis.hu\u00a0<\/td>\n<\/tr>\n<tr>\n<td>Mintagy\u0171jt\u00e9s kezdet\u00e9nek \u00e9ve:<\/td>\n<td>2013<\/td>\n<\/tr>\n<tr>\n<td>Biobank r\u00f6vid bemutat\u00e1sa:<\/td>\n<td>m\u00e1jbeteg gyermekekt\u0151l minta<\/td>\n<\/tr>\n<\/tbody>\n<\/table>\n","protected":false},"excerpt":{"rendered":"<p>Int\u00e9zet neve:<br \/>\nGyermekgy\u00f3gy\u00e1szati Klinika<\/p>\n<p>Biobank neve:<br \/>\nHepatol\u00f3giai Biobank<\/p>\n<p>Biobank vezet\u0151je:<br \/>\nDr.Dezs\u0151fi-Gottl Antal<\/p>\n<p>Biobank kapcsolattart\u00f3 neve:<br \/>\nDr.Dezs\u0151fi-Gottl Antal<\/p>\n<p>Biobank kapcsolattart\u00f3 el\u00e9rhet\u0151s\u00e9ge:<br \/>\ndezsofi.antal@semmelweis.hu\u00a0<\/p>\n<p>Mintagy\u0171jt\u00e9s kezdet\u00e9nek \u00e9ve:<br \/>\n2013<\/p>\n<p>Biobank r\u00f6vid bemutat\u00e1sa:<br \/>\nm\u00e1jbeteg gyermekekt\u0151l minta<\/p>\n","protected":false},"author":101687,"featured_media":0,"parent":33,"menu_order":4,"comment_status":"closed","ping_status":"closed","template":"","meta":{"_acf_changed":false,"footnotes":""},"categories":[],"tags":[],"class_list":["post-73","page","type-page","status-publish","hentry"],"acf":[],"_links":{"self":[{"href":"https:\/\/semmelweis.hu\/biobank\/wp-json\/wp\/v2\/pages\/73","targetHints":{"allow":["GET"]}}],"collection":[{"href":"https:\/\/semmelweis.hu\/biobank\/wp-json\/wp\/v2\/pages"}],"about":[{"href":"https:\/\/semmelweis.hu\/biobank\/wp-json\/wp\/v2\/types\/page"}],"author":[{"embeddable":true,"href":"https:\/\/semmelweis.hu\/biobank\/wp-json\/wp\/v2\/users\/101687"}],"replies":[{"embeddable":true,"href":"https:\/\/semmelweis.hu\/biobank\/wp-json\/wp\/v2\/comments?post=73"}],"version-history":[{"count":7,"href":"https:\/\/semmelweis.hu\/biobank\/wp-json\/wp\/v2\/pages\/73\/revisions"}],"predecessor-version":[{"id":248,"href":"https:\/\/semmelweis.hu\/biobank\/wp-json\/wp\/v2\/pages\/73\/revisions\/248"}],"up":[{"embeddable":true,"href":"https:\/\/semmelweis.hu\/biobank\/wp-json\/wp\/v2\/pages\/33"}],"wp:attachment":[{"href":"https:\/\/semmelweis.hu\/biobank\/wp-json\/wp\/v2\/media?parent=73"}],"wp:term":[{"taxonomy":"category","embeddable":true,"href":"https:\/\/semmelweis.hu\/biobank\/wp-json\/wp\/v2\/categories?post=73"},{"taxonomy":"post_tag","embeddable":true,"href":"https:\/\/semmelweis.hu\/biobank\/wp-json\/wp\/v2\/tags?post=73"}],"curies":[{"name":"wp","href":"https:\/\/api.w.org\/{rel}","templated":true}]}}