{"id":70,"date":"2020-09-21T14:22:27","date_gmt":"2020-09-21T12:22:27","guid":{"rendered":"https:\/\/semmelweis.hu\/biobank\/?page_id=70"},"modified":"2025-01-08T12:13:48","modified_gmt":"2025-01-08T11:13:48","slug":"semmelweis-onkobank","status":"publish","type":"page","link":"https:\/\/semmelweis.hu\/biobank\/biobankok\/semmelweis-onkobank\/","title":{"rendered":"Semmelweis Onkobank"},"content":{"rendered":"<table style=\"width: 90.1735%\" width=\"899\">\n<tbody>\n<tr>\n<td style=\"width: 49.4961%\" width=\"447\">Int\u00e9zet neve:<\/td>\n<td style=\"width: 85.2357%\" width=\"452\">\n<p>Semmelweis Egyetem, Bioinformatika Tansz\u00e9k<\/p>\n<\/td>\n<\/tr>\n<tr>\n<td style=\"width: 49.4961%\">Biobank neve:<\/td>\n<td style=\"width: 85.2357%\">Semmelweis Onkobank<\/td>\n<\/tr>\n<tr>\n<td style=\"width: 49.4961%\">Biobank vezet\u0151je:<\/td>\n<td style=\"width: 85.2357%\">Prof. Dr. Gy\u0151rffy Bal\u00e1zs<\/td>\n<\/tr>\n<tr>\n<td style=\"width: 49.4961%\">Biobank kapcsolattart\u00f3 neve:<\/td>\n<td style=\"width: 85.2357%\">Kov\u00e1cs Szonja Anna<\/td>\n<\/tr>\n<tr>\n<td style=\"width: 49.4961%\">Biobank kapcsolattart\u00f3 el\u00e9rhet\u0151s\u00e9ge:<\/td>\n<td style=\"width: 85.2357%\"><a href=\"mailto:kovacs.szonja@phd.semmelweis.hu\">kovacs.szonja@phd.semmelweis.hu<\/a><\/td>\n<\/tr>\n<tr>\n<td style=\"width: 49.4961%\" rowspan=\"11\">R\u00e9sztvev\u0151 Int\u00e9zetek K\u00e9pvisel\u0151i:<\/td>\n<td style=\"width: 85.2357%\">Pulmonol\u00f3giai Klinika: Prof. Dr. M\u00fcller Veronika<\/td>\n<\/tr>\n<tr>\n<td style=\"width: 85.2357%\">Patol\u00f3giai, Igazs\u00e1g\u00fcgyi \u00e9s Biztos\u00edt\u00e1si Orvostani Int\u00e9zet: Prof. Dr. Kiss Andr\u00e1s<\/td>\n<\/tr>\n<tr>\n<td style=\"width: 85.2357%\">Seb\u00e9szeti, Transzplant\u00e1ci\u00f3s \u00e9s Gasztroenterol\u00f3giai Klinika: Prof. Dr. Szij\u00e1rt\u00f3 Attila<\/td>\n<\/tr>\n<tr>\n<td style=\"width: 85.2357%\">Urol\u00f3giai Klinika: Prof. Dr. Nyir\u00e1dy P\u00e9ter\u00a0<\/td>\n<\/tr>\n<tr>\n<td style=\"width: 85.2357%\">Sz\u00fcl\u00e9szeti \u00e9s N\u0151gy\u00f3gy\u00e1szati Klinika: Prof. Dr. \u00c1cs N\u00e1ndor<\/td>\n<\/tr>\n<tr>\n<td style=\"width: 85.2357%\">Onkol\u00f3giai K\u00f6zpont: Prof. Dr. Dank Magdolna<\/td>\n<\/tr>\n<tr>\n<td style=\"width: 85.2357%\">Patol\u00f3giai \u00e9s K\u00eds\u00e9rleti R\u00e1kkutat\u00f3 Int\u00e9zet: Prof. Dr. Matolcsy Andr\u00e1s<\/td>\n<\/tr>\n<tr>\n<td style=\"width: 85.2357%\">Gyermekgy\u00f3gy\u00e1szati Klinika: Prof. Dr. Kov\u00e1cs G\u00e1bor\u00a0<\/td>\n<\/tr>\n<tr>\n<td style=\"width: 85.2357%\">B\u0151r-, Nemik\u00f3rtani \u00e9s B\u0151ronkol\u00f3giai Klinika: Prof. Dr. Holl\u00f3 P\u00e9ter\u00a0<\/td>\n<\/tr>\n<tr>\n<td style=\"width: 85.2357%\">Laborat\u00f3riumi Medicina Int\u00e9zet: Prof. Dr. V\u00e1s\u00e1rhelyi Barna<\/td>\n<\/tr>\n<tr>\n<td style=\"width: 85.2357%\">Orvosi K\u00e9palkot\u00f3 Klinika: Dr. Maurovich-Horvat P\u00e1l<\/td>\n<\/tr>\n<tr>\n<td style=\"width: 49.4961%\">Biobank r\u00f6vid bemutat\u00e1sa<\/td>\n<td style=\"width: 85.2357%\" width=\"452\">Rosszindulat\u00fa daganatos megbeteged\u00e9sekben szenved\u0151 betegek biol\u00f3giai mint\u00e1inak gy\u0171jt\u00e9se, t\u00e1rol\u00e1sa \u00e9s a relev\u00e1ns klinikai adatok adatb\u00e1zisba rendszerez\u00e9se. A levett v\u00e9rb\u0151l izol\u00e1land\u00f3 plazma, DNS, RNS mint\u00e1kat els\u0151dlegesen<br \/>kutat\u00e1si c\u00e9lra haszn\u00e1ljuk. A rosszindulat\u00fa tumorokb\u00f3l kinyert mint\u00e1kat az egyes betegs\u00e9gek kialakul\u00e1s\u00e1t befoly\u00e1sol\u00f3 genomikai, transzkriptomikai, proteomikai t\u00e9nyez\u0151k vizsg\u00e1lat\u00e1ra, diagnosztikus, predikt\u00edv \u00e9s prognosztikus biomarkerek azonos\u00edt\u00e1s\u00e1ra haszn\u00e1ljuk. Tov\u00e1bb\u00e1 a v\u00e9r- illetve sz\u00f6vetmint\u00e1kb\u00f3l nyert adatokat az individualiz\u00e1lt gy\u00f3gyszeres ter\u00e1pia kialak\u00edt\u00e1s\u00e1hoz sz\u00fcks\u00e9ges kutat\u00e1sokban haszn\u00e1ljuk f\u00f6l. Adatokat gy\u0171jt\u00fcnk a t\u00fal\u00e9l\u00e9s monitoroz\u00e1s\u00e1ra.<\/td>\n<\/tr>\n<\/tbody>\n<\/table>\n<p>&nbsp;<\/p>\n<p><img loading=\"lazy\" decoding=\"async\" class=\"wp-image-206 aligncenter\" src=\"https:\/\/semmelweis.hu\/biobank\/files\/2021\/03\/logo_SemmelweisOnkobank_pilot3.jpg\" alt=\"\" width=\"214\" height=\"214\" srcset=\"https:\/\/semmelweis.hu\/biobank\/files\/2021\/03\/logo_SemmelweisOnkobank_pilot3.jpg 698w, https:\/\/semmelweis.hu\/biobank\/files\/2021\/03\/logo_SemmelweisOnkobank_pilot3-400x400.jpg 400w, https:\/\/semmelweis.hu\/biobank\/files\/2021\/03\/logo_SemmelweisOnkobank_pilot3-150x150.jpg 150w\" sizes=\"auto, (max-width: 214px) 100vw, 214px\" \/><\/p>\n","protected":false},"excerpt":{"rendered":"<p>Int\u00e9zet neve: Semmelweis Egyetem, Bioinformatika Tansz\u00e9k Biobank neve: Semmelweis Onkobank Biobank vezet\u0151je: Prof. Dr. Gy\u0151rffy Bal\u00e1zs Biobank kapcsolattart\u00f3 neve: Kov\u00e1cs Szonja Anna Biobank kapcsolattart\u00f3 el\u00e9rhet\u0151s\u00e9ge: <a href=\"mailto:kovacs.szonja@phd.semmelweis.hu\">kovacs.szonja@phd.semmelweis.hu<\/a> R\u00e9sztvev\u0151 Int\u00e9zetek K\u00e9pvisel\u0151i: Pulmonol\u00f3giai Klinika: Prof. Dr. M\u00fcller Veronika Patol\u00f3giai, Igazs\u00e1g\u00fcgyi \u00e9s Biztos\u00edt\u00e1si Orvostani Int\u00e9zet: Prof. Dr. Kiss Andr\u00e1s Seb\u00e9szeti, Transzplant\u00e1ci\u00f3s \u00e9s Gasztroenterol\u00f3giai Klinika: Prof. Dr. Szij\u00e1rt\u00f3 Attila Urol\u00f3giai Klinika: &hellip;<\/p>\n","protected":false},"author":101687,"featured_media":0,"parent":33,"menu_order":11,"comment_status":"closed","ping_status":"closed","template":"","meta":{"_acf_changed":false,"footnotes":""},"categories":[],"tags":[],"class_list":["post-70","page","type-page","status-publish","hentry"],"acf":[],"_links":{"self":[{"href":"https:\/\/semmelweis.hu\/biobank\/wp-json\/wp\/v2\/pages\/70","targetHints":{"allow":["GET"]}}],"collection":[{"href":"https:\/\/semmelweis.hu\/biobank\/wp-json\/wp\/v2\/pages"}],"about":[{"href":"https:\/\/semmelweis.hu\/biobank\/wp-json\/wp\/v2\/types\/page"}],"author":[{"embeddable":true,"href":"https:\/\/semmelweis.hu\/biobank\/wp-json\/wp\/v2\/users\/101687"}],"replies":[{"embeddable":true,"href":"https:\/\/semmelweis.hu\/biobank\/wp-json\/wp\/v2\/comments?post=70"}],"version-history":[{"count":11,"href":"https:\/\/semmelweis.hu\/biobank\/wp-json\/wp\/v2\/pages\/70\/revisions"}],"predecessor-version":[{"id":262,"href":"https:\/\/semmelweis.hu\/biobank\/wp-json\/wp\/v2\/pages\/70\/revisions\/262"}],"up":[{"embeddable":true,"href":"https:\/\/semmelweis.hu\/biobank\/wp-json\/wp\/v2\/pages\/33"}],"wp:attachment":[{"href":"https:\/\/semmelweis.hu\/biobank\/wp-json\/wp\/v2\/media?parent=70"}],"wp:term":[{"taxonomy":"category","embeddable":true,"href":"https:\/\/semmelweis.hu\/biobank\/wp-json\/wp\/v2\/categories?post=70"},{"taxonomy":"post_tag","embeddable":true,"href":"https:\/\/semmelweis.hu\/biobank\/wp-json\/wp\/v2\/tags?post=70"}],"curies":[{"name":"wp","href":"https:\/\/api.w.org\/{rel}","templated":true}]}}