{"id":37,"date":"2020-09-21T10:02:25","date_gmt":"2020-09-21T08:02:25","guid":{"rendered":"https:\/\/semmelweis.hu\/biobank\/?page_id=37"},"modified":"2020-11-13T16:01:27","modified_gmt":"2020-11-13T15:01:27","slug":"rolunk","status":"publish","type":"page","link":"https:\/\/semmelweis.hu\/biobank\/rolunk\/","title":{"rendered":"R\u00f3lunk"},"content":{"rendered":"<p style=\"text-align: center\"><strong><span style=\"font-size: 18pt\">A Biobank H\u00e1l\u00f3zat<\/span><\/strong><\/p>\n<p style=\"text-align: justify\">A Semmelweis Egyetem kutat\u00e1si strat\u00e9giai infrastrukt\u00far\u00e1j\u00e1nak egyik fontos eleme a biol\u00f3giai mint\u00e1k \u00e9s a hozz\u00e1 kapcsol\u00f3d\u00f3 adatb\u00e1zisok gy\u0171jt\u00e9se, azaz orvosi biobankok m\u0171k\u00f6dtet\u00e9se. Az Egyetem egyes szervezeti egys\u00e9geinek biobankjait H\u00e1l\u00f3zat form\u00e1j\u00e1ban m\u0171k\u00f6dteti. A biol\u00f3giai mint\u00e1kat\u00a0<i>klinikai genetikai diagnosztika, farmakogenomikai vizsg\u00e1latok, a betegs\u00e9g pathogenezis\u00e9re vonatkoz\u00f3 morfol\u00f3giai, genomikai \u00e9s proteomikai, metabolomikai alapkutat\u00e1sok, biomarker identifik\u00e1ci\u00f3, valamint genetikai epidemiol\u00f3giai vizsg\u00e1latok<\/i>\u00a0c\u00e9lj\u00e1b\u00f3l haszn\u00e1lj\u00e1k fel.<\/p>\n<p style=\"text-align: justify\">A DNS\/RNS\/serum, plasma, ideg- izom, b\u0151rbiopsi\u00e1s mint\u00e1kat computeres \u00e9s hagyom\u00e1nyos f\u00fczetes regisztr\u00e1l\u00e1st k\u00f6vet\u0151en -70C\u00b0-on t\u00e1roljuk sorsz\u00e1mmal\/vonalk\u00f3ddal ell\u00e1tva, azaz reverzibilisen anonymiz\u00e1lva.<\/p>\n<p style=\"text-align: justify\">A t\u00e1rol\u00e1s rendj\u00e9t katal\u00f3gusban r\u00f6gz\u00edtj\u00fck. \u00cdgy biztos\u00edtjuk, hogy az anyagok b\u00e1rmikor hozz\u00e1f\u00e9rhet\u0151k legyenek.<\/p>\n<p style=\"text-align: justify\">Az ultra-m\u00e9lyh\u0171t\u0151 szekr\u00e9ny riaszt\u00f3 rendszerrel van ell\u00e1tva, hogy m\u0171szaki hiba eset\u00e9n a biobank\u00e9rt felel\u0151s egy\u00e9nek b\u00e1rmikor \u00e9rtes\u00edthet\u0151k legyenek. Az Int\u00e9zet 2 db ultra-m\u00e9lyh\u0171t\u0151vel rendelkezik, \u00edgy meghib\u00e1sod\u00e1s eset\u00e9n a mintagy\u0171jtem\u00e9ny a biztons\u00e1gi ultra-m\u00e9lyh\u0171t\u0151be \u00e1ttehet\u0151. A mintagy\u0171jtem\u00e9nyt tartalmaz\u00f3 ultra-m\u00e9lyh\u0171t\u0151 biztons\u00e1gi Co2 palackkal rendelkezik. Ez \u00e1ram kimarad\u00e1s eset\u00e9n is biztos\u00edtja a folyamatos m\u0171k\u00f6d\u00e9st.<\/p>\n","protected":false},"excerpt":{"rendered":"<p>Az Egyetem egyes szervezeti egys\u00e9geinek biobankjait H\u00e1l\u00f3zat form\u00e1j\u00e1ban m\u0171k\u00f6dteti. A biol\u00f3giai mint\u00e1kat klinikai genetikai diagnosztika, farmakogenomikai vizsg\u00e1latok, a betegs\u00e9g pathogenezis\u00e9re vonatkoz\u00f3 morfol\u00f3giai, genomikai \u00e9s proteomikai, metabolomikai alapkutat\u00e1sok, biomarker identifik\u00e1ci\u00f3, valamint genetikai epidemiol\u00f3giai vizsg\u00e1latok c\u00e9lj\u00e1b\u00f3l haszn\u00e1lj\u00e1k fel.<\/p>\n","protected":false},"author":101687,"featured_media":64,"parent":0,"menu_order":0,"comment_status":"closed","ping_status":"closed","template":"","meta":{"_acf_changed":false,"footnotes":""},"categories":[],"tags":[],"class_list":["post-37","page","type-page","status-publish","has-post-thumbnail","hentry"],"acf":[],"_links":{"self":[{"href":"https:\/\/semmelweis.hu\/biobank\/wp-json\/wp\/v2\/pages\/37","targetHints":{"allow":["GET"]}}],"collection":[{"href":"https:\/\/semmelweis.hu\/biobank\/wp-json\/wp\/v2\/pages"}],"about":[{"href":"https:\/\/semmelweis.hu\/biobank\/wp-json\/wp\/v2\/types\/page"}],"author":[{"embeddable":true,"href":"https:\/\/semmelweis.hu\/biobank\/wp-json\/wp\/v2\/users\/101687"}],"replies":[{"embeddable":true,"href":"https:\/\/semmelweis.hu\/biobank\/wp-json\/wp\/v2\/comments?post=37"}],"version-history":[{"count":7,"href":"https:\/\/semmelweis.hu\/biobank\/wp-json\/wp\/v2\/pages\/37\/revisions"}],"predecessor-version":[{"id":195,"href":"https:\/\/semmelweis.hu\/biobank\/wp-json\/wp\/v2\/pages\/37\/revisions\/195"}],"wp:featuredmedia":[{"embeddable":true,"href":"https:\/\/semmelweis.hu\/biobank\/wp-json\/wp\/v2\/media\/64"}],"wp:attachment":[{"href":"https:\/\/semmelweis.hu\/biobank\/wp-json\/wp\/v2\/media?parent=37"}],"wp:term":[{"taxonomy":"category","embeddable":true,"href":"https:\/\/semmelweis.hu\/biobank\/wp-json\/wp\/v2\/categories?post=37"},{"taxonomy":"post_tag","embeddable":true,"href":"https:\/\/semmelweis.hu\/biobank\/wp-json\/wp\/v2\/tags?post=37"}],"curies":[{"name":"wp","href":"https:\/\/api.w.org\/{rel}","templated":true}]}}