{"id":189,"date":"2020-11-13T15:36:20","date_gmt":"2020-11-13T14:36:20","guid":{"rendered":"https:\/\/semmelweis.hu\/biobank\/?page_id=189"},"modified":"2025-01-08T11:44:03","modified_gmt":"2025-01-08T10:44:03","slug":"a-semmelweis-egyetem-biobank-halozatanak-tagjai","status":"publish","type":"page","link":"https:\/\/semmelweis.hu\/biobank\/a-semmelweis-egyetem-biobank-halozatanak-tagjai\/","title":{"rendered":"A Semmelweis Egyetem Biobank H\u00e1l\u00f3zat\u00e1nak tagjai"},"content":{"rendered":"<ul>\n<li style=\"font-weight: 400\">B\u0151r- Nemik\u00f3rtani \u00e9s B\u0151ronkol\u00f3giai Klinika, 1085 Budapest, M\u00e1ria u. 41. Igazgat\u00f3: Prof. Dr. Holl\u00f3 P\u00e9ter PhD, med. habil., egyetemi tan\u00e1r\u00a0<\/li>\n<li style=\"font-weight: 400\">Genetikai Sejt- \u00e9s Immunbiol\u00f3giai Int\u00e9zet, 1089 Budapest, Nagyv\u00e1rad t\u00e9r 4. Igazgat\u00f3: Prof., Dr. Buz\u00e1s Edit med, habil., egyetemi tan\u00e1r\u00a0<\/li>\n<li style=\"font-weight: 400\">Genomikai Medicina \u00e9s Ritka Betegs\u00e9gek Int\u00e9zete, 1082 Budapest, \u00dcll\u0151i \u00fat 78\/b. Igazgat\u00f3: Prof. Dr. Moln\u00e1r M\u00e1ria Judit egyetemi tan\u00e1r\u00a0<\/li>\n<li style=\"font-weight: 400\">Gy\u00f3gyszerhat\u00e1stani Int\u00e9zet, 1089 Budapest, Nagyv\u00e1rad t\u00e9r 4. Igazgat\u00f3: Prof., Dr. Bagdy Gy\u00f6rgy egyetemi tan\u00e1r\u00a0<\/li>\n<li style=\"font-weight: 400\">I. sz. Belgy\u00f3gy\u00e1szati Klinika, Hematol\u00f3giai Biobank, 1083 Budapest, Kor\u00e1nyi S. u. 2\/a. Igazgat\u00f3: Prof. Dr. Tak\u00e1cs Istv\u00e1n egyetemi tan\u00e1r<\/li>\n<li style=\"font-weight: 400\">I. sz. Gyermekgy\u00f3gy\u00e1szati Klinika, Nephrogenetikai Laborat\u00f3rium, 1083 Budapest, B\u00f3kay u. 53.\u00a0 Igazgat\u00f3: Prof., Dr. Szab\u00f3 Attila egyetemi tan\u00e1r\u00a0<\/li>\n<li style=\"font-weight: 400\">I.sz. Gyermekklinika, Hepatol\u00f3giai Biobank, 1083 Budapest, B\u00f3kay u. 53.\u00a0 Igazgat\u00f3: Prof., Dr. Szab\u00f3 Attila egyetemi tan\u00e1r\u00a0<\/li>\n<li style=\"font-weight: 400\">II. sz. Belgy\u00f3gy\u00e1szati Klinika, Endokrinol\u00f3gia Genetika, 1088 Budapest, Szentkir\u00e1lyi u. 46. Igazgat\u00f3: Prof., Dr. Igaz P\u00e9ter egyetemi tan\u00e1r\u00a0<\/li>\n<li style=\"font-weight: 400\">Or\u00e1lbiol\u00f3giai Tansz\u00e9k, 1089 Budapest, Nagyv\u00e1rad t\u00e9r 4.\u00a0 Tansz\u00e9kvezet\u0151: Dr. Zsembery \u00c1kos PhD, egyetemi docens<\/li>\n<li style=\"font-weight: 400\">Orvosi Vegytani, Molekul\u00e1ris Biol\u00f3giai \u00e9s Patobiok\u00e9miai Int\u00e9zet, 1094 Budapest, T\u0171zolt\u00f3 u. 37-47. Igazgat\u00f3: Prof., Dr. Csala Mikl\u00f3s egyetemi tan\u00e1r\u00a0<\/li>\n<li style=\"font-weight: 400\">Pszchi\u00e1triai \u00e9s Pszichoter\u00e1pi\u00e1s Klinika, Molekul\u00e1ris Pszichi\u00e1triai Laborat\u00f3rium, 1083 Budapest, Balassa u. 6. Igazgat\u00f3: Prof., Dr. R\u00e9thelyi J\u00e1nos, egyetemi tan\u00e1r<\/li>\n<li style=\"font-weight: 400\">II. sz. Gyermekgy\u00f3gy\u00e1szati Klinika, Ciszt\u00e1s Fibr\u00f3zis\/Fenilketonuria Biobank, 1097 Budapest, T\u0171zolt\u00f3 u. 7-9. Igazgat\u00f3: Prof., Dr. Kov\u00e1cs G\u00e1bor egyetemi tan\u00e1r\u00a0<\/li>\n<li style=\"font-weight: 400\">Szem\u00e9szeti Klinika, 1085 Budapest, M\u00e1ria u. 39. Igazgat\u00f3: Prof., Dr. Nagy Zolt\u00e1n Zsolt egyetemi tan\u00e1r\u00a0<\/li>\n<li style=\"font-weight: 400\">V\u00e1rosmajori Biobankok, 1122 Budapest, V\u00e1rosmajor u. 68. Igazgat\u00f3: Prof., Dr. Merkely B\u00e9la PhD, egyetemi tan\u00e1r<\/li>\n<\/ul>\n","protected":false},"excerpt":{"rendered":"<p>B\u0151r- Nemik\u00f3rtani \u00e9s B\u0151ronkol\u00f3giai Klinika, 1085 Budapest, M\u00e1ria u. 41. Igazgat\u00f3: Prof. Dr. Holl\u00f3 P\u00e9ter PhD, med. habil., egyetemi tan\u00e1r\u00a0 Genetikai Sejt- \u00e9s Immunbiol\u00f3giai Int\u00e9zet, 1089 Budapest, Nagyv\u00e1rad t\u00e9r 4. Igazgat\u00f3: Prof., Dr. Buz\u00e1s Edit med, habil., egyetemi tan\u00e1r\u00a0 Genomikai Medicina \u00e9s Ritka Betegs\u00e9gek Int\u00e9zete, 1082 Budapest, \u00dcll\u0151i \u00fat 78\/b. Igazgat\u00f3: Prof. Dr. Moln\u00e1r M\u00e1ria &hellip;<\/p>\n","protected":false},"author":12,"featured_media":0,"parent":0,"menu_order":20,"comment_status":"closed","ping_status":"closed","template":"","meta":{"_acf_changed":false,"footnotes":""},"categories":[],"tags":[],"class_list":["post-189","page","type-page","status-publish","hentry"],"acf":[],"_links":{"self":[{"href":"https:\/\/semmelweis.hu\/biobank\/wp-json\/wp\/v2\/pages\/189","targetHints":{"allow":["GET"]}}],"collection":[{"href":"https:\/\/semmelweis.hu\/biobank\/wp-json\/wp\/v2\/pages"}],"about":[{"href":"https:\/\/semmelweis.hu\/biobank\/wp-json\/wp\/v2\/types\/page"}],"author":[{"embeddable":true,"href":"https:\/\/semmelweis.hu\/biobank\/wp-json\/wp\/v2\/users\/12"}],"replies":[{"embeddable":true,"href":"https:\/\/semmelweis.hu\/biobank\/wp-json\/wp\/v2\/comments?post=189"}],"version-history":[{"count":10,"href":"https:\/\/semmelweis.hu\/biobank\/wp-json\/wp\/v2\/pages\/189\/revisions"}],"predecessor-version":[{"id":228,"href":"https:\/\/semmelweis.hu\/biobank\/wp-json\/wp\/v2\/pages\/189\/revisions\/228"}],"wp:attachment":[{"href":"https:\/\/semmelweis.hu\/biobank\/wp-json\/wp\/v2\/media?parent=189"}],"wp:term":[{"taxonomy":"category","embeddable":true,"href":"https:\/\/semmelweis.hu\/biobank\/wp-json\/wp\/v2\/categories?post=189"},{"taxonomy":"post_tag","embeddable":true,"href":"https:\/\/semmelweis.hu\/biobank\/wp-json\/wp\/v2\/tags?post=189"}],"curies":[{"name":"wp","href":"https:\/\/api.w.org\/{rel}","templated":true}]}}