{"id":124,"date":"2020-11-04T12:06:37","date_gmt":"2020-11-04T11:06:37","guid":{"rendered":"https:\/\/semmelweis.hu\/biobank\/?page_id=124"},"modified":"2025-01-08T12:05:58","modified_gmt":"2025-01-08T11:05:58","slug":"nepsy-bank","status":"publish","type":"page","link":"https:\/\/semmelweis.hu\/biobank\/biobankok\/nepsy-bank\/","title":{"rendered":"NEPSY Bank"},"content":{"rendered":"<table width=\"826\">\n<tbody>\n<tr>\n<td width=\"447\">Int\u00e9zet neve:<\/td>\n<td width=\"379\">Genomikai Medicina \u00e9s Ritka betegs\u00e9gek Int\u00e9zete<\/td>\n<\/tr>\n<tr>\n<td>Biobank neve:<\/td>\n<td>NEPSY Bank<\/td>\n<\/tr>\n<tr>\n<td>Biobank vezet\u0151je:<\/td>\n<td>Prof., Dr. Moln\u00e1r M\u00e1ria Judit<\/td>\n<\/tr>\n<tr>\n<td>Biobank kapcsolattart\u00f3 neve:<\/td>\n<td>G\u00e1l Anik\u00f3<\/td>\n<\/tr>\n<tr>\n<td>Biobank kapcsolattart\u00f3 el\u00e9rhet\u0151s\u00e9ge:<\/td>\n<td>gal.aniko@semmelweis.hu<\/td>\n<\/tr>\n<tr>\n<td>Mintagy\u0171jt\u00e9s kezdet\u00e9nek \u00e9ve:<\/td>\n<td>2002<\/td>\n<\/tr>\n<tr>\n<td>Biobank r\u00f6vid bemutat\u00e1sa:<\/td>\n<td width=\"379\">A NEPSY Bank a\u00a0 ritka betegs\u00e9gekben zenved\u0151 betegek biol\u00f3giai mint\u00e1inak (DNS, RNS, izomsz\u00f6vet, primer fibroblasztok) olyan speci\u00e1lis gy\u0171jtem\u00e9nye, amelyhez a biol\u00f3giai mint\u00e1n k\u00edv\u00fcl a klinikai fenot\u00edpus \u00e9s a betegek szocio\u00f6kon\u00f3miai helyzete is t\u00e1rsul. A\u00a0 biobank infrastrukt\u00far\u00e1lis h\u00e1tter\u00e9t az ultram\u00e9lyh\u0171t\u0151k\/m\u00e9lyh\u0171t\u0151k (k\u00e9t -80 \u00b0 C, n\u00e9gy -20 \u00b0 C) \u00e9s foly\u00e9kony nitrog\u00e9n t\u00e1rol\u00f3 rendszer adj\u00e1k. Ez kieg\u00e9sz\u00fcl biobankol\u00e1si szoftverrel -(smartbank rendszer). A biobankban 100 eg\u00e9szs\u00e9ges id\u0151s egy\u00e9n biol\u00f3giai mint\u00e1ja mellett a teljes genom adatai is megtal\u00e1lhat\u00f3ak. A betegs\u00e9gspecifikus biobankban kb n\u00e9h\u00e1ny sz\u00e1z p\u00e1ciens teljes exom adatai is fellelhet\u0151ek.\u00a0<\/td>\n<\/tr>\n<\/tbody>\n<\/table>\n","protected":false},"excerpt":{"rendered":"<p>Int\u00e9zet neve: Genomikai Medicina \u00e9s Ritka betegs\u00e9gek Int\u00e9zete Biobank neve: NEPSY Bank Biobank vezet\u0151je: Prof., Dr. Moln\u00e1r M\u00e1ria Judit Biobank kapcsolattart\u00f3 neve: G\u00e1l Anik\u00f3 Biobank kapcsolattart\u00f3 el\u00e9rhet\u0151s\u00e9ge: gal.aniko@semmelweis.hu Mintagy\u0171jt\u00e9s kezdet\u00e9nek \u00e9ve: 2002 Biobank r\u00f6vid bemutat\u00e1sa: A NEPSY Bank a\u00a0 ritka betegs\u00e9gekben zenved\u0151 betegek biol\u00f3giai mint\u00e1inak (DNS, RNS, izomsz\u00f6vet, primer fibroblasztok) olyan speci\u00e1lis gy\u0171jtem\u00e9nye, amelyhez a &hellip;<\/p>\n","protected":false},"author":101779,"featured_media":0,"parent":33,"menu_order":9,"comment_status":"closed","ping_status":"closed","template":"","meta":{"_acf_changed":false,"footnotes":""},"categories":[],"tags":[],"class_list":["post-124","page","type-page","status-publish","hentry"],"acf":[],"_links":{"self":[{"href":"https:\/\/semmelweis.hu\/biobank\/wp-json\/wp\/v2\/pages\/124","targetHints":{"allow":["GET"]}}],"collection":[{"href":"https:\/\/semmelweis.hu\/biobank\/wp-json\/wp\/v2\/pages"}],"about":[{"href":"https:\/\/semmelweis.hu\/biobank\/wp-json\/wp\/v2\/types\/page"}],"author":[{"embeddable":true,"href":"https:\/\/semmelweis.hu\/biobank\/wp-json\/wp\/v2\/users\/101779"}],"replies":[{"embeddable":true,"href":"https:\/\/semmelweis.hu\/biobank\/wp-json\/wp\/v2\/comments?post=124"}],"version-history":[{"count":6,"href":"https:\/\/semmelweis.hu\/biobank\/wp-json\/wp\/v2\/pages\/124\/revisions"}],"predecessor-version":[{"id":257,"href":"https:\/\/semmelweis.hu\/biobank\/wp-json\/wp\/v2\/pages\/124\/revisions\/257"}],"up":[{"embeddable":true,"href":"https:\/\/semmelweis.hu\/biobank\/wp-json\/wp\/v2\/pages\/33"}],"wp:attachment":[{"href":"https:\/\/semmelweis.hu\/biobank\/wp-json\/wp\/v2\/media?parent=124"}],"wp:term":[{"taxonomy":"category","embeddable":true,"href":"https:\/\/semmelweis.hu\/biobank\/wp-json\/wp\/v2\/categories?post=124"},{"taxonomy":"post_tag","embeddable":true,"href":"https:\/\/semmelweis.hu\/biobank\/wp-json\/wp\/v2\/tags?post=124"}],"curies":[{"name":"wp","href":"https:\/\/api.w.org\/{rel}","templated":true}]}}