{"id":123,"date":"2020-11-04T12:06:37","date_gmt":"2020-11-04T11:06:37","guid":{"rendered":"https:\/\/semmelweis.hu\/biobank\/?page_id=123"},"modified":"2025-01-08T11:58:04","modified_gmt":"2025-01-08T10:58:04","slug":"i-sz-gyermekklinika-nephrogenetikai-labor-3","status":"publish","type":"page","link":"https:\/\/semmelweis.hu\/biobank\/biobankok\/i-sz-gyermekklinika-nephrogenetikai-labor-3\/","title":{"rendered":"Nephrogenetikai Labor"},"content":{"rendered":"<table width=\"826\">\n<tbody>\n<tr>\n<td width=\"447\">Int\u00e9zet neve:<\/td>\n<td width=\"379\">Gyermekgy\u00f3gy\u00e1szati Klinika<\/td>\n<\/tr>\n<tr>\n<td>Biobank neve:<\/td>\n<td>Nephrogenetikai Labor<\/td>\n<\/tr>\n<tr>\n<td>Biobank vezet\u0151je:<\/td>\n<td>Dr. Tory K\u00e1lm\u00e1n<\/td>\n<\/tr>\n<tr>\n<td>Biobank kapcsolattart\u00f3 neve:<\/td>\n<td>Dr. J\u00e1vorszky Eszter<\/td>\n<\/tr>\n<tr>\n<td>Biobank kapcsolattart\u00f3 el\u00e9rhet\u0151s\u00e9ge:<\/td>\n<td>javorszky.eszter@semmelweis.hu<\/td>\n<\/tr>\n<tr>\n<td>Mintagy\u0171jt\u00e9s kezdet\u00e9nek \u00e9ve:<\/td>\n<td>2008<\/td>\n<\/tr>\n<tr>\n<td>Biobank r\u00f6vid bemutat\u00e1sa:<\/td>\n<td width=\"379\">Vesebetegs\u00e9gben szenved\u0151 gyermekek \u00e9s feln\u0151ttek, illetve b\u00e1rmilyen betegs\u00e9gben szenved\u0151 gyermekek kivizsg\u00e1l\u00e1sa a f\u0151 profil. Minta t\u00edpusa: EDTA-s v\u00e9rb\u0151l kivont DNS.\u00a0<\/td>\n<\/tr>\n<\/tbody>\n<\/table>\n","protected":false},"excerpt":{"rendered":"<p>Int\u00e9zet neve:<br \/>\nGyermekgy\u00f3gy\u00e1szati Klinika<\/p>\n<p>Biobank neve:<br \/>\nNephrogenetikai Labor<\/p>\n<p>Biobank vezet\u0151je:<br \/>\nDr. Tory K\u00e1lm\u00e1n<\/p>\n<p>Biobank kapcsolattart\u00f3 neve:<br \/>\nDr. J\u00e1vorszky Eszter<\/p>\n<p>Biobank kapcsolattart\u00f3 el\u00e9rhet\u0151s\u00e9ge:<br \/>\njavorszky.eszter@semmelweis.hu<\/p>\n<p>Mintagy\u0171jt\u00e9s kezdet\u00e9nek \u00e9ve:<br \/>\n2008<\/p>\n<p>Biobank r\u00f6vid bemutat\u00e1sa:<br \/>\nVesebetegs\u00e9gben szenved\u0151 gyermekek \u00e9s feln\u0151ttek, illetve b\u00e1rmilyen betegs\u00e9gben szenved\u0151 gyermekek kivizsg\u00e1l\u00e1sa a f\u0151 profil. Minta t\u00edpusa: EDTA-s v\u00e9rb\u0151l kivont DNS.\u00a0<\/p>\n","protected":false},"author":101779,"featured_media":0,"parent":33,"menu_order":5,"comment_status":"closed","ping_status":"closed","template":"","meta":{"_acf_changed":false,"footnotes":""},"categories":[],"tags":[],"class_list":["post-123","page","type-page","status-publish","hentry"],"acf":[],"_links":{"self":[{"href":"https:\/\/semmelweis.hu\/biobank\/wp-json\/wp\/v2\/pages\/123","targetHints":{"allow":["GET"]}}],"collection":[{"href":"https:\/\/semmelweis.hu\/biobank\/wp-json\/wp\/v2\/pages"}],"about":[{"href":"https:\/\/semmelweis.hu\/biobank\/wp-json\/wp\/v2\/types\/page"}],"author":[{"embeddable":true,"href":"https:\/\/semmelweis.hu\/biobank\/wp-json\/wp\/v2\/users\/101779"}],"replies":[{"embeddable":true,"href":"https:\/\/semmelweis.hu\/biobank\/wp-json\/wp\/v2\/comments?post=123"}],"version-history":[{"count":6,"href":"https:\/\/semmelweis.hu\/biobank\/wp-json\/wp\/v2\/pages\/123\/revisions"}],"predecessor-version":[{"id":251,"href":"https:\/\/semmelweis.hu\/biobank\/wp-json\/wp\/v2\/pages\/123\/revisions\/251"}],"up":[{"embeddable":true,"href":"https:\/\/semmelweis.hu\/biobank\/wp-json\/wp\/v2\/pages\/33"}],"wp:attachment":[{"href":"https:\/\/semmelweis.hu\/biobank\/wp-json\/wp\/v2\/media?parent=123"}],"wp:term":[{"taxonomy":"category","embeddable":true,"href":"https:\/\/semmelweis.hu\/biobank\/wp-json\/wp\/v2\/categories?post=123"},{"taxonomy":"post_tag","embeddable":true,"href":"https:\/\/semmelweis.hu\/biobank\/wp-json\/wp\/v2\/tags?post=123"}],"curies":[{"name":"wp","href":"https:\/\/api.w.org\/{rel}","templated":true}]}}