{"id":120,"date":"2020-11-04T12:06:36","date_gmt":"2020-11-04T11:06:36","guid":{"rendered":"https:\/\/semmelweis.hu\/biobank\/?page_id=120"},"modified":"2025-01-08T12:08:12","modified_gmt":"2025-01-08T11:08:12","slug":"psoriasis-biobank","status":"publish","type":"page","link":"https:\/\/semmelweis.hu\/biobank\/biobankok\/psoriasis-biobank\/","title":{"rendered":"Psoriasis Biobank"},"content":{"rendered":"<table width=\"554\">\n<tbody>\n<tr>\n<td width=\"256\">Int\u00e9zet neve:<\/td>\n<td width=\"298\">B\u0151r-, Nemik\u00f3rtani \u00e9s B\u0151ronkol\u00f3giai Klinika<\/td>\n<\/tr>\n<tr>\n<td width=\"256\">Biobank neve:<\/td>\n<td width=\"298\">Psoriasis Biobank<\/td>\n<\/tr>\n<tr>\n<td width=\"256\">Biobank vezet\u0151je:<\/td>\n<td width=\"298\">Prof., Dr. Holl\u00f3 P\u00e9ter<\/td>\n<\/tr>\n<tr>\n<td width=\"256\">Biobank kapcsolattart\u00f3 neve:<\/td>\n<td width=\"298\">Dr. Piros Anna<\/td>\n<\/tr>\n<tr>\n<td width=\"256\">Biobank kapcsolattart\u00f3 el\u00e9rhet\u0151s\u00e9ge:<\/td>\n<td width=\"298\"><a href=\"mailto:piros.anna95@gmail.com\">piros.anna95@gmail.com<\/a><\/td>\n<\/tr>\n<tr>\n<td width=\"256\">Mintagy\u0171jt\u00e9s kezdet\u00e9nek \u00e9ve:<\/td>\n<td width=\"298\">2015<\/td>\n<\/tr>\n<tr>\n<td width=\"256\">Biobank r\u00f6vid bemutat\u00e1sa:<\/td>\n<td width=\"298\">Psoriasisos betegek b\u0151r \u00e9s v\u00e9rmint\u00e1i<\/td>\n<\/tr>\n<\/tbody>\n<\/table>\n","protected":false},"excerpt":{"rendered":"<p>Int\u00e9zet neve:<br \/>\nB\u0151r-, Nemik\u00f3rtani \u00e9s B\u0151ronkol\u00f3giai Klinika<\/p>\n<p>Biobank neve:<br \/>\nPsoriasis Biobank<\/p>\n<p>Biobank vezet\u0151je:<br \/>\nProf., Dr. Holl\u00f3 P\u00e9ter<\/p>\n<p>Biobank kapcsolattart\u00f3 neve:<br \/>\nDr. Piros Anna<\/p>\n<p>Biobank kapcsolattart\u00f3 el\u00e9rhet\u0151s\u00e9ge:<br \/>\n<a href=\"mailto:piros.anna95@gmail.com\">piros.anna95@gmail.com<\/a><\/p>\n<p>Mintagy\u0171jt\u00e9s kezdet\u00e9nek \u00e9ve:<br \/>\n2015<\/p>\n<p>Biobank r\u00f6vid bemutat\u00e1sa:<br \/>\nPsoriasisos betegek b\u0151r \u00e9s v\u00e9rmint\u00e1i<\/p>\n","protected":false},"author":101779,"featured_media":0,"parent":33,"menu_order":10,"comment_status":"closed","ping_status":"closed","template":"","meta":{"_acf_changed":false,"footnotes":""},"categories":[],"tags":[],"class_list":["post-120","page","type-page","status-publish","hentry"],"acf":[],"_links":{"self":[{"href":"https:\/\/semmelweis.hu\/biobank\/wp-json\/wp\/v2\/pages\/120","targetHints":{"allow":["GET"]}}],"collection":[{"href":"https:\/\/semmelweis.hu\/biobank\/wp-json\/wp\/v2\/pages"}],"about":[{"href":"https:\/\/semmelweis.hu\/biobank\/wp-json\/wp\/v2\/types\/page"}],"author":[{"embeddable":true,"href":"https:\/\/semmelweis.hu\/biobank\/wp-json\/wp\/v2\/users\/101779"}],"replies":[{"embeddable":true,"href":"https:\/\/semmelweis.hu\/biobank\/wp-json\/wp\/v2\/comments?post=120"}],"version-history":[{"count":7,"href":"https:\/\/semmelweis.hu\/biobank\/wp-json\/wp\/v2\/pages\/120\/revisions"}],"predecessor-version":[{"id":259,"href":"https:\/\/semmelweis.hu\/biobank\/wp-json\/wp\/v2\/pages\/120\/revisions\/259"}],"up":[{"embeddable":true,"href":"https:\/\/semmelweis.hu\/biobank\/wp-json\/wp\/v2\/pages\/33"}],"wp:attachment":[{"href":"https:\/\/semmelweis.hu\/biobank\/wp-json\/wp\/v2\/media?parent=120"}],"wp:term":[{"taxonomy":"category","embeddable":true,"href":"https:\/\/semmelweis.hu\/biobank\/wp-json\/wp\/v2\/categories?post=120"},{"taxonomy":"post_tag","embeddable":true,"href":"https:\/\/semmelweis.hu\/biobank\/wp-json\/wp\/v2\/tags?post=120"}],"curies":[{"name":"wp","href":"https:\/\/api.w.org\/{rel}","templated":true}]}}