{"id":119,"date":"2020-11-04T12:06:36","date_gmt":"2020-11-04T11:06:36","guid":{"rendered":"https:\/\/semmelweis.hu\/biobank\/?page_id=119"},"modified":"2025-01-08T11:59:13","modified_gmt":"2025-01-08T10:59:13","slug":"melanoma-es-genetikai-biobank","status":"publish","type":"page","link":"https:\/\/semmelweis.hu\/biobank\/biobankok\/melanoma-es-genetikai-biobank\/","title":{"rendered":"Melan\u00f3ma \u00e9s Genetikai Biobank"},"content":{"rendered":"<table width=\"650\">\n<tbody>\n<tr>\n<td width=\"271\">Int\u00e9zet neve:<\/td>\n<td width=\"379\">B\u0151r-, Nemik\u00f3rtani \u00e9s B\u0151ronkol\u00f3giai Klinika<\/td>\n<\/tr>\n<tr>\n<td width=\"271\">Biobank neve:<\/td>\n<td width=\"379\">Melan\u00f3ma \u00e9s Genetikai Biobank<\/td>\n<\/tr>\n<tr>\n<td width=\"271\">Biobank vezet\u0151je:<\/td>\n<td width=\"379\">Dr. Mayer Bal\u00e1zs<\/td>\n<\/tr>\n<tr>\n<td width=\"271\">Biobank kapcsolattart\u00f3 neve:<\/td>\n<td width=\"379\">Dr. Mayer Bal\u00e1zs<\/td>\n<\/tr>\n<tr>\n<td width=\"271\">Biobank kapcsolattart\u00f3 el\u00e9rhet\u0151s\u00e9ge:<\/td>\n<td width=\"379\">mayer.balazs@semmelweis.hu\u00a0<\/td>\n<\/tr>\n<tr>\n<td width=\"271\">Mintagy\u0171jt\u00e9s kezdet\u00e9nek \u00e9ve:<\/td>\n<td width=\"379\">1995<\/td>\n<\/tr>\n<tr>\n<td width=\"271\">Biobank r\u00f6vid bemutat\u00e1sa:<\/td>\n<td width=\"379\">sz\u00f6vet, v\u00e9r, DNS, RNS, Albankok:<br \/>-Melanoma \u00e9s genetikai biobank<br \/>-Autoimmun b\u0151rbetegs\u00e9gek, vasculitisek biobank<br \/>-Psoriasis biobank<br \/>-Basalioma biobank<br \/>-Cutan lymphoma biobank<\/td>\n<\/tr>\n<\/tbody>\n<\/table>\n","protected":false},"excerpt":{"rendered":"<p>Int\u00e9zet neve:<br \/>\nB\u0151r-, Nemik\u00f3rtani \u00e9s B\u0151ronkol\u00f3giai Klinika<\/p>\n<p>Biobank neve:<br \/>\nMelan\u00f3ma \u00e9s Genetikai Biobank<\/p>\n<p>Biobank vezet\u0151je:<br \/>\nDr. Mayer Bal\u00e1zs<\/p>\n<p>Biobank kapcsolattart\u00f3 neve:<br \/>\nDr. Mayer Bal\u00e1zs<\/p>\n<p>Biobank kapcsolattart\u00f3 el\u00e9rhet\u0151s\u00e9ge:<br \/>\nmayer.balazs@semmelweis.hu\u00a0<\/p>\n<p>Mintagy\u0171jt\u00e9s kezdet\u00e9nek \u00e9ve:<br \/>\n1995<\/p>\n<p>Biobank r\u00f6vid bemutat\u00e1sa:<br \/>\nsz\u00f6vet, v\u00e9r, DNS, RNS, Albankok:-Melanoma \u00e9s genetikai biobank-Autoimmun b\u0151rbetegs\u00e9gek, vasculitisek biobank-Psoriasis biobank-Basalioma biobank-Cutan lymphoma biobank<\/p>\n","protected":false},"author":101779,"featured_media":0,"parent":33,"menu_order":6,"comment_status":"closed","ping_status":"closed","template":"","meta":{"_acf_changed":false,"footnotes":""},"categories":[],"tags":[],"class_list":["post-119","page","type-page","status-publish","hentry"],"acf":[],"_links":{"self":[{"href":"https:\/\/semmelweis.hu\/biobank\/wp-json\/wp\/v2\/pages\/119","targetHints":{"allow":["GET"]}}],"collection":[{"href":"https:\/\/semmelweis.hu\/biobank\/wp-json\/wp\/v2\/pages"}],"about":[{"href":"https:\/\/semmelweis.hu\/biobank\/wp-json\/wp\/v2\/types\/page"}],"author":[{"embeddable":true,"href":"https:\/\/semmelweis.hu\/biobank\/wp-json\/wp\/v2\/users\/101779"}],"replies":[{"embeddable":true,"href":"https:\/\/semmelweis.hu\/biobank\/wp-json\/wp\/v2\/comments?post=119"}],"version-history":[{"count":5,"href":"https:\/\/semmelweis.hu\/biobank\/wp-json\/wp\/v2\/pages\/119\/revisions"}],"predecessor-version":[{"id":252,"href":"https:\/\/semmelweis.hu\/biobank\/wp-json\/wp\/v2\/pages\/119\/revisions\/252"}],"up":[{"embeddable":true,"href":"https:\/\/semmelweis.hu\/biobank\/wp-json\/wp\/v2\/pages\/33"}],"wp:attachment":[{"href":"https:\/\/semmelweis.hu\/biobank\/wp-json\/wp\/v2\/media?parent=119"}],"wp:term":[{"taxonomy":"category","embeddable":true,"href":"https:\/\/semmelweis.hu\/biobank\/wp-json\/wp\/v2\/categories?post=119"},{"taxonomy":"post_tag","embeddable":true,"href":"https:\/\/semmelweis.hu\/biobank\/wp-json\/wp\/v2\/tags?post=119"}],"curies":[{"name":"wp","href":"https:\/\/api.w.org\/{rel}","templated":true}]}}