{"id":118,"date":"2020-11-04T12:06:36","date_gmt":"2020-11-04T11:06:36","guid":{"rendered":"https:\/\/semmelweis.hu\/biobank\/?page_id=118"},"modified":"2025-01-08T12:03:48","modified_gmt":"2025-01-08T11:03:48","slug":"molekularis-pszichiatriai-laboratorium-biobank","status":"publish","type":"page","link":"https:\/\/semmelweis.hu\/biobank\/biobankok\/molekularis-pszichiatriai-laboratorium-biobank\/","title":{"rendered":"Molekul\u00e1ris Pszichi\u00e1triai Laborat\u00f3rium Biobank"},"content":{"rendered":"<table width=\"844\">\n<tbody>\n<tr>\n<td width=\"447\">Int\u00e9zet neve:<\/td>\n<td width=\"397\">Pszichi\u00e1triai \u00e9s Pszichoter\u00e1pi\u00e1s Klinika<\/td>\n<\/tr>\n<tr>\n<td>Biobank neve:<\/td>\n<td>Molekul\u00e1ris Pszichi\u00e1triai Laborat\u00f3rium Biobank<\/td>\n<\/tr>\n<tr>\n<td>Biobank vezet\u0151je:<\/td>\n<td>Prof. Dr. R\u00e9thelyi J\u00e1nos<\/td>\n<\/tr>\n<tr>\n<td>Biobank kapcsolattart\u00f3 neve:<\/td>\n<td>Majlinger Kinga<\/td>\n<\/tr>\n<tr>\n<td>Biobank kapcsolattart\u00f3 el\u00e9rhet\u0151s\u00e9ge:<\/td>\n<td>majlinger.kinga@semmelweis.hu<\/td>\n<\/tr>\n<tr>\n<td>Mintagy\u0171jt\u00e9s kezdet\u00e9nek \u00e9ve:<\/td>\n<td>2010<\/td>\n<\/tr>\n<tr>\n<td>Biobank r\u00f6vid bemutat\u00e1sa:<\/td>\n<td width=\"397\">A Molekul\u00e1ris Pszichi\u00e1triai Biobankban t\u00f6bb mint 1300 f\u00fcggetlen szem\u00e9lyt\u0151l sz\u00e1rmaz\u00f3 genetikai minta tal\u00e1lhat\u00f3. A Biobankhoz tartoz\u00f3 genetikai laborat\u00f3riumban a genomi\u00e1lis DNS kivon\u00e1sa v\u00e9rb\u0151l illetve ny\u00e1lb\u00f3l t\u00f6rt\u00e9nik, 2020-t\u00f3l pedig bucca mint\u00e1k feldolgoz\u00e1s\u00e1ra is lehet\u0151s\u00e9g nyilik. A mint\u00e1k genotipiz\u00e1l\u00e1sa t\u00f6bb m\u00f3dszerrel, hazai \u00e9s nemzetk\u00f6zi kollabor\u00e1ci\u00f3k keret\u00e9ben zajlik. A Biobankban tal\u00e1lhat\u00f3 mint\u00e1k els\u0151 sorban szkizofr\u00e9ni\u00e1val, ADHD-val, illetve bipol\u00e1ris affekt\u00edv zavarral diagnosztiz\u00e1lt p\u00e1ciensekt\u0151l sz\u00e1rmaznak.<\/td>\n<\/tr>\n<\/tbody>\n<\/table>\n","protected":false},"excerpt":{"rendered":"<p>Int\u00e9zet neve: Pszichi\u00e1triai \u00e9s Pszichoter\u00e1pi\u00e1s Klinika Biobank neve: Molekul\u00e1ris Pszichi\u00e1triai Laborat\u00f3rium Biobank Biobank vezet\u0151je: Prof. Dr. R\u00e9thelyi J\u00e1nos Biobank kapcsolattart\u00f3 neve: Majlinger Kinga Biobank kapcsolattart\u00f3 el\u00e9rhet\u0151s\u00e9ge: majlinger.kinga@semmelweis.hu Mintagy\u0171jt\u00e9s kezdet\u00e9nek \u00e9ve: 2010 Biobank r\u00f6vid bemutat\u00e1sa: A Molekul\u00e1ris Pszichi\u00e1triai Biobankban t\u00f6bb mint 1300 f\u00fcggetlen szem\u00e9lyt\u0151l sz\u00e1rmaz\u00f3 genetikai minta tal\u00e1lhat\u00f3. A Biobankhoz tartoz\u00f3 genetikai laborat\u00f3riumban a genomi\u00e1lis DNS &hellip;<\/p>\n","protected":false},"author":101779,"featured_media":0,"parent":33,"menu_order":7,"comment_status":"closed","ping_status":"closed","template":"","meta":{"_acf_changed":false,"footnotes":""},"categories":[],"tags":[],"class_list":["post-118","page","type-page","status-publish","hentry"],"acf":[],"_links":{"self":[{"href":"https:\/\/semmelweis.hu\/biobank\/wp-json\/wp\/v2\/pages\/118","targetHints":{"allow":["GET"]}}],"collection":[{"href":"https:\/\/semmelweis.hu\/biobank\/wp-json\/wp\/v2\/pages"}],"about":[{"href":"https:\/\/semmelweis.hu\/biobank\/wp-json\/wp\/v2\/types\/page"}],"author":[{"embeddable":true,"href":"https:\/\/semmelweis.hu\/biobank\/wp-json\/wp\/v2\/users\/101779"}],"replies":[{"embeddable":true,"href":"https:\/\/semmelweis.hu\/biobank\/wp-json\/wp\/v2\/comments?post=118"}],"version-history":[{"count":6,"href":"https:\/\/semmelweis.hu\/biobank\/wp-json\/wp\/v2\/pages\/118\/revisions"}],"predecessor-version":[{"id":254,"href":"https:\/\/semmelweis.hu\/biobank\/wp-json\/wp\/v2\/pages\/118\/revisions\/254"}],"up":[{"embeddable":true,"href":"https:\/\/semmelweis.hu\/biobank\/wp-json\/wp\/v2\/pages\/33"}],"wp:attachment":[{"href":"https:\/\/semmelweis.hu\/biobank\/wp-json\/wp\/v2\/media?parent=118"}],"wp:term":[{"taxonomy":"category","embeddable":true,"href":"https:\/\/semmelweis.hu\/biobank\/wp-json\/wp\/v2\/categories?post=118"},{"taxonomy":"post_tag","embeddable":true,"href":"https:\/\/semmelweis.hu\/biobank\/wp-json\/wp\/v2\/tags?post=118"}],"curies":[{"name":"wp","href":"https:\/\/api.w.org\/{rel}","templated":true}]}}