{"id":117,"date":"2020-11-04T12:06:36","date_gmt":"2020-11-04T11:06:36","guid":{"rendered":"https:\/\/semmelweis.hu\/biobank\/?page_id=117"},"modified":"2025-01-08T11:49:10","modified_gmt":"2025-01-08T10:49:10","slug":"asztma-es-hematoonkologiai-biobank","status":"publish","type":"page","link":"https:\/\/semmelweis.hu\/biobank\/biobankok\/asztma-es-hematoonkologiai-biobank\/","title":{"rendered":"Asztma \u00e9s Hematoonkol\u00f3giai Biobank"},"content":{"rendered":"<table width=\"866\">\n<tbody>\n<tr>\n<td width=\"447\">Int\u00e9zet neve:<\/td>\n<td width=\"419\">Genetikai, Sejt- \u00e9s Immunbiol\u00f3giai Int\u00e9zet<\/td>\n<\/tr>\n<tr>\n<td>Biobank neve :<\/td>\n<td>Asztma \u00e9s Hematoonkol\u00f3giai Biobank<\/td>\n<\/tr>\n<tr>\n<td>Biobank vezet\u0151je:<\/td>\n<td>Prof. Buz\u00e1s Edit<\/td>\n<\/tr>\n<tr>\n<td>Biobank kapcsolattart\u00f3 neve:<\/td>\n<td>Prof. Buz\u00e1s Edit<\/td>\n<\/tr>\n<tr>\n<td>Biobank kapcsolattart\u00f3 el\u00e9rhet\u0151s\u00e9ge:<\/td>\n<td>buzas.edit@semmelweis.hu<\/td>\n<\/tr>\n<tr>\n<td>Mintagy\u0171jt\u00e9s kezdet\u00e9nek \u00e9ve:<\/td>\n<td>2003<\/td>\n<\/tr>\n<tr>\n<td>Biobank r\u00f6vid bemutat\u00e1sa:<\/td>\n<td>DNS, gyermekkori \u00e9s feln\u0151tt asztma, gyermekkori ALL, kontrollok<\/td>\n<\/tr>\n<\/tbody>\n<\/table>\n","protected":false},"excerpt":{"rendered":"<p>Int\u00e9zet neve:<br \/>\nGenetikai, Sejt- \u00e9s Immunbiol\u00f3giai Int\u00e9zet<\/p>\n<p>Biobank neve :<br \/>\nAsztma \u00e9s Hematoonkol\u00f3giai Biobank<\/p>\n<p>Biobank vezet\u0151je:<br \/>\nProf. Buz\u00e1s Edit<\/p>\n<p>Biobank kapcsolattart\u00f3 neve:<br \/>\nProf. Buz\u00e1s Edit<\/p>\n<p>Biobank kapcsolattart\u00f3 el\u00e9rhet\u0151s\u00e9ge:<br \/>\nbuzas.edit@semmelweis.hu<\/p>\n<p>Mintagy\u0171jt\u00e9s kezdet\u00e9nek \u00e9ve:<br \/>\n2003<\/p>\n<p>Biobank r\u00f6vid bemutat\u00e1sa:<br \/>\nDNS, gyermekkori \u00e9s feln\u0151tt asztma, gyermekkori ALL, kontrollok<\/p>\n","protected":false},"author":101779,"featured_media":0,"parent":33,"menu_order":1,"comment_status":"closed","ping_status":"closed","template":"","meta":{"_acf_changed":false,"footnotes":""},"categories":[],"tags":[],"class_list":["post-117","page","type-page","status-publish","hentry"],"acf":[],"_links":{"self":[{"href":"https:\/\/semmelweis.hu\/biobank\/wp-json\/wp\/v2\/pages\/117","targetHints":{"allow":["GET"]}}],"collection":[{"href":"https:\/\/semmelweis.hu\/biobank\/wp-json\/wp\/v2\/pages"}],"about":[{"href":"https:\/\/semmelweis.hu\/biobank\/wp-json\/wp\/v2\/types\/page"}],"author":[{"embeddable":true,"href":"https:\/\/semmelweis.hu\/biobank\/wp-json\/wp\/v2\/users\/101779"}],"replies":[{"embeddable":true,"href":"https:\/\/semmelweis.hu\/biobank\/wp-json\/wp\/v2\/comments?post=117"}],"version-history":[{"count":6,"href":"https:\/\/semmelweis.hu\/biobank\/wp-json\/wp\/v2\/pages\/117\/revisions"}],"predecessor-version":[{"id":246,"href":"https:\/\/semmelweis.hu\/biobank\/wp-json\/wp\/v2\/pages\/117\/revisions\/246"}],"up":[{"embeddable":true,"href":"https:\/\/semmelweis.hu\/biobank\/wp-json\/wp\/v2\/pages\/33"}],"wp:attachment":[{"href":"https:\/\/semmelweis.hu\/biobank\/wp-json\/wp\/v2\/media?parent=117"}],"wp:term":[{"taxonomy":"category","embeddable":true,"href":"https:\/\/semmelweis.hu\/biobank\/wp-json\/wp\/v2\/categories?post=117"},{"taxonomy":"post_tag","embeddable":true,"href":"https:\/\/semmelweis.hu\/biobank\/wp-json\/wp\/v2\/tags?post=117"}],"curies":[{"name":"wp","href":"https:\/\/api.w.org\/{rel}","templated":true}]}}