{"id":116,"date":"2020-11-04T12:06:36","date_gmt":"2020-11-04T11:06:36","guid":{"rendered":"https:\/\/semmelweis.hu\/biobank\/?page_id=116"},"modified":"2025-01-08T12:05:12","modified_gmt":"2025-01-08T11:05:12","slug":"molor","status":"publish","type":"page","link":"https:\/\/semmelweis.hu\/biobank\/biobankok\/molor\/","title":{"rendered":"MOLOR"},"content":{"rendered":"<table width=\"826\">\n<tbody>\n<tr>\n<td width=\"447\">Int\u00e9zet neve:<\/td>\n<td width=\"379\">Or\u00e1lbiol\u00f3giai Tansz\u00e9k<\/td>\n<\/tr>\n<tr>\n<td>Biobank neve:<\/td>\n<td>MOLOR<\/td>\n<\/tr>\n<tr>\n<td>Biobank vezet\u0151je:<\/td>\n<td>Prof., Dr. Varga G\u00e1bor<\/td>\n<\/tr>\n<tr>\n<td>Biobank kapcsolattart\u00f3 neve:<\/td>\n<td>Dr. F\u00f6ldes Anna<\/td>\n<\/tr>\n<tr>\n<td>Biobank kapcsolattart\u00f3 el\u00e9rhet\u0151s\u00e9ge:<\/td>\n<td width=\"379\">foldes.anna@semmelweis.hu<\/td>\n<\/tr>\n<tr>\n<td>Mintagy\u0171jt\u00e9s kezdet\u00e9nek \u00e9ve:<\/td>\n<td>2012<\/td>\n<\/tr>\n<tr>\n<td>Biobank r\u00f6vid bemutat\u00e1sa:<\/td>\n<td>ny\u00e1lkah\u00e1rtya kapar\u00e9k, g\u00e9npolimorfizmus, SNP anal\u00edzis<\/td>\n<\/tr>\n<\/tbody>\n<\/table>\n","protected":false},"excerpt":{"rendered":"<p>Int\u00e9zet neve:<br \/>\nOr\u00e1lbiol\u00f3giai Tansz\u00e9k<\/p>\n<p>Biobank neve:<br \/>\nMOLOR<\/p>\n<p>Biobank vezet\u0151je:<br \/>\nProf., Dr. Varga G\u00e1bor<\/p>\n<p>Biobank kapcsolattart\u00f3 neve:<br \/>\nDr. F\u00f6ldes Anna<\/p>\n<p>Biobank kapcsolattart\u00f3 el\u00e9rhet\u0151s\u00e9ge:<br \/>\nfoldes.anna@semmelweis.hu<\/p>\n<p>Mintagy\u0171jt\u00e9s kezdet\u00e9nek \u00e9ve:<br \/>\n2012<\/p>\n<p>Biobank r\u00f6vid bemutat\u00e1sa:<br \/>\nny\u00e1lkah\u00e1rtya kapar\u00e9k, g\u00e9npolimorfizmus, SNP anal\u00edzis<\/p>\n","protected":false},"author":101779,"featured_media":0,"parent":33,"menu_order":8,"comment_status":"closed","ping_status":"closed","template":"","meta":{"_acf_changed":false,"footnotes":""},"categories":[],"tags":[],"class_list":["post-116","page","type-page","status-publish","hentry"],"acf":[],"_links":{"self":[{"href":"https:\/\/semmelweis.hu\/biobank\/wp-json\/wp\/v2\/pages\/116","targetHints":{"allow":["GET"]}}],"collection":[{"href":"https:\/\/semmelweis.hu\/biobank\/wp-json\/wp\/v2\/pages"}],"about":[{"href":"https:\/\/semmelweis.hu\/biobank\/wp-json\/wp\/v2\/types\/page"}],"author":[{"embeddable":true,"href":"https:\/\/semmelweis.hu\/biobank\/wp-json\/wp\/v2\/users\/101779"}],"replies":[{"embeddable":true,"href":"https:\/\/semmelweis.hu\/biobank\/wp-json\/wp\/v2\/comments?post=116"}],"version-history":[{"count":7,"href":"https:\/\/semmelweis.hu\/biobank\/wp-json\/wp\/v2\/pages\/116\/revisions"}],"predecessor-version":[{"id":256,"href":"https:\/\/semmelweis.hu\/biobank\/wp-json\/wp\/v2\/pages\/116\/revisions\/256"}],"up":[{"embeddable":true,"href":"https:\/\/semmelweis.hu\/biobank\/wp-json\/wp\/v2\/pages\/33"}],"wp:attachment":[{"href":"https:\/\/semmelweis.hu\/biobank\/wp-json\/wp\/v2\/media?parent=116"}],"wp:term":[{"taxonomy":"category","embeddable":true,"href":"https:\/\/semmelweis.hu\/biobank\/wp-json\/wp\/v2\/categories?post=116"},{"taxonomy":"post_tag","embeddable":true,"href":"https:\/\/semmelweis.hu\/biobank\/wp-json\/wp\/v2\/tags?post=116"}],"curies":[{"name":"wp","href":"https:\/\/api.w.org\/{rel}","templated":true}]}}