{"id":115,"date":"2020-11-04T12:06:36","date_gmt":"2020-11-04T11:06:36","guid":{"rendered":"https:\/\/semmelweis.hu\/biobank\/?page_id=115"},"modified":"2025-01-08T12:15:05","modified_gmt":"2025-01-08T11:15:05","slug":"varosmajori-biobank-budakalasz-epidemiologiai-vizsgalat-biobank","status":"publish","type":"page","link":"https:\/\/semmelweis.hu\/biobank\/biobankok\/varosmajori-biobank-budakalasz-epidemiologiai-vizsgalat-biobank\/","title":{"rendered":"V\u00e1rosmajori Biobank &#8211; Budakal\u00e1sz Epidemiol\u00f3giai Vizsg\u00e1lat Biobank"},"content":{"rendered":"<table width=\"916\">\n<tbody>\n<tr>\n<td width=\"447\">Int\u00e9zet neve:<\/td>\n<td width=\"469\">V\u00e1rosmajori Sz\u00edv- \u00e9s \u00c9rgy\u00f3gy\u00e1szati Klinika<\/td>\n<\/tr>\n<tr>\n<td>Biobank neve:<\/td>\n<td>V\u00e1rosmajori Biobank &#8211; Budakal\u00e1sz Epidemiol\u00f3giai Vizsg\u00e1lat Biobank<\/td>\n<\/tr>\n<tr>\n<td>Biobank vezet\u0151je:<\/td>\n<td>Prof., Dr. Merkely B\u00e9la<\/td>\n<\/tr>\n<tr>\n<td>Biobank kapcsolattart\u00f3 neve:<\/td>\n<td>Dr. Bagyura Zsolt Istv\u00e1n<\/td>\n<\/tr>\n<tr>\n<td>Biobank kapcsolattart\u00f3 el\u00e9rhet\u0151s\u00e9ge:<\/td>\n<td>bagyura@zortal.hu<\/td>\n<\/tr>\n<tr>\n<td>Mintagy\u0171jt\u00e9s kezdet\u00e9nek \u00e9ve:<\/td>\n<td>2011<\/td>\n<\/tr>\n<tr>\n<td>Link:<\/td>\n<td><a href=\"http:\/\/vszek.semmelweis.hu\/kutatolaboratoriumaink-hozzaferhetosege\">http:\/\/vszek.semmelweis.hu\/kutatolaboratoriumaink-hozzaferhetosege<\/a><\/td>\n<\/tr>\n<tr>\n<td>Biobank r\u00f6vid bemutat\u00e1sa:<\/td>\n<td width=\"469\">Kardol\u00f3giai f\u00f3kusz\u00fa primer prevenci\u00f3s, sz\u0171rvizsg\u00e1lat jeleg\u0171 mintagy\u0171jtem\u00e9ny, mely egy kb 8000 f\u0151s v\u00e1ros 20 \u00e9v feletti popul\u00e1ci\u00f3j\u00e1nak mintegy 30%-\u00e1t\u00f3l tartalmaz biol\u00f3giai mint\u00e1kat, melyet r\u00e9szetes orvosi vizsg\u00e1lat keret\u00e9ben gy\u0171jt\u00f6ttek. A t\u00e1rolt mint\u00e1k: sz\u00e9rum, plazma, teljes v\u00e9r, DNS.<\/td>\n<\/tr>\n<\/tbody>\n<\/table>\n","protected":false},"excerpt":{"rendered":"<p>Int\u00e9zet neve: V\u00e1rosmajori Sz\u00edv- \u00e9s \u00c9rgy\u00f3gy\u00e1szati Klinika Biobank neve: V\u00e1rosmajori Biobank &#8211; Budakal\u00e1sz Epidemiol\u00f3giai Vizsg\u00e1lat Biobank Biobank vezet\u0151je: Prof., Dr. Merkely B\u00e9la Biobank kapcsolattart\u00f3 neve: Dr. Bagyura Zsolt Istv\u00e1n Biobank kapcsolattart\u00f3 el\u00e9rhet\u0151s\u00e9ge: bagyura@zortal.hu Mintagy\u0171jt\u00e9s kezdet\u00e9nek \u00e9ve: 2011 Link: <a href=\"http:\/\/vszek.semmelweis.hu\/kutatolaboratoriumaink-hozzaferhetosege\">http:\/\/vszek.semmelweis.hu\/kutatolaboratoriumaink-hozzaferhetosege<\/a> Biobank r\u00f6vid bemutat\u00e1sa: Kardol\u00f3giai f\u00f3kusz\u00fa primer prevenci\u00f3s, sz\u0171rvizsg\u00e1lat jeleg\u0171 mintagy\u0171jtem\u00e9ny, mely egy kb 8000 f\u0151s v\u00e1ros 20 &hellip;<\/p>\n","protected":false},"author":101779,"featured_media":0,"parent":33,"menu_order":12,"comment_status":"closed","ping_status":"closed","template":"","meta":{"_acf_changed":false,"footnotes":""},"categories":[],"tags":[],"class_list":["post-115","page","type-page","status-publish","hentry"],"acf":[],"_links":{"self":[{"href":"https:\/\/semmelweis.hu\/biobank\/wp-json\/wp\/v2\/pages\/115","targetHints":{"allow":["GET"]}}],"collection":[{"href":"https:\/\/semmelweis.hu\/biobank\/wp-json\/wp\/v2\/pages"}],"about":[{"href":"https:\/\/semmelweis.hu\/biobank\/wp-json\/wp\/v2\/types\/page"}],"author":[{"embeddable":true,"href":"https:\/\/semmelweis.hu\/biobank\/wp-json\/wp\/v2\/users\/101779"}],"replies":[{"embeddable":true,"href":"https:\/\/semmelweis.hu\/biobank\/wp-json\/wp\/v2\/comments?post=115"}],"version-history":[{"count":6,"href":"https:\/\/semmelweis.hu\/biobank\/wp-json\/wp\/v2\/pages\/115\/revisions"}],"predecessor-version":[{"id":263,"href":"https:\/\/semmelweis.hu\/biobank\/wp-json\/wp\/v2\/pages\/115\/revisions\/263"}],"up":[{"embeddable":true,"href":"https:\/\/semmelweis.hu\/biobank\/wp-json\/wp\/v2\/pages\/33"}],"wp:attachment":[{"href":"https:\/\/semmelweis.hu\/biobank\/wp-json\/wp\/v2\/media?parent=115"}],"wp:term":[{"taxonomy":"category","embeddable":true,"href":"https:\/\/semmelweis.hu\/biobank\/wp-json\/wp\/v2\/categories?post=115"},{"taxonomy":"post_tag","embeddable":true,"href":"https:\/\/semmelweis.hu\/biobank\/wp-json\/wp\/v2\/tags?post=115"}],"curies":[{"name":"wp","href":"https:\/\/api.w.org\/{rel}","templated":true}]}}