{"id":113,"date":"2020-11-04T12:06:36","date_gmt":"2020-11-04T11:06:36","guid":{"rendered":"https:\/\/semmelweis.hu\/biobank\/?page_id=113"},"modified":"2025-01-08T12:18:04","modified_gmt":"2025-01-08T11:18:04","slug":"varosmajori-biobank-transzplantacios-biobank","status":"publish","type":"page","link":"https:\/\/semmelweis.hu\/biobank\/biobankok\/varosmajori-biobank-transzplantacios-biobank\/","title":{"rendered":"V\u00e1rosmajori Biobank &#8211; Transzplant\u00e1ci\u00f3s Biobank"},"content":{"rendered":"<table width=\"916\">\n<tbody>\n<tr>\n<td width=\"447\">Int\u00e9zet neve:<\/td>\n<td width=\"469\">V\u00e1rosmajori Sz\u00edv- \u00e9s \u00c9rgy\u00f3gy\u00e1szati Klinika<\/td>\n<\/tr>\n<tr>\n<td>Biobank neve:<\/td>\n<td>V\u00e1rosmajori Biobank &#8211; Transzplant\u00e1ci\u00f3s Biobank<\/td>\n<\/tr>\n<tr>\n<td>Biobank vezet\u0151je:<\/td>\n<td>Prof. Dr. Merkely B\u00e9la<\/td>\n<\/tr>\n<tr>\n<td>Biobank kapcsolattart\u00f3 neve:<\/td>\n<td>Dr. Radovits Tam\u00e1s<\/td>\n<\/tr>\n<tr>\n<td>Biobank kapcsolattart\u00f3 el\u00e9rhet\u0151s\u00e9ge:<\/td>\n<td>radovits.tamas@semmelweis.hu<\/td>\n<\/tr>\n<tr>\n<td>Mintagy\u0171jt\u00e9s kezdet\u00e9nek \u00e9ve:<\/td>\n<td>2013<\/td>\n<\/tr>\n<tr>\n<td>Link:<\/td>\n<td><a href=\"http:\/\/vszek.semmelweis.hu\/kutatolaboratoriumaink-hozzaferhetosege\">http:\/\/vszek.semmelweis.hu\/kutatolaboratoriumaink-hozzaferhetosege<\/a><\/td>\n<\/tr>\n<tr>\n<td>Biobank r\u00f6vid bemutat\u00e1sa:<\/td>\n<td width=\"469\">V\u00e9gst\u00e1dium\u00fa sz\u00edvel\u00e9gtelen, sz\u00edv\u00e1t\u00fcltet\u00e9sen \u00e1tes\u0151 betegek mint\u00e1i: <br \/>Sz\u00edvizomsz\u00f6vet (\u00e9s bel\u0151le izol\u00e1lt RNS, \u00e1t\u00edrt cDNS)<br \/>Koszor\u00fa\u00e9r-szegmens<br \/>Sz\u00edvbillenty\u0171<br \/>Perikardi\u00e1lis folyad\u00e9k fel\u00fcl\u00fasz\u00f3<br \/>Perikardi\u00e1lis folyad\u00e9k sejt\u00fcled\u00e9k<br \/>V\u00e9rsz\u00e9rum<br \/>Kardiomiocita sejtszuszpenzi\u00f3<br \/>Endot\u00e9lsejt-szuszpenzi\u00f3<br \/>Aortafal<\/td>\n<\/tr>\n<\/tbody>\n<\/table>\n","protected":false},"excerpt":{"rendered":"<p>Int\u00e9zet neve: V\u00e1rosmajori Sz\u00edv- \u00e9s \u00c9rgy\u00f3gy\u00e1szati Klinika Biobank neve: V\u00e1rosmajori Biobank &#8211; Transzplant\u00e1ci\u00f3s Biobank Biobank vezet\u0151je: Prof. Dr. Merkely B\u00e9la Biobank kapcsolattart\u00f3 neve: Dr. Radovits Tam\u00e1s Biobank kapcsolattart\u00f3 el\u00e9rhet\u0151s\u00e9ge: radovits.tamas@semmelweis.hu Mintagy\u0171jt\u00e9s kezdet\u00e9nek \u00e9ve: 2013 Link: <a href=\"http:\/\/vszek.semmelweis.hu\/kutatolaboratoriumaink-hozzaferhetosege\">http:\/\/vszek.semmelweis.hu\/kutatolaboratoriumaink-hozzaferhetosege<\/a> Biobank r\u00f6vid bemutat\u00e1sa: V\u00e9gst\u00e1dium\u00fa sz\u00edvel\u00e9gtelen, sz\u00edv\u00e1t\u00fcltet\u00e9sen \u00e1tes\u0151 betegek mint\u00e1i: Sz\u00edvizomsz\u00f6vet (\u00e9s bel\u0151le izol\u00e1lt RNS, \u00e1t\u00edrt cDNS)Koszor\u00fa\u00e9r-szegmensSz\u00edvbillenty\u0171Perikardi\u00e1lis folyad\u00e9k fel\u00fcl\u00fasz\u00f3Perikardi\u00e1lis folyad\u00e9k sejt\u00fcled\u00e9kV\u00e9rsz\u00e9rumKardiomiocita &hellip;<\/p>\n","protected":false},"author":101779,"featured_media":0,"parent":33,"menu_order":13,"comment_status":"closed","ping_status":"closed","template":"","meta":{"_acf_changed":false,"footnotes":""},"categories":[],"tags":[],"class_list":["post-113","page","type-page","status-publish","hentry"],"acf":[],"_links":{"self":[{"href":"https:\/\/semmelweis.hu\/biobank\/wp-json\/wp\/v2\/pages\/113","targetHints":{"allow":["GET"]}}],"collection":[{"href":"https:\/\/semmelweis.hu\/biobank\/wp-json\/wp\/v2\/pages"}],"about":[{"href":"https:\/\/semmelweis.hu\/biobank\/wp-json\/wp\/v2\/types\/page"}],"author":[{"embeddable":true,"href":"https:\/\/semmelweis.hu\/biobank\/wp-json\/wp\/v2\/users\/101779"}],"replies":[{"embeddable":true,"href":"https:\/\/semmelweis.hu\/biobank\/wp-json\/wp\/v2\/comments?post=113"}],"version-history":[{"count":6,"href":"https:\/\/semmelweis.hu\/biobank\/wp-json\/wp\/v2\/pages\/113\/revisions"}],"predecessor-version":[{"id":265,"href":"https:\/\/semmelweis.hu\/biobank\/wp-json\/wp\/v2\/pages\/113\/revisions\/265"}],"up":[{"embeddable":true,"href":"https:\/\/semmelweis.hu\/biobank\/wp-json\/wp\/v2\/pages\/33"}],"wp:attachment":[{"href":"https:\/\/semmelweis.hu\/biobank\/wp-json\/wp\/v2\/media?parent=113"}],"wp:term":[{"taxonomy":"category","embeddable":true,"href":"https:\/\/semmelweis.hu\/biobank\/wp-json\/wp\/v2\/categories?post=113"},{"taxonomy":"post_tag","embeddable":true,"href":"https:\/\/semmelweis.hu\/biobank\/wp-json\/wp\/v2\/tags?post=113"}],"curies":[{"name":"wp","href":"https:\/\/api.w.org\/{rel}","templated":true}]}}