{"id":9172,"date":"2022-04-29T09:58:58","date_gmt":"2022-04-29T07:58:58","guid":{"rendered":"https:\/\/semmelweis.hu\/beszerzes\/?page_id=9172"},"modified":"2023-07-18T12:05:22","modified_gmt":"2023-07-18T10:05:22","slug":"intezkedesi-tervek","status":"publish","type":"page","link":"https:\/\/semmelweis.hu\/beszerzes\/rolunk\/intezkedesi-tervek\/","title":{"rendered":"Int\u00e9zked\u00e9si tervek"},"content":{"rendered":"<p><em>Az egyaj\u00e1nlatos k\u00f6zbeszerz\u00e9sek sz\u00e1m\u00e1nak cs\u00f6kkent\u00e9s\u00e9t szolg\u00e1l\u00f3 int\u00e9zked\u00e9si tervek. A dokumentum a linkre kattintva el\u00e9rhet\u0151.<\/em><\/p>\n<p><a href=\"https:\/\/semmelweis.hu\/beszerzes\/files\/2023\/07\/Az-egyajanlatos-kozbeszerzesek-csokkenteset-szolgalo-intezkedesi-terv_2023.pdf\">Az egyaj\u00e1nlatos k\u00f6zbeszerz\u00e9sek cs\u00f6kkent\u00e9s\u00e9t szolg\u00e1l\u00f3 int\u00e9zked\u00e9si terv_2023<\/a><\/p>\n","protected":false},"excerpt":{"rendered":"<p>Az egyaj\u00e1nlatos k\u00f6zbeszerz\u00e9sek sz\u00e1m\u00e1nak cs\u00f6kkent\u00e9s\u00e9t szolg\u00e1l\u00f3 int\u00e9zked\u00e9si tervek. A dokumentum a linkre kattintva el\u00e9rhet\u0151.<br \/>\n<a href=\"https:\/\/semmelweis.hu\/beszerzes\/files\/2023\/07\/Az-egyajanlatos-kozbeszerzesek-csokkenteset-szolgalo-intezkedesi-terv_2023.pdf\">Az egyaj\u00e1nlatos k\u00f6zbeszerz\u00e9sek cs\u00f6kkent\u00e9s\u00e9t szolg\u00e1l\u00f3 int\u00e9zked\u00e9si terv_2023<\/a><\/p>\n","protected":false},"author":101247,"featured_media":0,"parent":6,"menu_order":5,"comment_status":"closed","ping_status":"closed","template":"","meta":{"_acf_changed":false,"footnotes":""},"categories":[],"tags":[],"class_list":["post-9172","page","type-page","status-publish","hentry"],"acf":[],"_links":{"self":[{"href":"https:\/\/semmelweis.hu\/beszerzes\/wp-json\/wp\/v2\/pages\/9172","targetHints":{"allow":["GET"]}}],"collection":[{"href":"https:\/\/semmelweis.hu\/beszerzes\/wp-json\/wp\/v2\/pages"}],"about":[{"href":"https:\/\/semmelweis.hu\/beszerzes\/wp-json\/wp\/v2\/types\/page"}],"author":[{"embeddable":true,"href":"https:\/\/semmelweis.hu\/beszerzes\/wp-json\/wp\/v2\/users\/101247"}],"replies":[{"embeddable":true,"href":"https:\/\/semmelweis.hu\/beszerzes\/wp-json\/wp\/v2\/comments?post=9172"}],"version-history":[{"count":6,"href":"https:\/\/semmelweis.hu\/beszerzes\/wp-json\/wp\/v2\/pages\/9172\/revisions"}],"predecessor-version":[{"id":10539,"href":"https:\/\/semmelweis.hu\/beszerzes\/wp-json\/wp\/v2\/pages\/9172\/revisions\/10539"}],"up":[{"embeddable":true,"href":"https:\/\/semmelweis.hu\/beszerzes\/wp-json\/wp\/v2\/pages\/6"}],"wp:attachment":[{"href":"https:\/\/semmelweis.hu\/beszerzes\/wp-json\/wp\/v2\/media?parent=9172"}],"wp:term":[{"taxonomy":"category","embeddable":true,"href":"https:\/\/semmelweis.hu\/beszerzes\/wp-json\/wp\/v2\/categories?post=9172"},{"taxonomy":"post_tag","embeddable":true,"href":"https:\/\/semmelweis.hu\/beszerzes\/wp-json\/wp\/v2\/tags?post=9172"}],"curies":[{"name":"wp","href":"https:\/\/api.w.org\/{rel}","templated":true}]}}