{"id":7418,"date":"2020-10-01T08:34:00","date_gmt":"2020-10-01T06:34:00","guid":{"rendered":"https:\/\/semmelweis.hu\/beszerzes\/?page_id=7418"},"modified":"2022-04-29T12:55:34","modified_gmt":"2022-04-29T10:55:34","slug":"akb","status":"publish","type":"page","link":"https:\/\/semmelweis.hu\/beszerzes\/akb\/","title":{"rendered":"\u00c1KB"},"content":{"rendered":"<p><em>Az \u00c1lland\u00f3 K\u00f6zbeszerz\u00e9si Bizotts\u00e1g (\u00c1KB) a Semmelweis Egyetem k\u00f6zbeszerz\u00e9sek megind\u00edt\u00e1s\u00e1val kapcsolatos d\u00f6nt\u00e9shozatali f\u00f3ruma. Az \u00c1KB szervezeti \u00fcgyrendje az al\u00e1bbi linkre kattintva \u00e9rhet\u0151 el:<\/em><\/p>\n<p><a href=\"https:\/\/semmelweis.hu\/beszerzes\/files\/2020\/10\/\u00c1KB-szervezeti-\u00fcgyrend.pdf\">\u00c1KB szervezeti \u00fcgyrend<\/a><\/p>\n<p>&nbsp;<\/p>\n","protected":false},"excerpt":{"rendered":"<p>Az \u00c1lland\u00f3 K\u00f6zbeszerz\u00e9si Bizotts\u00e1g (\u00c1KB) a Semmelweis Egyetem k\u00f6zbeszerz\u00e9sek megind\u00edt\u00e1s\u00e1val kapcsolatos d\u00f6nt\u00e9shozatali f\u00f3ruma. Az \u00c1KB szervezeti \u00fcgyrendje az al\u00e1bbi linkre kattintva \u00e9rhet\u0151 el:<br \/>\n<a href=\"https:\/\/semmelweis.hu\/beszerzes\/files\/2020\/10\/\u00c1KB-szervezeti-\u00fcgyrend.pdf\">\u00c1KB szervezeti \u00fcgyrend<\/a><br \/>\n&nbsp;<\/p>\n","protected":false},"author":101247,"featured_media":0,"parent":0,"menu_order":3,"comment_status":"closed","ping_status":"closed","template":"","meta":{"_acf_changed":false,"footnotes":""},"categories":[],"tags":[],"class_list":["post-7418","page","type-page","status-publish","hentry"],"acf":[],"_links":{"self":[{"href":"https:\/\/semmelweis.hu\/beszerzes\/wp-json\/wp\/v2\/pages\/7418","targetHints":{"allow":["GET"]}}],"collection":[{"href":"https:\/\/semmelweis.hu\/beszerzes\/wp-json\/wp\/v2\/pages"}],"about":[{"href":"https:\/\/semmelweis.hu\/beszerzes\/wp-json\/wp\/v2\/types\/page"}],"author":[{"embeddable":true,"href":"https:\/\/semmelweis.hu\/beszerzes\/wp-json\/wp\/v2\/users\/101247"}],"replies":[{"embeddable":true,"href":"https:\/\/semmelweis.hu\/beszerzes\/wp-json\/wp\/v2\/comments?post=7418"}],"version-history":[{"count":10,"href":"https:\/\/semmelweis.hu\/beszerzes\/wp-json\/wp\/v2\/pages\/7418\/revisions"}],"predecessor-version":[{"id":9179,"href":"https:\/\/semmelweis.hu\/beszerzes\/wp-json\/wp\/v2\/pages\/7418\/revisions\/9179"}],"wp:attachment":[{"href":"https:\/\/semmelweis.hu\/beszerzes\/wp-json\/wp\/v2\/media?parent=7418"}],"wp:term":[{"taxonomy":"category","embeddable":true,"href":"https:\/\/semmelweis.hu\/beszerzes\/wp-json\/wp\/v2\/categories?post=7418"},{"taxonomy":"post_tag","embeddable":true,"href":"https:\/\/semmelweis.hu\/beszerzes\/wp-json\/wp\/v2\/tags?post=7418"}],"curies":[{"name":"wp","href":"https:\/\/api.w.org\/{rel}","templated":true}]}}