{"id":6,"date":"2012-01-25T19:22:12","date_gmt":"2012-01-25T18:22:12","guid":{"rendered":"http:\/\/semmelweis-egyetem.hu\/szuleszet1\/?page_id=6"},"modified":"2024-08-21T08:18:19","modified_gmt":"2024-08-21T06:18:19","slug":"rolunk","status":"publish","type":"page","link":"https:\/\/semmelweis.hu\/beszerzes\/rolunk\/","title":{"rendered":"R\u00f3lunk"},"content":{"rendered":"<p>A <strong>Beszerz\u00e9si Igazgat\u00f3s\u00e1g <\/strong>a Semmelweis Egyetem Szen\u00e1tus\u00e1nak 70\/2013. (V.30.) sz\u00e1m\u00fa hat\u00e1rozat\u00e1val 2013. j\u00falius 1. napj\u00e1val j\u00f6tt l\u00e9tre \u00e9s vette \u00e1t a Semmelweis Egyetem minden ter\u00fclet\u00e9re kiterjed\u0151 beszerz\u00e9si folyamat megval\u00f3s\u00edt\u00e1s\u00e1t, illetve ellen\u0151rz\u00e9s\u00e9t.<\/p>\n<p>A <strong>Beszerz\u00e9si Igazgat\u00f3s\u00e1g c\u00e9lja<\/strong> az Egyetem beszerz\u00e9si ig\u00e9nyeinek k\u00f6zpontos\u00edtott m\u00f3don t\u00f6rt\u00e9n\u0151, szakszer\u0171, k\u00f6lts\u00e9ghat\u00e9kony \u00e9s a hat\u00e1lyos jogszab\u00e1lyoknak megfelel\u0151 kiel\u00e9g\u00edt\u00e9se a m\u0171k\u00f6d\u0151k\u00e9pess\u00e9g biztos\u00edt\u00e1sa \u00e9rdek\u00e9ben. Az Igazgat\u00f3s\u00e1g alapvet\u0151 feladatai a k\u00f6vetkez\u0151k:<\/p>\n<ol>\n<li>Beszerz\u00e9smin\u0151s\u00edt\u00e9s,<\/li>\n<li>K\u00f6zbeszerz\u00e9sek \u00e9s egyszer\u0171 beszerz\u00e9sek k\u00f6zponti lefolytat\u00e1sa,<\/li>\n<li>(K\u00f6z)beszerz\u00e9si elj\u00e1r\u00e1sokhoz tartoz\u00f3 szerz\u0151d\u00e9sek elk\u00e9sz\u00edt\u00e9se,<\/li>\n<li>Beszerz\u00e9stervez\u00e9s,<\/li>\n<li>Beszerz\u00e9si Igazgat\u00f3s\u00e1g \u00e1ltal lefolytatott (k\u00f6z)beszerz\u00e9si elj\u00e1r\u00e1sok eredm\u00e9nyek\u00e9ppen megk\u00f6t\u00f6tt szerz\u0151d\u00e9sek SAP rendszerben val\u00f3 r\u00f6gz\u00edt\u00e9se \u00e9s nyilv\u00e1ntart\u00e1sa.<\/li>\n<\/ol>\n<p class=\"x_MsoListParagraph\">A<b>\u00a0Beszerz\u00e9smin\u0151s\u00edt\u00e9si \u00e9s -tervez\u00e9si oszt\u00e1ly<\/b>\u00a0v\u00e9gzi a Semmelweis Egyetem Beszerz\u00e9si Szab\u00e1lyzata \u00e1ltal a Beszerz\u00e9si Igazgat\u00f3s\u00e1g tev\u00e9kenys\u00e9gi k\u00f6r\u00e9be utalt (k\u00f6z)beszerz\u00e9s tervez\u00e9ssel, beszerz\u00e9s-min\u0151s\u00edt\u00e9ssel, (k\u00f6z)beszerz\u00e9si elj\u00e1r\u00e1s eredm\u00e9nyek\u00e9nt k\u00f6t\u00f6tt szerz\u0151d\u00e9sek monitoringj\u00e1val \u00e9s szerz\u0151d\u00e9s-nyilv\u00e1ntart\u00e1ssal kapcsolatos feladatokat.<\/p>\n<p class=\"x_MsoListParagraph\">A<b>\u00a0K\u00f6zbeszerz\u00e9si oszt\u00e1ly\u00a0<\/b>a k\u00f6zbeszerz\u00e9si elj\u00e1r\u00e1sokat folytatja le.<\/p>\n<p>A <strong>Beszerz\u00e9si Oszt\u00e1ly<\/strong> lefolytatja \u00e9s dokument\u00e1lja a k\u00f6zpontos\u00edtott k\u00f6zbeszerz\u00e9s hat\u00e1lya al\u00e1 tartoz\u00f3 \u00e9s az egyszer\u0171 beszerz\u00e9si elj\u00e1r\u00e1sokat.<\/p>\n<p>A <strong>Beszerz\u00e9si Szerz\u0151d\u00e9s-el\u0151k\u00e9sz\u00edt\u0151 Oszt\u00e1ly<\/strong> feladata a (k\u00f6z)beszerz\u00e9si elj\u00e1r\u00e1sokhoz tartoz\u00f3 szerz\u0151d\u00e9sek elk\u00e9sz\u00edt\u00e9se, illetve a k\u00f6zbeszerz\u00e9shez kapcsol\u00f3d\u00f3 jogorvoslati elj\u00e1r\u00e1sokban az Egyetem k\u00e9pviselet\u00e9nek biztos\u00edt\u00e1sa. \u00a0<\/p>\n","protected":false},"excerpt":{"rendered":"<p>A Beszerz\u00e9si Igazgat\u00f3s\u00e1g c\u00e9lja az Egyetem beszerz\u00e9si ig\u00e9nyeinek k\u00f6zpontos\u00edtott m\u00f3don t\u00f6rt\u00e9n\u0151, szakszer\u0171, k\u00f6lts\u00e9ghat\u00e9kony \u00e9s a hat\u00e1lyos jogszab\u00e1lyoknak megfelel\u0151 kiel\u00e9g\u00edt\u00e9se a m\u0171k\u00f6d\u0151k\u00e9pess\u00e9g biztos\u00edt\u00e1sa \u00e9rdek\u00e9ben. <\/p>\n","protected":false},"author":353,"featured_media":8829,"parent":0,"menu_order":1,"comment_status":"closed","ping_status":"closed","template":"","meta":{"_acf_changed":false,"footnotes":""},"categories":[],"tags":[],"class_list":["post-6","page","type-page","status-publish","has-post-thumbnail","hentry"],"acf":[],"_links":{"self":[{"href":"https:\/\/semmelweis.hu\/beszerzes\/wp-json\/wp\/v2\/pages\/6","targetHints":{"allow":["GET"]}}],"collection":[{"href":"https:\/\/semmelweis.hu\/beszerzes\/wp-json\/wp\/v2\/pages"}],"about":[{"href":"https:\/\/semmelweis.hu\/beszerzes\/wp-json\/wp\/v2\/types\/page"}],"author":[{"embeddable":true,"href":"https:\/\/semmelweis.hu\/beszerzes\/wp-json\/wp\/v2\/users\/353"}],"replies":[{"embeddable":true,"href":"https:\/\/semmelweis.hu\/beszerzes\/wp-json\/wp\/v2\/comments?post=6"}],"version-history":[{"count":11,"href":"https:\/\/semmelweis.hu\/beszerzes\/wp-json\/wp\/v2\/pages\/6\/revisions"}],"predecessor-version":[{"id":11779,"href":"https:\/\/semmelweis.hu\/beszerzes\/wp-json\/wp\/v2\/pages\/6\/revisions\/11779"}],"wp:featuredmedia":[{"embeddable":true,"href":"https:\/\/semmelweis.hu\/beszerzes\/wp-json\/wp\/v2\/media\/8829"}],"wp:attachment":[{"href":"https:\/\/semmelweis.hu\/beszerzes\/wp-json\/wp\/v2\/media?parent=6"}],"wp:term":[{"taxonomy":"category","embeddable":true,"href":"https:\/\/semmelweis.hu\/beszerzes\/wp-json\/wp\/v2\/categories?post=6"},{"taxonomy":"post_tag","embeddable":true,"href":"https:\/\/semmelweis.hu\/beszerzes\/wp-json\/wp\/v2\/tags?post=6"}],"curies":[{"name":"wp","href":"https:\/\/api.w.org\/{rel}","templated":true}]}}