{"id":2568,"date":"2017-07-31T10:32:28","date_gmt":"2017-07-31T08:32:28","guid":{"rendered":"http:\/\/semmelweis.hu\/beszerzes\/?page_id=2568"},"modified":"2018-03-26T14:25:18","modified_gmt":"2018-03-26T12:25:18","slug":"teljesites-igazolas-minta","status":"publish","type":"page","link":"https:\/\/semmelweis.hu\/beszerzes\/kozbeszerzes\/kulon-szabalyozott-kozbeszerzesek\/teljesites-igazolas-minta\/","title":{"rendered":"Teljes\u00edt\u00e9sigazol\u00e1s minta"},"content":{"rendered":"<p><span style=\"text-decoration: underline\">Teljes\u00edt\u00e9sigazol\u00e1s minta:<\/span><\/p>\n<p><a href=\"https:\/\/semmelweis.hu\/beszerzes\/files\/2017\/07\/Teljes\u00edt\u00e9sigazol\u00e1s_minta.docx\">Teljes\u00edt\u00e9sigazol\u00e1s_minta<\/a><\/p>\n","protected":false},"excerpt":{"rendered":"<p>Teljes\u00edt\u00e9sigazol\u00e1s minta:<br \/>\n<a href=\"https:\/\/semmelweis.hu\/beszerzes\/files\/2017\/07\/Teljes\u00edt\u00e9sigazol\u00e1s_minta.docx\">Teljes\u00edt\u00e9sigazol\u00e1s_minta<\/a><\/p>\n","protected":false},"author":101112,"featured_media":0,"parent":964,"menu_order":5,"comment_status":"closed","ping_status":"closed","template":"","meta":{"_acf_changed":false,"footnotes":""},"categories":[],"tags":[],"class_list":["post-2568","page","type-page","status-publish","hentry"],"acf":[],"_links":{"self":[{"href":"https:\/\/semmelweis.hu\/beszerzes\/wp-json\/wp\/v2\/pages\/2568","targetHints":{"allow":["GET"]}}],"collection":[{"href":"https:\/\/semmelweis.hu\/beszerzes\/wp-json\/wp\/v2\/pages"}],"about":[{"href":"https:\/\/semmelweis.hu\/beszerzes\/wp-json\/wp\/v2\/types\/page"}],"author":[{"embeddable":true,"href":"https:\/\/semmelweis.hu\/beszerzes\/wp-json\/wp\/v2\/users\/101112"}],"replies":[{"embeddable":true,"href":"https:\/\/semmelweis.hu\/beszerzes\/wp-json\/wp\/v2\/comments?post=2568"}],"version-history":[{"count":7,"href":"https:\/\/semmelweis.hu\/beszerzes\/wp-json\/wp\/v2\/pages\/2568\/revisions"}],"predecessor-version":[{"id":2578,"href":"https:\/\/semmelweis.hu\/beszerzes\/wp-json\/wp\/v2\/pages\/2568\/revisions\/2578"}],"up":[{"embeddable":true,"href":"https:\/\/semmelweis.hu\/beszerzes\/wp-json\/wp\/v2\/pages\/964"}],"wp:attachment":[{"href":"https:\/\/semmelweis.hu\/beszerzes\/wp-json\/wp\/v2\/media?parent=2568"}],"wp:term":[{"taxonomy":"category","embeddable":true,"href":"https:\/\/semmelweis.hu\/beszerzes\/wp-json\/wp\/v2\/categories?post=2568"},{"taxonomy":"post_tag","embeddable":true,"href":"https:\/\/semmelweis.hu\/beszerzes\/wp-json\/wp\/v2\/tags?post=2568"}],"curies":[{"name":"wp","href":"https:\/\/api.w.org\/{rel}","templated":true}]}}